{"id":56066,"date":"2025-10-27T08:59:28","date_gmt":"2025-10-27T08:59:28","guid":{"rendered":"https:\/\/skinstudio.ee\/?post_type=product&#038;p=56066"},"modified":"2025-12-18T13:31:27","modified_gmt":"2025-12-18T13:31:27","slug":"heliocare-360o-mineral-tolerance-fluid-spf50","status":"publish","type":"product","link":"https:\/\/skinstudio.ee\/lt\/catalog\/cantabria-labs\/heliocare-360o-mineral-tolerance-fluid-spf50\/","title":{"rendered":"HelioCare 360\u00ba Mineral Tolerance Fluid SPF50"},"content":{"rendered":"<p data-start=\"1916\" data-end=\"2055\">Fotoimunin\u0117 apsauga su auk\u0161tu apsaugos lygiu ir i\u0161skirtine 100% mineraline formule, sukurta specialiai jautriai ir netoleruojan\u010diai odai.<\/p>\n<p data-start=\"2057\" data-end=\"2576\">Fluidas suteikia visapusi\u0161k\u0105 apsaug\u0105 nuo viso saul\u0117s spinduli\u0173 spektro \u2013 <strong data-start=\"2130\" data-end=\"2176\">UVA, UVB, matomos ir infraraudonos \u0161viesos<\/strong>, pad\u0117damas i\u0161vengti fotosen\u0117jimo, DNR pa\u017eeidim\u0173 ir odos u\u017edegimini\u0173 reakcij\u0173.<br data-start=\"2254\" data-end=\"2257\" \/>Patentuotas <strong data-start=\"2269\" data-end=\"2286\">Fernblock\u00ae FC<\/strong> kompleksas, sukurtas Cantabria Labs kartu su Harvardo medicinos mokykla, sujungia nat\u016bralius antioksidantus (polifenolius, flavonoidus, ferulo, kofeino ir cinamono r\u016bg\u0161tis) bei monosacharidus, kurie u\u017etikrina keturi\u0173 lygi\u0173 odos apsaug\u0105: antioksidacin\u0119, imunin\u0119, l\u0105stelin\u0119 ir strukt\u016brin\u0119.<\/p>\n<p data-start=\"2578\" data-end=\"3148\"><strong data-start=\"2578\" data-end=\"2626\">HELIOCARE 360\u00ba Mineral Tolerance Fluid SPF50<\/strong> ma\u017eina laisv\u0173j\u0173 radikal\u0173 susidarym\u0105, apsaugo Langerhanso l\u0105steles ir fibroblastus nuo pa\u017eeidim\u0173, neleid\u017eia atsirasti l\u0105steli\u0173 mutacijoms ir padeda i\u0161laikyti odos elastingum\u0105.<br data-start=\"2801\" data-end=\"2804\" \/>Ferulo r\u016bg\u0161tis efektyviai neutralizuoja laisvuosius radikalus ir ma\u017eina fotopa\u017eeidimus, o kofeino r\u016bg\u0161tis ir tokoferolis (vitaminas E) gerina odos tonus\u0105, skatina kolageno sintez\u0119 ir ma\u017eina rauk\u0161li\u0173 gyl\u012f.<br data-start=\"3008\" data-end=\"3011\" \/>Lengvos, \u0161ilkin\u0117s tekst\u016bros fluidas greitai susigeria, nepalieka balto atspalvio ir tinka net jautriausiai odai bei vaikams nuo 3 met\u0173.<\/p>\n<p data-start=\"3150\" data-end=\"3168\"><strong data-start=\"3150\" data-end=\"3166\">T\u016bris: 50 ml<\/strong><\/p>\n","protected":false},"excerpt":{"rendered":"<p data-start=\"3340\" data-end=\"3395\">Lengvas mineralinis fluidas kasdienei fotoprotekcijai<\/p>\n<h2 data-start=\"3397\" data-end=\"3733\"><strong data-start=\"3397\" data-end=\"3470\">Cantabria Labs &#8211; HELIOCARE 360\u00ba Mineral Tolerance Fluid SPF50 savyb\u0117s<\/strong><\/h2>\n<p data-start=\"3397\" data-end=\"3733\" data-is-last-node=\"\" data-is-only-node=\"\">\u2714\ufe0f Apsaugo nuo viso saul\u0117s spinduliuot\u0117s spektro (UVA, UVB, IR, VIS)<br data-start=\"3541\" data-end=\"3544\" \/>\u2714\ufe0f Stiprina odos barjer\u0105 ir ma\u017eina jautrum\u0105<br data-start=\"3587\" data-end=\"3590\" \/>\u2714\ufe0f Padeda i\u0161vengti fotosen\u0117jimo ir DNR pa\u017eeidim\u0173<br data-start=\"3638\" data-end=\"3641\" \/>\u2714\ufe0f Suteikia stipri\u0105 antioksidacin\u0119 apsaug\u0105<br data-start=\"3683\" data-end=\"3686\" \/>\u2714\ufe0f Lengvos tekst\u016bros, nepalieka balto atspalvio<\/p>\n","protected":false},"featured_media":56058,"template":"","meta":[],"pwb-brand":[1202],"product_brand":[],"product_cat":[732],"product_tag":[],"giftcard-category":[],"class_list":{"0":"post-56066","1":"product","2":"type-product","3":"status-publish","4":"has-post-thumbnail","6":"pwb-brand-cantabria-labs","7":"product_cat-spf-apsauga","9":"first","10":"instock","11":"taxable","12":"shipping-taxable","13":"purchasable","14":"product-type-simple"},"acf":[],"brands":[{"id":1202,"name":"Cantabria Labs","slug":"cantabria-labs"}],"_links":{"self":[{"href":"https:\/\/skinstudio.ee\/lt\/wp-json\/wp\/v2\/product\/56066","targetHints":{"allow":["GET"]}}],"collection":[{"href":"https:\/\/skinstudio.ee\/lt\/wp-json\/wp\/v2\/product"}],"about":[{"href":"https:\/\/skinstudio.ee\/lt\/wp-json\/wp\/v2\/types\/product"}],"version-history":[{"count":0,"href":"https:\/\/skinstudio.ee\/lt\/wp-json\/wp\/v2\/product\/56066\/revisions"}],"wp:featuredmedia":[{"embeddable":true,"href":"https:\/\/skinstudio.ee\/lt\/wp-json\/wp\/v2\/media\/56058"}],"wp:attachment":[{"href":"https:\/\/skinstudio.ee\/lt\/wp-json\/wp\/v2\/media?parent=56066"}],"wp:term":[{"taxonomy":"pwb-brand","embeddable":true,"href":"https:\/\/skinstudio.ee\/lt\/wp-json\/wp\/v2\/pwb-brand?post=56066"},{"taxonomy":"product_brand","embeddable":true,"href":"https:\/\/skinstudio.ee\/lt\/wp-json\/wp\/v2\/product_brand?post=56066"},{"taxonomy":"product_cat","embeddable":true,"href":"https:\/\/skinstudio.ee\/lt\/wp-json\/wp\/v2\/product_cat?post=56066"},{"taxonomy":"product_tag","embeddable":true,"href":"https:\/\/skinstudio.ee\/lt\/wp-json\/wp\/v2\/product_tag?post=56066"},{"taxonomy":"giftcard-category","embeddable":true,"href":"https:\/\/skinstudio.ee\/lt\/wp-json\/wp\/v2\/giftcard-category?post=56066"}],"curies":[{"name":"wp","href":"https:\/\/api.w.org\/{rel}","templated":true}]}}