{"id":56083,"date":"2025-10-27T09:26:11","date_gmt":"2025-10-27T09:26:11","guid":{"rendered":"https:\/\/skinstudio.ee\/?post_type=product&#038;p=56083"},"modified":"2025-12-18T13:31:27","modified_gmt":"2025-12-18T13:31:27","slug":"heliocare-360o-mineral-fluid-spf50","status":"publish","type":"product","link":"https:\/\/skinstudio.ee\/lt\/catalog\/cantabria-labs\/heliocare-360o-mineral-fluid-spf50\/","title":{"rendered":"Heliocare 360\u00ba Mineral Fluid SPF50"},"content":{"rendered":"<p data-start=\"1245\" data-end=\"1845\">\u0160velnus saul\u0117s apsaugos fluidas su auk\u0161tu apsaugos lygiu, sukurtas specialiai jautriai odai.<br data-start=\"1337\" data-end=\"1340\" \/>Lengva, hipoalergin\u0117 formul\u0117 su 100% mineraliniais filtrais suteikia patikim\u0105 apsaug\u0105 nuo UVA, UVB, infraraudon\u0173j\u0173 ir matomos \u0161viesos spinduli\u0173, padedant i\u0161vengti fotosen\u0117jimo ir odos sudirgim\u0173.<br data-start=\"1534\" data-end=\"1537\" \/>D\u0117l augalin\u0117s kilm\u0117s antioksidant\u0173 ir patentuoto <strong data-start=\"1586\" data-end=\"1600\">Fernblock\u00ae<\/strong> komplekso priemon\u0117 stiprina odos barjer\u0105, neutralizuoja laisvuosius radikalus ir palaiko nat\u016bral\u0173 dr\u0117gm\u0117s balans\u0105.<br data-start=\"1715\" data-end=\"1718\" \/>\u0160ilkin\u0117s tekst\u016bros fluidas lengvai pasiskirsto, greitai susigeria, nepalieka balto atspalvio ir tinka net vaikams nuo 3 met\u0173.<\/p>\n<p data-start=\"1847\" data-end=\"1865\"><strong data-start=\"1847\" data-end=\"1863\">T\u016bris: 50 ml<\/strong><\/p>\n","protected":false},"excerpt":{"rendered":"<p data-start=\"2014\" data-end=\"2057\">Lengvas mineralinis fluidas jautriai odai<\/p>\n<h2 data-start=\"2059\" data-end=\"2375\"><strong data-start=\"2059\" data-end=\"2122\">Cantabria Labs &#8211; Heliocare 360\u00ba Mineral Fluid SPF50 savyb\u0117s<\/strong><\/h2>\n<p data-start=\"2059\" data-end=\"2375\" data-is-last-node=\"\" data-is-only-node=\"\">\u2714\ufe0f 100% mineralin\u0117 formul\u0117 jautriai ir netoleruojan\u010diai odai<br data-start=\"2185\" data-end=\"2188\" \/>\u2714\ufe0f Patikima apsauga nuo UVA, UVB, IR ir matomos \u0161viesos<br data-start=\"2243\" data-end=\"2246\" \/>\u2714\ufe0f Padeda i\u0161vengti fotosen\u0117jimo ir sudirgim\u0173<br data-start=\"2290\" data-end=\"2293\" \/>\u2714\ufe0f Suteikia stipri\u0105 antioksidacin\u0119 apsaug\u0105<br data-start=\"2335\" data-end=\"2338\" \/>\u2714\ufe0f Palaiko optimal\u0173 odos dr\u0117gm\u0117s lyg\u012f<\/p>\n","protected":false},"featured_media":65473,"template":"","meta":[],"pwb-brand":[1202],"product_brand":[],"product_cat":[732],"product_tag":[],"giftcard-category":[],"class_list":{"0":"post-56083","1":"product","2":"type-product","3":"status-publish","4":"has-post-thumbnail","6":"pwb-brand-cantabria-labs","7":"product_cat-spf-apsauga","9":"first","10":"instock","11":"taxable","12":"shipping-taxable","13":"purchasable","14":"product-type-simple"},"acf":[],"brands":[{"id":1202,"name":"Cantabria Labs","slug":"cantabria-labs"}],"_links":{"self":[{"href":"https:\/\/skinstudio.ee\/lt\/wp-json\/wp\/v2\/product\/56083","targetHints":{"allow":["GET"]}}],"collection":[{"href":"https:\/\/skinstudio.ee\/lt\/wp-json\/wp\/v2\/product"}],"about":[{"href":"https:\/\/skinstudio.ee\/lt\/wp-json\/wp\/v2\/types\/product"}],"version-history":[{"count":0,"href":"https:\/\/skinstudio.ee\/lt\/wp-json\/wp\/v2\/product\/56083\/revisions"}],"wp:featuredmedia":[{"embeddable":true,"href":"https:\/\/skinstudio.ee\/lt\/wp-json\/wp\/v2\/media\/65473"}],"wp:attachment":[{"href":"https:\/\/skinstudio.ee\/lt\/wp-json\/wp\/v2\/media?parent=56083"}],"wp:term":[{"taxonomy":"pwb-brand","embeddable":true,"href":"https:\/\/skinstudio.ee\/lt\/wp-json\/wp\/v2\/pwb-brand?post=56083"},{"taxonomy":"product_brand","embeddable":true,"href":"https:\/\/skinstudio.ee\/lt\/wp-json\/wp\/v2\/product_brand?post=56083"},{"taxonomy":"product_cat","embeddable":true,"href":"https:\/\/skinstudio.ee\/lt\/wp-json\/wp\/v2\/product_cat?post=56083"},{"taxonomy":"product_tag","embeddable":true,"href":"https:\/\/skinstudio.ee\/lt\/wp-json\/wp\/v2\/product_tag?post=56083"},{"taxonomy":"giftcard-category","embeddable":true,"href":"https:\/\/skinstudio.ee\/lt\/wp-json\/wp\/v2\/giftcard-category?post=56083"}],"curies":[{"name":"wp","href":"https:\/\/api.w.org\/{rel}","templated":true}]}}