{"id":56100,"date":"2025-10-27T09:36:36","date_gmt":"2025-10-27T09:36:36","guid":{"rendered":"https:\/\/skinstudio.ee\/?post_type=product&#038;p=56100"},"modified":"2025-12-18T13:31:27","modified_gmt":"2025-12-18T13:31:27","slug":"heliocare-360o-gel-oil-free-spf50","status":"publish","type":"product","link":"https:\/\/skinstudio.ee\/lt\/catalog\/cantabria-labs\/heliocare-360o-gel-oil-free-spf50\/","title":{"rendered":"Heliocare 360\u00ba Gel Oil-Free SPF50"},"content":{"rendered":"<p data-start=\"1884\" data-end=\"2040\">Lengvas, bekvapis saul\u0117s apsaugos gelis, u\u017etikrinantis stipri\u0105 apsaug\u0105 nuo viso saul\u0117s spinduliuot\u0117s spektro, sukurtas specialiai riebiai ir mi\u0161riai odai.<\/p>\n<p data-start=\"2042\" data-end=\"2325\">Formul\u0117s pagrind\u0105 sudaro unikalus patentuotas kompleksas <strong data-start=\"2099\" data-end=\"2113\">Fernblock\u00ae<\/strong>, gautas i\u0161 tropin\u0117s papart\u0117s <em data-start=\"2143\" data-end=\"2166\">Polypodium Leucotomos<\/em>, turin\u010dios nat\u016bralius apsaugos mechanizmus nuo saul\u0117s spinduli\u0173. \u0160is ingredientas padeda odai atsispirti fotopa\u017eeidimams, apsaugo l\u0105steles ir DNR nuo \u017ealos.<\/p>\n<p data-start=\"2327\" data-end=\"2676\">D\u0117l inovatyvios <strong data-start=\"2343\" data-end=\"2363\">Bioshield System<\/strong> technologijos produktas ne tik apsaugo nuo UVA ir UVB spinduli\u0173, bet ir blokuoja matomos bei infraraudonos \u0161viesos poveik\u012f, pad\u0117damas i\u0161vengti prie\u0161laikinio odos sen\u0117jimo.<br data-start=\"2535\" data-end=\"2538\" \/>Mineralini\u0173 ir nemineralini\u0173 filtr\u0173 derinys efektyviai atspindi ir i\u0161sklaido saul\u0117s spindulius, suteikdamas i\u0161sami\u0105 fotoimunin\u0119 apsaug\u0105.<\/p>\n<p data-start=\"2678\" data-end=\"2862\">Formul\u0117je gausu antioksidant\u0173 \u2014 \u017ealiosios arbatos ekstrakto, C ir E vitamin\u0173 bei DNR taisom\u0173j\u0173 ferment\u0173, kurie padeda suma\u017einti jau esamus saul\u0117s pa\u017eeidimus ir palaiko odos sveikat\u0105.<\/p>\n<p data-start=\"2864\" data-end=\"3075\"><strong data-start=\"2864\" data-end=\"2901\">Heliocare 360\u00ba Gel Oil-Free SPF50<\/strong> nepalieka riebios pl\u0117vel\u0117s, suteikia matin\u012f efekt\u0105 ir palieka od\u0105 glotni\u0105 bei gaivi\u0105. Nekomedogenin\u0117 tekst\u016bra neu\u017ekem\u0161a por\u0173, tod\u0117l idealiai tinka riebiai ir mi\u0161riai odai.<\/p>\n<p data-start=\"3077\" data-end=\"3095\"><strong data-start=\"3077\" data-end=\"3093\">T\u016bris: 50 ml<\/strong><\/p>\n","protected":false},"excerpt":{"rendered":"<p data-start=\"3286\" data-end=\"3332\">Lengvas matinio efekto saul\u0117s apsaugos gelis<\/p>\n<h2 data-start=\"3334\" data-end=\"3691\"><strong data-start=\"3334\" data-end=\"3396\">Cantabria Labs &#8211; Heliocare 360\u00ba Gel Oil-Free SPF50 savyb\u0117s<\/strong><\/h2>\n<p data-start=\"3334\" data-end=\"3691\" data-is-last-node=\"\" data-is-only-node=\"\">\u2714\ufe0f Plataus spektro apsauga nuo UVA, UVB, IR ir matomos \u0161viesos<br data-start=\"3461\" data-end=\"3464\" \/>\u2714\ufe0f Padeda i\u0161vengti fotosen\u0117jimo ir l\u0105steli\u0173 pa\u017eeidim\u0173<br data-start=\"3517\" data-end=\"3520\" \/>\u2714\ufe0f Suteikia matin\u012f efekt\u0105 ir suma\u017eina odos blizges\u012f<br data-start=\"3571\" data-end=\"3574\" \/>\u2714\ufe0f Praturtintas antioksidantais, saugan\u010diais ir atkurian\u010diais od\u0105<br data-start=\"3639\" data-end=\"3642\" \/>\u2714\ufe0f Nekomedogenin\u0117 formul\u0117 riebiai ir mi\u0161riai odai<\/p>\n","protected":false},"featured_media":65468,"template":"","meta":[],"pwb-brand":[1202],"product_brand":[],"product_cat":[732,748],"product_tag":[],"giftcard-category":[],"class_list":{"0":"post-56100","1":"product","2":"type-product","3":"status-publish","4":"has-post-thumbnail","6":"pwb-brand-cantabria-labs","7":"product_cat-spf-apsauga","8":"product_cat-taukainai-adai-lt","10":"first","11":"instock","12":"taxable","13":"shipping-taxable","14":"purchasable","15":"product-type-simple"},"acf":[],"brands":[{"id":1202,"name":"Cantabria Labs","slug":"cantabria-labs"}],"_links":{"self":[{"href":"https:\/\/skinstudio.ee\/lt\/wp-json\/wp\/v2\/product\/56100","targetHints":{"allow":["GET"]}}],"collection":[{"href":"https:\/\/skinstudio.ee\/lt\/wp-json\/wp\/v2\/product"}],"about":[{"href":"https:\/\/skinstudio.ee\/lt\/wp-json\/wp\/v2\/types\/product"}],"version-history":[{"count":0,"href":"https:\/\/skinstudio.ee\/lt\/wp-json\/wp\/v2\/product\/56100\/revisions"}],"wp:featuredmedia":[{"embeddable":true,"href":"https:\/\/skinstudio.ee\/lt\/wp-json\/wp\/v2\/media\/65468"}],"wp:attachment":[{"href":"https:\/\/skinstudio.ee\/lt\/wp-json\/wp\/v2\/media?parent=56100"}],"wp:term":[{"taxonomy":"pwb-brand","embeddable":true,"href":"https:\/\/skinstudio.ee\/lt\/wp-json\/wp\/v2\/pwb-brand?post=56100"},{"taxonomy":"product_brand","embeddable":true,"href":"https:\/\/skinstudio.ee\/lt\/wp-json\/wp\/v2\/product_brand?post=56100"},{"taxonomy":"product_cat","embeddable":true,"href":"https:\/\/skinstudio.ee\/lt\/wp-json\/wp\/v2\/product_cat?post=56100"},{"taxonomy":"product_tag","embeddable":true,"href":"https:\/\/skinstudio.ee\/lt\/wp-json\/wp\/v2\/product_tag?post=56100"},{"taxonomy":"giftcard-category","embeddable":true,"href":"https:\/\/skinstudio.ee\/lt\/wp-json\/wp\/v2\/giftcard-category?post=56100"}],"curies":[{"name":"wp","href":"https:\/\/api.w.org\/{rel}","templated":true}]}}