{"id":56136,"date":"2025-10-27T10:57:49","date_gmt":"2025-10-27T10:57:49","guid":{"rendered":"https:\/\/skinstudio.ee\/?post_type=product&#038;p=56136"},"modified":"2025-12-18T13:31:27","modified_gmt":"2025-12-18T13:31:27","slug":"heliocare-360o-color-gel-oil-free-spf50","status":"publish","type":"product","link":"https:\/\/skinstudio.ee\/lt\/catalog\/cantabria-labs\/heliocare-360o-color-gel-oil-free-spf50\/","title":{"rendered":"Heliocare 360\u00ba Color Gel Oil-Free SPF50"},"content":{"rendered":"<p data-start=\"1370\" data-end=\"2003\">Lengvas tonizuojantis saul\u0117s apsaugos gelis su matiniu u\u017ebaigimu, jungiantis odos prie\u017ei\u016br\u0105 ir makia\u017e\u0105 viename produkte.<br data-start=\"1490\" data-end=\"1493\" \/><strong data-start=\"1493\" data-end=\"1505\">Oil-Free<\/strong> formul\u0117 suteikia auk\u0161to lygio apsaug\u0105 nuo UVA, UVB, infraraudon\u0173j\u0173 ir matomos \u0161viesos spinduli\u0173, reguliuoja sebumo i\u0161siskyrim\u0105 ir padeda i\u0161vengti odos blizgesio.<br data-start=\"1667\" data-end=\"1670\" \/>D\u0117l patentuoto <strong data-start=\"1685\" data-end=\"1700\">Fernblock\u00ae+<\/strong> komplekso, antioksidant\u0173 ir atkuriam\u0173j\u0173 ingredient\u0173 produktas neutralizuoja laisvuosius radikalus ir apsaugo od\u0105 nuo fotopa\u017eeidim\u0173.<br data-start=\"1832\" data-end=\"1835\" \/>Lengvos, \u0161ilkin\u0117s tekst\u016bros gelis tolygiai pasiskirsto ant odos, i\u0161lygina spalv\u0105 ir paslepia netobulumus, suteikdamas nat\u016brali\u0105 ir sveik\u0105 i\u0161vaizd\u0105 be sunkumo poj\u016b\u010dio.<\/p>\n<p data-start=\"2005\" data-end=\"2047\"><strong data-start=\"2005\" data-end=\"2019\">Atspalvis:<\/strong> Bronze<br data-start=\"2026\" data-end=\"2029\" \/><strong data-start=\"2029\" data-end=\"2039\">T\u016bris:<\/strong> 50 ml<\/p>\n","protected":false},"excerpt":{"rendered":"<p data-start=\"2246\" data-end=\"2301\">Tonizuojantis saul\u0117s apsaugos gelis su matiniu efektu<\/p>\n<h2 data-start=\"2303\" data-end=\"2668\"><strong data-start=\"2303\" data-end=\"2371\">Cantabria Labs &#8211; Heliocare 360\u00ba Color Gel Oil-Free SPF50 savyb\u0117s<\/strong><\/h2>\n<p data-start=\"2303\" data-end=\"2668\" data-is-last-node=\"\" data-is-only-node=\"\">\u2714\ufe0f U\u017etikrina plataus spektro apsaug\u0105 nuo UVA, UVB, IR ir matomos \u0161viesos<br data-start=\"2446\" data-end=\"2449\" \/>\u2714\ufe0f Reguliuoja sebumo i\u0161siskyrim\u0105 ir ma\u017eina blizges\u012f<br data-start=\"2500\" data-end=\"2503\" \/>\u2714\ufe0f I\u0161lygina odos atspalv\u012f ir paslepia netobulumus<br data-start=\"2552\" data-end=\"2555\" \/>\u2714\ufe0f Apsaugo odos l\u0105steles nuo fotopa\u017eeidim\u0173 ir prie\u0161laikinio sen\u0117jimo<br data-start=\"2623\" data-end=\"2626\" \/>\u2714\ufe0f Palieka od\u0105 lygi\u0105, pri\u017ei\u016br\u0117t\u0105 ir matin\u0119<\/p>\n","protected":false},"featured_media":65458,"template":"","meta":[],"pwb-brand":[1202],"product_brand":[],"product_cat":[732,748],"product_tag":[],"giftcard-category":[],"class_list":{"0":"post-56136","1":"product","2":"type-product","3":"status-publish","4":"has-post-thumbnail","6":"pwb-brand-cantabria-labs","7":"product_cat-spf-apsauga","8":"product_cat-taukainai-adai-lt","10":"first","11":"instock","12":"taxable","13":"shipping-taxable","14":"purchasable","15":"product-type-simple"},"acf":[],"brands":[{"id":1202,"name":"Cantabria Labs","slug":"cantabria-labs"}],"_links":{"self":[{"href":"https:\/\/skinstudio.ee\/lt\/wp-json\/wp\/v2\/product\/56136","targetHints":{"allow":["GET"]}}],"collection":[{"href":"https:\/\/skinstudio.ee\/lt\/wp-json\/wp\/v2\/product"}],"about":[{"href":"https:\/\/skinstudio.ee\/lt\/wp-json\/wp\/v2\/types\/product"}],"version-history":[{"count":0,"href":"https:\/\/skinstudio.ee\/lt\/wp-json\/wp\/v2\/product\/56136\/revisions"}],"wp:featuredmedia":[{"embeddable":true,"href":"https:\/\/skinstudio.ee\/lt\/wp-json\/wp\/v2\/media\/65458"}],"wp:attachment":[{"href":"https:\/\/skinstudio.ee\/lt\/wp-json\/wp\/v2\/media?parent=56136"}],"wp:term":[{"taxonomy":"pwb-brand","embeddable":true,"href":"https:\/\/skinstudio.ee\/lt\/wp-json\/wp\/v2\/pwb-brand?post=56136"},{"taxonomy":"product_brand","embeddable":true,"href":"https:\/\/skinstudio.ee\/lt\/wp-json\/wp\/v2\/product_brand?post=56136"},{"taxonomy":"product_cat","embeddable":true,"href":"https:\/\/skinstudio.ee\/lt\/wp-json\/wp\/v2\/product_cat?post=56136"},{"taxonomy":"product_tag","embeddable":true,"href":"https:\/\/skinstudio.ee\/lt\/wp-json\/wp\/v2\/product_tag?post=56136"},{"taxonomy":"giftcard-category","embeddable":true,"href":"https:\/\/skinstudio.ee\/lt\/wp-json\/wp\/v2\/giftcard-category?post=56136"}],"curies":[{"name":"wp","href":"https:\/\/api.w.org\/{rel}","templated":true}]}}