{"id":56152,"date":"2025-10-27T11:06:43","date_gmt":"2025-10-27T11:06:43","guid":{"rendered":"https:\/\/skinstudio.ee\/?post_type=product&#038;p=56152"},"modified":"2025-12-18T13:31:28","modified_gmt":"2025-12-18T13:31:28","slug":"heliocare-360o-acnimat","status":"publish","type":"product","link":"https:\/\/skinstudio.ee\/lt\/catalog\/cantabria-labs\/heliocare-360o-acnimat\/","title":{"rendered":"Heliocare 360\u00ba Acnimat"},"content":{"rendered":"<p data-start=\"1464\" data-end=\"1862\">\u0160iuolaikinis saul\u0117s apsaugos fluidas, specialiai sukurtas riebiai ir \u012f akn\u0119 linkusiai odai.<br data-start=\"1555\" data-end=\"1558\" \/>Inovatyvi formul\u0117 suteikia plataus spektro apsaug\u0105 nuo UVA, UVB, infraraudon\u0173j\u0173 ir m\u0117lynos \u0161viesos spinduli\u0173 bei nuo aplinkos tar\u0161os poveikio. <strong data-start=\"1701\" data-end=\"1727\">Heliocare 360\u00ba Acnimat<\/strong> padeda i\u0161vengti fotosen\u0117jimo, u\u017edegim\u0173 ir pigmentini\u0173 d\u0117mi\u0173 atsiradimo, i\u0161laikydamas od\u0105 \u0161vari\u0105, subalansuot\u0105 ir sveikai atrodan\u010di\u0105.<\/p>\n<p data-start=\"1864\" data-end=\"2203\">Sebumo reguliuojan\u010di\u0173 ir matini\u0173 ingredient\u0173 formul\u0117 kontroliuoja riebal\u0173 pertekli\u0173, ma\u017eina blizges\u012f ir suteikia odai gaiv\u0173, tolyg\u0173 ir nematom\u0105 u\u017ebaigim\u0105.<br data-start=\"2018\" data-end=\"2021\" \/>Aktyv\u016bs ingredientai \u2013 <strong data-start=\"2044\" data-end=\"2059\">Fernblock\u00ae+<\/strong>, salicilo r\u016bg\u0161tis ir niacinamidas \u2013 apsaugo l\u0105steles nuo oksidacinio streso, stiprina odos barjer\u0105, valo poras ir padeda i\u0161vengti netobulum\u0173.<\/p>\n<p data-start=\"2205\" data-end=\"2224\"><strong data-start=\"2205\" data-end=\"2222\">T\u016bris: 100 ml<\/strong><\/p>\n","protected":false},"excerpt":{"rendered":"<p data-start=\"2449\" data-end=\"2510\">Matinis saul\u0117s apsaugos fluidas riebiai ir probleminei odai<\/p>\n<h2 data-start=\"2512\" data-end=\"2821\"><strong data-start=\"2512\" data-end=\"2563\">Cantabria Labs &#8211; Heliocare 360\u00ba Acnimat savyb\u0117s<\/strong><\/h2>\n<p data-start=\"2512\" data-end=\"2821\" data-is-last-node=\"\" data-is-only-node=\"\">\u2714\ufe0f Apsaugo nuo UVA, UVB, m\u0117lynos ir infraraudonos \u0161viesos<br data-start=\"2623\" data-end=\"2626\" \/>\u2714\ufe0f Reguliuoja sebumo i\u0161siskyrim\u0105 ir ma\u017eina blizges\u012f<br data-start=\"2677\" data-end=\"2680\" \/>\u2714\ufe0f Padeda i\u0161vengti u\u017edegim\u0173 ir akn\u0117s atsiradimo<br data-start=\"2727\" data-end=\"2730\" \/>\u2714\ufe0f Apsaugo od\u0105 nuo fotosen\u0117jimo ir tar\u0161os poveikio<br data-start=\"2780\" data-end=\"2783\" \/>\u2714\ufe0f Palieka od\u0105 lygi\u0105, \u0161vari\u0105 ir matin\u0119<\/p>\n","protected":false},"featured_media":65453,"template":"","meta":[],"pwb-brand":[1202],"product_brand":[],"product_cat":[732,748],"product_tag":[],"giftcard-category":[],"class_list":{"0":"post-56152","1":"product","2":"type-product","3":"status-publish","4":"has-post-thumbnail","6":"pwb-brand-cantabria-labs","7":"product_cat-spf-apsauga","8":"product_cat-taukainai-adai-lt","10":"first","11":"instock","12":"taxable","13":"shipping-taxable","14":"purchasable","15":"product-type-simple"},"acf":[],"brands":[{"id":1202,"name":"Cantabria Labs","slug":"cantabria-labs"}],"_links":{"self":[{"href":"https:\/\/skinstudio.ee\/lt\/wp-json\/wp\/v2\/product\/56152","targetHints":{"allow":["GET"]}}],"collection":[{"href":"https:\/\/skinstudio.ee\/lt\/wp-json\/wp\/v2\/product"}],"about":[{"href":"https:\/\/skinstudio.ee\/lt\/wp-json\/wp\/v2\/types\/product"}],"version-history":[{"count":0,"href":"https:\/\/skinstudio.ee\/lt\/wp-json\/wp\/v2\/product\/56152\/revisions"}],"wp:featuredmedia":[{"embeddable":true,"href":"https:\/\/skinstudio.ee\/lt\/wp-json\/wp\/v2\/media\/65453"}],"wp:attachment":[{"href":"https:\/\/skinstudio.ee\/lt\/wp-json\/wp\/v2\/media?parent=56152"}],"wp:term":[{"taxonomy":"pwb-brand","embeddable":true,"href":"https:\/\/skinstudio.ee\/lt\/wp-json\/wp\/v2\/pwb-brand?post=56152"},{"taxonomy":"product_brand","embeddable":true,"href":"https:\/\/skinstudio.ee\/lt\/wp-json\/wp\/v2\/product_brand?post=56152"},{"taxonomy":"product_cat","embeddable":true,"href":"https:\/\/skinstudio.ee\/lt\/wp-json\/wp\/v2\/product_cat?post=56152"},{"taxonomy":"product_tag","embeddable":true,"href":"https:\/\/skinstudio.ee\/lt\/wp-json\/wp\/v2\/product_tag?post=56152"},{"taxonomy":"giftcard-category","embeddable":true,"href":"https:\/\/skinstudio.ee\/lt\/wp-json\/wp\/v2\/giftcard-category?post=56152"}],"curies":[{"name":"wp","href":"https:\/\/api.w.org\/{rel}","templated":true}]}}