{"id":56171,"date":"2025-10-27T11:14:58","date_gmt":"2025-10-27T11:14:58","guid":{"rendered":"https:\/\/skinstudio.ee\/?post_type=product&#038;p=56171"},"modified":"2026-03-16T13:44:57","modified_gmt":"2026-03-16T13:44:57","slug":"heliocare-360o-oil-free-compact","status":"publish","type":"product","link":"https:\/\/skinstudio.ee\/lt\/catalog\/cantabria-labs\/heliocare-360o-oil-free-compact\/","title":{"rendered":"Heliocare 360\u00ba Oil-Free Compact"},"content":{"rendered":"<p data-start=\"1845\" data-end=\"2263\">\u0160iuolaikinis saul\u0117s apsaugos fluidas su lengva, be riebal\u0173 tekst\u016bra, u\u017etikrinantis patikim\u0105 apsaug\u0105 nuo viso saul\u0117s spinduliuot\u0117s spektro.<br data-start=\"1983\" data-end=\"1986\" \/><strong data-start=\"1986\" data-end=\"2021\">Heliocare 360\u00ba Oil-Free Compact<\/strong> formul\u0117 sujungia cheminius, mineralinius ir fitobiologinius filtrus, kurie efektyviai blokuoja UVA, UVB, HEVis (didel\u0117s energijos matom\u0105 \u0161vies\u0105) ir IR-A (infraraudonuosius A spindulius), pad\u0117dama i\u0161vengti fotosen\u0117jimo ir pigmentini\u0173 d\u0117mi\u0173.<\/p>\n<p data-start=\"2265\" data-end=\"2630\">Patentuota <strong data-start=\"2276\" data-end=\"2293\">Fernblock\u00ae FC<\/strong> technologija su ferulo ir kofeino r\u016bg\u0161timis pasi\u017eymi stipriu antioksidaciniu poveikiu, stiprina odos imunin\u0119 apsaug\u0105, palaiko Langerhanso l\u0105steli\u0173 aktyvum\u0105 ir padeda i\u0161vengti DNR pa\u017eeidim\u0173.<br data-start=\"2483\" data-end=\"2486\" \/>C ir E vitamin\u0173 kompleksas kartu su \u017ealiosios arbatos ekstraktu padeda neutralizuoti laisvuosius radikalus ir apsaugo od\u0105 nuo aplinkos streso.<\/p>\n<p data-start=\"2632\" data-end=\"2889\">Fluidas reguliuoja sebumo i\u0161siskyrim\u0105, pa\u0161alina perteklin\u012f blizges\u012f ir suteikia matine\u0328, aksomin\u0119 apdail\u0105 be riebios pl\u0117vel\u0117s. D\u0117l lengvos gelin\u0117s tekst\u016bros jis greitai susigeria, neu\u017ekem\u0161a por\u0173 ir idealiai tinka mi\u0161riai, riebiai ir \u012f akn\u0119 linkusiai odai.<\/p>\n<p data-start=\"2891\" data-end=\"2992\">Be alkoholio, nekomedogeni\u0161kas, atsparus vandeniui, dermatologi\u0161kai ir oftalmologi\u0161kai patikrintas.<\/p>\n<p data-start=\"2994\" data-end=\"3012\"><strong data-start=\"2994\" data-end=\"3010\">T\u016bris: 50 ml<\/strong><\/p>\n","protected":false},"excerpt":{"rendered":"<p data-start=\"3212\" data-end=\"3260\">Lengvas matinio efekto saul\u0117s apsaugos fluidas<\/p>\n<h2 data-start=\"3262\" data-end=\"3643\"><strong data-start=\"3262\" data-end=\"3322\">Cantabria Labs &#8211; Heliocare 360\u00ba Oil-Free Compact savyb\u0117s<\/strong><\/h2>\n<p data-start=\"3262\" data-end=\"3643\" data-is-last-node=\"\" data-is-only-node=\"\">\u2714\ufe0f Apsaugo nuo UVA, UVB, matomos ir infraraudonos \u0161viesos<br data-start=\"3382\" data-end=\"3385\" \/>\u2714\ufe0f Neutralizuoja laisvuosius radikalus ir padeda i\u0161vengti fotosen\u0117jimo<br data-start=\"3455\" data-end=\"3458\" \/>\u2714\ufe0f Reguliuoja sebumo i\u0161siskyrim\u0105 ir ma\u017eina blizges\u012f<br data-start=\"3509\" data-end=\"3512\" \/>\u2714\ufe0f Padeda i\u0161vengti hiperpigmentacijos ir rauk\u0161li\u0173 susidarymo<br data-start=\"3572\" data-end=\"3575\" \/>\u2714\ufe0f Lengva, be riebal\u0173 tekst\u016bra, nekomedogeni\u0161ka ir atspari vandeniui<\/p>\n<p data-start=\"3262\" data-end=\"3643\" data-is-last-node=\"\" data-is-only-node=\"\"><strong>Atspalvyje Beige<\/strong><\/p>\n","protected":false},"featured_media":65448,"template":"","meta":[],"pwb-brand":[1202],"product_brand":[],"product_cat":[771,732,748],"product_tag":[],"giftcard-category":[],"class_list":{"0":"post-56171","1":"product","2":"type-product","3":"status-publish","4":"has-post-thumbnail","6":"pwb-brand-cantabria-labs","7":"product_cat-makiazas","8":"product_cat-spf-apsauga","9":"product_cat-taukainai-adai-lt","11":"first","12":"instock","13":"taxable","14":"shipping-taxable","15":"purchasable","16":"product-type-variable"},"acf":[],"brands":[{"id":1202,"name":"Cantabria Labs","slug":"cantabria-labs"}],"_links":{"self":[{"href":"https:\/\/skinstudio.ee\/lt\/wp-json\/wp\/v2\/product\/56171","targetHints":{"allow":["GET"]}}],"collection":[{"href":"https:\/\/skinstudio.ee\/lt\/wp-json\/wp\/v2\/product"}],"about":[{"href":"https:\/\/skinstudio.ee\/lt\/wp-json\/wp\/v2\/types\/product"}],"version-history":[{"count":1,"href":"https:\/\/skinstudio.ee\/lt\/wp-json\/wp\/v2\/product\/56171\/revisions"}],"predecessor-version":[{"id":86174,"href":"https:\/\/skinstudio.ee\/lt\/wp-json\/wp\/v2\/product\/56171\/revisions\/86174"}],"wp:featuredmedia":[{"embeddable":true,"href":"https:\/\/skinstudio.ee\/lt\/wp-json\/wp\/v2\/media\/65448"}],"wp:attachment":[{"href":"https:\/\/skinstudio.ee\/lt\/wp-json\/wp\/v2\/media?parent=56171"}],"wp:term":[{"taxonomy":"pwb-brand","embeddable":true,"href":"https:\/\/skinstudio.ee\/lt\/wp-json\/wp\/v2\/pwb-brand?post=56171"},{"taxonomy":"product_brand","embeddable":true,"href":"https:\/\/skinstudio.ee\/lt\/wp-json\/wp\/v2\/product_brand?post=56171"},{"taxonomy":"product_cat","embeddable":true,"href":"https:\/\/skinstudio.ee\/lt\/wp-json\/wp\/v2\/product_cat?post=56171"},{"taxonomy":"product_tag","embeddable":true,"href":"https:\/\/skinstudio.ee\/lt\/wp-json\/wp\/v2\/product_tag?post=56171"},{"taxonomy":"giftcard-category","embeddable":true,"href":"https:\/\/skinstudio.ee\/lt\/wp-json\/wp\/v2\/giftcard-category?post=56171"}],"curies":[{"name":"wp","href":"https:\/\/api.w.org\/{rel}","templated":true}]}}