{"id":56194,"date":"2025-10-27T11:33:03","date_gmt":"2025-10-27T11:33:03","guid":{"rendered":"https:\/\/skinstudio.ee\/?post_type=product&#038;p=56194"},"modified":"2025-12-18T13:31:28","modified_gmt":"2025-12-18T13:31:28","slug":"heliocare-360o-sport-transparent-stick-spf50","status":"publish","type":"product","link":"https:\/\/skinstudio.ee\/lt\/catalog\/cantabria-labs\/heliocare-360o-sport-transparent-stick-spf50\/","title":{"rendered":"Heliocare 360\u00ba Sport Transparent Stick SPF50+"},"content":{"rendered":"<p data-start=\"1575\" data-end=\"1903\">Ypa\u010d patogus saul\u0117s apsaugos stikas veidui ir k\u016bnui, suteikiantis auk\u0161t\u0105 apsaug\u0105 nuo vis\u0173 r\u016b\u0161i\u0173 spinduliuot\u0117s \u2013 <strong data-start=\"1687\" data-end=\"1742\">UVB, UVA, matomos ir infraraudonos \u0161viesos (PA++++)<\/strong>.<br data-start=\"1743\" data-end=\"1746\" \/>Sukurtas specialiai sportui ir aktyviam laisvalaikiui gryname ore.<br data-start=\"1812\" data-end=\"1815\" \/>Kompakti\u0161ka forma leid\u017eia lengvai tepti, tinka vis\u0173 tip\u0173 odai, \u012fskaitant itin jautri\u0105.<\/p>\n<p data-start=\"1905\" data-end=\"2275\">Formul\u0117je yra patentuotas <strong data-start=\"1931\" data-end=\"1946\">Fernblock\u00ae+<\/strong> kompleksas (<em data-start=\"1959\" data-end=\"1982\">Polypodium Leucotomos<\/em> ekstraktas) ir <strong data-start=\"1998\" data-end=\"2015\">astaksantinas<\/strong>, kurie suteikia stipr\u0173 antioksidacin\u012f, atkuriam\u0105j\u012f ir raminant\u012f poveik\u012f, neutralizuodami saul\u0117s spinduli\u0173 sukelt\u0105 \u017eal\u0105.<br data-start=\"2135\" data-end=\"2138\" \/>Stikas akimirksniu atgaivina ir sudr\u0117kina od\u0105, stiprina apsaugin\u012f barjer\u0105 ir padeda i\u0161laikyti komfort\u0105 net intensyvi\u0173 treniruo\u010di\u0173 metu.<\/p>\n<p data-start=\"2277\" data-end=\"2483\">Produktas atsparus vandeniui, prakaitui ir sm\u0117liui, gali b\u016bti naudojamas net ant dr\u0117gnos odos. Lengva, skaidri tekst\u016bra greitai \u012fsigeria ir nepalieka \u017eymi\u0173. Dermatologi\u0161kai ir oftalmologi\u0161kai patikrintas.<\/p>\n<p data-start=\"2485\" data-end=\"2502\"><strong data-start=\"2485\" data-end=\"2500\">T\u016bris: 25 g<\/strong><\/p>\n","protected":false},"excerpt":{"rendered":"<p data-start=\"2647\" data-end=\"2706\">Saul\u0117s apsaugos stikas sportui ir aktyviam gyvenimo b\u016bdui<\/p>\n<h2 data-start=\"2708\" data-end=\"3066\"><strong data-start=\"2708\" data-end=\"2782\">Cantabria Labs &#8211; Heliocare 360\u00ba Sport Transparent Stick SPF50+ savyb\u0117s<\/strong><\/h2>\n<p data-start=\"2708\" data-end=\"3066\" data-is-last-node=\"\" data-is-only-node=\"\">\u2714\ufe0f Plataus spektro apsauga nuo UVA, UVB, IR ir matomos \u0161viesos<br data-start=\"2847\" data-end=\"2850\" \/>\u2714\ufe0f Atsparus vandeniui, prakaitui ir sm\u0117liui<br data-start=\"2893\" data-end=\"2896\" \/>\u2714\ufe0f Galima tepti ant dr\u0117gnos odos be \u017eymi\u0173<br data-start=\"2937\" data-end=\"2940\" \/>\u2714\ufe0f Sud\u0117tyje yra Fernblock\u00ae+ ir astaksantino su antioksidaciniu poveikiu<br data-start=\"3011\" data-end=\"3014\" \/>\u2714\ufe0f Idealiai tinka sportui ir aktyviam gyvenimo b\u016bdui<\/p>\n","protected":false},"featured_media":65443,"template":"","meta":[],"pwb-brand":[1202],"product_brand":[],"product_cat":[732],"product_tag":[],"giftcard-category":[],"class_list":{"0":"post-56194","1":"product","2":"type-product","3":"status-publish","4":"has-post-thumbnail","6":"pwb-brand-cantabria-labs","7":"product_cat-spf-apsauga","9":"first","10":"instock","11":"taxable","12":"shipping-taxable","13":"purchasable","14":"product-type-simple"},"acf":[],"brands":[{"id":1202,"name":"Cantabria Labs","slug":"cantabria-labs"}],"_links":{"self":[{"href":"https:\/\/skinstudio.ee\/lt\/wp-json\/wp\/v2\/product\/56194","targetHints":{"allow":["GET"]}}],"collection":[{"href":"https:\/\/skinstudio.ee\/lt\/wp-json\/wp\/v2\/product"}],"about":[{"href":"https:\/\/skinstudio.ee\/lt\/wp-json\/wp\/v2\/types\/product"}],"version-history":[{"count":0,"href":"https:\/\/skinstudio.ee\/lt\/wp-json\/wp\/v2\/product\/56194\/revisions"}],"wp:featuredmedia":[{"embeddable":true,"href":"https:\/\/skinstudio.ee\/lt\/wp-json\/wp\/v2\/media\/65443"}],"wp:attachment":[{"href":"https:\/\/skinstudio.ee\/lt\/wp-json\/wp\/v2\/media?parent=56194"}],"wp:term":[{"taxonomy":"pwb-brand","embeddable":true,"href":"https:\/\/skinstudio.ee\/lt\/wp-json\/wp\/v2\/pwb-brand?post=56194"},{"taxonomy":"product_brand","embeddable":true,"href":"https:\/\/skinstudio.ee\/lt\/wp-json\/wp\/v2\/product_brand?post=56194"},{"taxonomy":"product_cat","embeddable":true,"href":"https:\/\/skinstudio.ee\/lt\/wp-json\/wp\/v2\/product_cat?post=56194"},{"taxonomy":"product_tag","embeddable":true,"href":"https:\/\/skinstudio.ee\/lt\/wp-json\/wp\/v2\/product_tag?post=56194"},{"taxonomy":"giftcard-category","embeddable":true,"href":"https:\/\/skinstudio.ee\/lt\/wp-json\/wp\/v2\/giftcard-category?post=56194"}],"curies":[{"name":"wp","href":"https:\/\/api.w.org\/{rel}","templated":true}]}}