{"id":56213,"date":"2025-10-27T11:45:14","date_gmt":"2025-10-27T11:45:14","guid":{"rendered":"https:\/\/skinstudio.ee\/?post_type=product&#038;p=56213"},"modified":"2025-12-18T13:31:28","modified_gmt":"2025-12-18T13:31:28","slug":"heliocare-360o-water-gel-spf50","status":"publish","type":"product","link":"https:\/\/skinstudio.ee\/lt\/catalog\/cantabria-labs\/heliocare-360o-water-gel-spf50\/","title":{"rendered":"Heliocare 360\u00ba Water Gel SPF50+"},"content":{"rendered":"<p data-start=\"1800\" data-end=\"2212\">Inovatyvus saul\u0117s apsaugos gelis su itin lengva, vandens pagrindo tekst\u016bra, u\u017etikrinantis visapusi\u0161k\u0105 apsaug\u0105 nuo viso spinduliuot\u0117s spektro \u2013 <strong data-start=\"1943\" data-end=\"1989\">UVA, UVB, m\u0117lynos ir infraraudonos \u0161viesos<\/strong>, taip pat nuo aplinkos tar\u0161os poveikio.<br data-start=\"2029\" data-end=\"2032\" \/><strong>Heliocare 360\u00ba Water Gel SPF50+<\/strong> akimirksniu susigeria, nepalieka balto \u017eymi\u0173, giliai dr\u0117kina od\u0105 ir palaiko optimal\u0173 dr\u0117gm\u0117s lyg\u012f iki 48 valand\u0173, d\u0117ka nuolatinio dr\u0117kinimo sistemos.<\/p>\n<p data-start=\"2214\" data-end=\"2727\">Patentuota <strong data-start=\"2225\" data-end=\"2240\">Fernblock\u00ae+<\/strong> technologija, derinama su galingais antioksidantais ir DNR atkuriamaisiais fermentais, apsaugo odos l\u0105steles nuo saul\u0117s sukeltos \u017ealos, padeda i\u0161vengti prie\u0161laikinio sen\u0117jimo ir skatina nat\u016bral\u0173 odos atsinaujinim\u0105.<br data-start=\"2455\" data-end=\"2458\" \/><strong data-start=\"2458\" data-end=\"2478\">Bioshield System<\/strong> technologija efektyviai sugeria iki 200% daugiau m\u0117lynos \u0161viesos nei pati oda ir neutralizuoja infraraudon\u0173j\u0173 (IR-A) spinduli\u0173 \u017eal\u0105.<br data-start=\"2611\" data-end=\"2614\" \/>Formul\u0117 stiprina odos barjer\u0105, ma\u017eina laisv\u0173j\u0173 radikal\u0173 susidarym\u0105 ir pasi\u017eymi stipriu antiter\u0161aliniu poveikiu.<\/p>\n<p data-start=\"2729\" data-end=\"2852\">Gelis pasi\u017eymi gaivia, lengva tekst\u016bra, tinka vis\u0173 tip\u0173 odai, \u012fskaitant jautri\u0105, ir idealiai tinka kasdieniam naudojimui.<\/p>\n<p data-start=\"2854\" data-end=\"2872\"><strong data-start=\"2854\" data-end=\"2870\">T\u016bris: 50 ml<\/strong><\/p>\n","protected":false},"excerpt":{"rendered":"<p data-start=\"3015\" data-end=\"3064\">Ypa\u010d lengvas dr\u0117kinamasis saul\u0117s apsaugos gelis<\/p>\n<h2 data-start=\"3066\" data-end=\"3426\"><strong data-start=\"3066\" data-end=\"3126\">Cantabria Labs &#8211; Heliocare 360\u00ba Water Gel SPF50+ savyb\u0117s<\/strong><\/h2>\n<p data-start=\"3066\" data-end=\"3426\" data-is-last-node=\"\" data-is-only-node=\"\">\u2714\ufe0f U\u017etikrina piln\u0105 apsaug\u0105 nuo UVA, UVB, m\u0117lynos ir infraraudonos \u0161viesos<br data-start=\"3202\" data-end=\"3205\" \/>\u2714\ufe0f Dr\u0117kina od\u0105 iki 48 valand\u0173<br data-start=\"3234\" data-end=\"3237\" \/>\u2714\ufe0f Apsaugo nuo fotosen\u0117jimo ir padeda atkurti pa\u017eeistas l\u0105steles<br data-start=\"3301\" data-end=\"3304\" \/>\u2714\ufe0f Turi antiter\u0161alin\u012f ir antioksidacin\u012f poveik\u012f<br data-start=\"3351\" data-end=\"3354\" \/>\u2714\ufe0f Lengva, vandens pagrindo tekst\u016bra be balt\u0173 \u017eymi\u0173, tinka jautriai odai<\/p>\n","protected":false},"featured_media":65438,"template":"","meta":[],"pwb-brand":[1202],"product_brand":[],"product_cat":[740,732],"product_tag":[],"giftcard-category":[],"class_list":{"0":"post-56213","1":"product","2":"type-product","3":"status-publish","4":"has-post-thumbnail","6":"pwb-brand-cantabria-labs","7":"product_cat-sausai-odai","8":"product_cat-spf-apsauga","10":"first","11":"instock","12":"taxable","13":"shipping-taxable","14":"purchasable","15":"product-type-simple"},"acf":[],"brands":[{"id":1202,"name":"Cantabria Labs","slug":"cantabria-labs"}],"_links":{"self":[{"href":"https:\/\/skinstudio.ee\/lt\/wp-json\/wp\/v2\/product\/56213","targetHints":{"allow":["GET"]}}],"collection":[{"href":"https:\/\/skinstudio.ee\/lt\/wp-json\/wp\/v2\/product"}],"about":[{"href":"https:\/\/skinstudio.ee\/lt\/wp-json\/wp\/v2\/types\/product"}],"version-history":[{"count":0,"href":"https:\/\/skinstudio.ee\/lt\/wp-json\/wp\/v2\/product\/56213\/revisions"}],"wp:featuredmedia":[{"embeddable":true,"href":"https:\/\/skinstudio.ee\/lt\/wp-json\/wp\/v2\/media\/65438"}],"wp:attachment":[{"href":"https:\/\/skinstudio.ee\/lt\/wp-json\/wp\/v2\/media?parent=56213"}],"wp:term":[{"taxonomy":"pwb-brand","embeddable":true,"href":"https:\/\/skinstudio.ee\/lt\/wp-json\/wp\/v2\/pwb-brand?post=56213"},{"taxonomy":"product_brand","embeddable":true,"href":"https:\/\/skinstudio.ee\/lt\/wp-json\/wp\/v2\/product_brand?post=56213"},{"taxonomy":"product_cat","embeddable":true,"href":"https:\/\/skinstudio.ee\/lt\/wp-json\/wp\/v2\/product_cat?post=56213"},{"taxonomy":"product_tag","embeddable":true,"href":"https:\/\/skinstudio.ee\/lt\/wp-json\/wp\/v2\/product_tag?post=56213"},{"taxonomy":"giftcard-category","embeddable":true,"href":"https:\/\/skinstudio.ee\/lt\/wp-json\/wp\/v2\/giftcard-category?post=56213"}],"curies":[{"name":"wp","href":"https:\/\/api.w.org\/{rel}","templated":true}]}}