{"id":56293,"date":"2025-10-28T12:28:37","date_gmt":"2025-10-28T12:28:37","guid":{"rendered":"https:\/\/skinstudio.ee\/?post_type=product&#038;p=56293"},"modified":"2025-12-18T13:31:28","modified_gmt":"2025-12-18T13:31:28","slug":"heliocare-360o-water-gel-color-spf50","status":"publish","type":"product","link":"https:\/\/skinstudio.ee\/lt\/catalog\/cantabria-labs\/heliocare-360o-water-gel-color-spf50\/","title":{"rendered":"HELIOCARE 360\u00ba Water Gel Color SPF50+"},"content":{"rendered":"<p data-start=\"1525\" data-end=\"1680\">Tonuotas saul\u0117s apsaugos gelis su lengva, vandens pagrindo tekst\u016bra, sujungiantis odos prie\u017ei\u016br\u0105, makia\u017e\u0105 ir stipri\u0105 apsaug\u0105 nuo saul\u0117s viename produkte.<\/p>\n<p data-start=\"1682\" data-end=\"1908\"><strong data-start=\"1682\" data-end=\"1723\">Heliocare 360\u00ba Water Gel Color SPF50+<\/strong> suteikia auk\u0161to lygio apsaug\u0105 nuo viso saul\u0117s spinduliuot\u0117s spektro \u2013 <strong data-start=\"1794\" data-end=\"1840\">UVA, UVB, matomos ir infraraudonos \u0161viesos<\/strong>, pad\u0117damas i\u0161vengti fotosen\u0117jimo ir pigmentini\u0173 d\u0117mi\u0173 susidarymo.<\/p>\n<p data-start=\"1910\" data-end=\"2249\">D\u0117l patentuoto <strong data-start=\"1925\" data-end=\"1944\">ASPA-Fernblock\u00ae<\/strong> komplekso ir dr\u0117kinan\u010di\u0173 ingredient\u0173 gelis stiprina odos apsauginius mechanizmus, neutralizuoja laisvuosius radikalus ir u\u017etikrina ilgalaik\u012f dr\u0117kinim\u0105.<br data-start=\"2096\" data-end=\"2099\" \/>\u0160velni tonizuojanti formul\u0117 i\u0161lygina odos atspalv\u012f, suteikia nat\u016bral\u0173 spindes\u012f ir nepriekai\u0161ting\u0105 i\u0161vaizd\u0105, idealiai tinka normaliai ir sausai odai.<\/p>\n<p data-start=\"2251\" data-end=\"2269\"><strong data-start=\"2251\" data-end=\"2267\">T\u016bris: 50 ml<\/strong><\/p>\n","protected":false},"excerpt":{"rendered":"<p data-start=\"2568\" data-end=\"2620\">Tonuotas saul\u0117s apsaugos gelis su spindesio efektu<\/p>\n<h2 data-start=\"2622\" data-end=\"2963\"><strong data-start=\"2622\" data-end=\"2688\">Cantabria Labs &#8211; Heliocare 360\u00ba Water Gel Color SPF50+ savyb\u0117s<\/strong><\/h2>\n<p data-start=\"2622\" data-end=\"2963\" data-is-last-node=\"\" data-is-only-node=\"\">\u2714\ufe0f U\u017etikrina visi\u0161k\u0105 apsaug\u0105 nuo UVA ir UVB spinduli\u0173<br data-start=\"2744\" data-end=\"2747\" \/>\u2714\ufe0f I\u0161lygina odos ton\u0105 ir suteikia nat\u016bral\u0173 spindes\u012f<br data-start=\"2798\" data-end=\"2801\" \/>\u2714\ufe0f Apsaugo nuo fotosen\u0117jimo ir l\u0105steli\u0173 pa\u017eeidim\u0173<br data-start=\"2850\" data-end=\"2853\" \/>\u2714\ufe0f Dr\u0117kina ir saugo od\u0105 nuo laisv\u0173j\u0173 radikal\u0173<br data-start=\"2898\" data-end=\"2901\" \/>\u2714\ufe0f Tinka normaliai ir sausai odai, nepalieka riebaus blizgesio<\/p>\n","protected":false},"featured_media":65432,"template":"","meta":[],"pwb-brand":[1202],"product_brand":[],"product_cat":[771,740,732],"product_tag":[],"giftcard-category":[],"class_list":{"0":"post-56293","1":"product","2":"type-product","3":"status-publish","4":"has-post-thumbnail","6":"pwb-brand-cantabria-labs","7":"product_cat-makiazas","8":"product_cat-sausai-odai","9":"product_cat-spf-apsauga","11":"first","12":"instock","13":"taxable","14":"shipping-taxable","15":"purchasable","16":"product-type-variable"},"acf":[],"brands":[{"id":1202,"name":"Cantabria Labs","slug":"cantabria-labs"}],"_links":{"self":[{"href":"https:\/\/skinstudio.ee\/lt\/wp-json\/wp\/v2\/product\/56293","targetHints":{"allow":["GET"]}}],"collection":[{"href":"https:\/\/skinstudio.ee\/lt\/wp-json\/wp\/v2\/product"}],"about":[{"href":"https:\/\/skinstudio.ee\/lt\/wp-json\/wp\/v2\/types\/product"}],"version-history":[{"count":0,"href":"https:\/\/skinstudio.ee\/lt\/wp-json\/wp\/v2\/product\/56293\/revisions"}],"wp:featuredmedia":[{"embeddable":true,"href":"https:\/\/skinstudio.ee\/lt\/wp-json\/wp\/v2\/media\/65432"}],"wp:attachment":[{"href":"https:\/\/skinstudio.ee\/lt\/wp-json\/wp\/v2\/media?parent=56293"}],"wp:term":[{"taxonomy":"pwb-brand","embeddable":true,"href":"https:\/\/skinstudio.ee\/lt\/wp-json\/wp\/v2\/pwb-brand?post=56293"},{"taxonomy":"product_brand","embeddable":true,"href":"https:\/\/skinstudio.ee\/lt\/wp-json\/wp\/v2\/product_brand?post=56293"},{"taxonomy":"product_cat","embeddable":true,"href":"https:\/\/skinstudio.ee\/lt\/wp-json\/wp\/v2\/product_cat?post=56293"},{"taxonomy":"product_tag","embeddable":true,"href":"https:\/\/skinstudio.ee\/lt\/wp-json\/wp\/v2\/product_tag?post=56293"},{"taxonomy":"giftcard-category","embeddable":true,"href":"https:\/\/skinstudio.ee\/lt\/wp-json\/wp\/v2\/giftcard-category?post=56293"}],"curies":[{"name":"wp","href":"https:\/\/api.w.org\/{rel}","templated":true}]}}