{"id":56314,"date":"2025-10-28T12:38:58","date_gmt":"2025-10-28T12:38:58","guid":{"rendered":"https:\/\/skinstudio.ee\/?post_type=product&#038;p=56314"},"modified":"2025-12-18T13:31:28","modified_gmt":"2025-12-18T13:31:28","slug":"heliocare-360o-fluid-cream-spf50","status":"publish","type":"product","link":"https:\/\/skinstudio.ee\/lt\/catalog\/cantabria-labs\/heliocare-360o-fluid-cream-spf50\/","title":{"rendered":"HELIOCARE 360\u00ba Fluid-Cream SPF50+"},"content":{"rendered":"<p data-start=\"1359\" data-end=\"1636\">Ypa\u010d lengvas, vandens pagrindu sukurtas tekst\u016bros gelis akimirksniu susigeria \u012f od\u0105, palikdamas \u0161veln\u0173, satinin\u012f pavir\u0161i\u0173 be riebaus poj\u016b\u010dio. Jo pa\u017eangi dr\u0117kinimo sistema i\u0161laiko dr\u0117gm\u0119 ilg\u0105 laik\u0105, o aktyv\u016bs ingredientai sukuria stipri\u0105 apsaugin\u0119 barjer\u0105 nuo aplinkos tar\u0161os.<\/p>\n<p data-start=\"1638\" data-end=\"1937\">Patentuota <strong data-start=\"1649\" data-end=\"1669\">ASPA-Fernblock\u00ae+<\/strong> technologija apsaugo od\u0105 nuo fotopa\u017eeidim\u0173, neutralizuoja laisvuosius radikalus, padeda atkurti DNR ir palaiko nat\u016bral\u0173 vitamino D balans\u0105 odoje.<br data-start=\"1815\" data-end=\"1818\" \/>Puikiai tinka kasdieniam naudojimui \u2013 suteikia maksimali\u0105 apsaug\u0105, komfort\u0105 ir gaiv\u0173, sveik\u0105 odos \u012fvaizd\u012f vis\u0105 dien\u0105.<\/p>\n<p data-start=\"1939\" data-end=\"1957\"><strong data-start=\"1939\" data-end=\"1955\">T\u016bris: 50 ml<\/strong><\/p>\n","protected":false},"excerpt":{"rendered":"<p data-start=\"2250\" data-end=\"2296\">Lengvas dr\u0117kinamasis saul\u0117s apsaugos fluidas<\/p>\n<h2 data-start=\"2298\" data-end=\"2628\"><strong data-start=\"2298\" data-end=\"2360\">Cantabria Labs &#8211; Heliocare 360\u00ba Fluid-Cream SPF50+ savyb\u0117s<\/strong><\/h2>\n<p data-start=\"2298\" data-end=\"2628\" data-is-last-node=\"\" data-is-only-node=\"\">\u2714\ufe0f U\u017etikrina plataus spektro apsaug\u0105 nuo UVA, UVB, IR ir matomos \u0161viesos<br data-start=\"2435\" data-end=\"2438\" \/>\u2714\ufe0f Dr\u0117kina od\u0105 ir apsaugo nuo i\u0161saus\u0117jimo<br data-start=\"2479\" data-end=\"2482\" \/>\u2714\ufe0f Apsaugo nuo fotosen\u0117jimo ir laisv\u0173j\u0173 radikal\u0173 poveikio<br data-start=\"2539\" data-end=\"2542\" \/>\u2714\ufe0f Palaiko nat\u016bral\u0173 vitamino D balans\u0105 odoje<br data-start=\"2586\" data-end=\"2589\" \/>\u2714\ufe0f Idealiai tinka kasdieniam naudojimui<\/p>\n","protected":false},"featured_media":65427,"template":"","meta":[],"pwb-brand":[1202],"product_brand":[],"product_cat":[740,732],"product_tag":[],"giftcard-category":[],"class_list":{"0":"post-56314","1":"product","2":"type-product","3":"status-publish","4":"has-post-thumbnail","6":"pwb-brand-cantabria-labs","7":"product_cat-sausai-odai","8":"product_cat-spf-apsauga","10":"first","11":"instock","12":"taxable","13":"shipping-taxable","14":"purchasable","15":"product-type-simple"},"acf":[],"brands":[{"id":1202,"name":"Cantabria Labs","slug":"cantabria-labs"}],"_links":{"self":[{"href":"https:\/\/skinstudio.ee\/lt\/wp-json\/wp\/v2\/product\/56314","targetHints":{"allow":["GET"]}}],"collection":[{"href":"https:\/\/skinstudio.ee\/lt\/wp-json\/wp\/v2\/product"}],"about":[{"href":"https:\/\/skinstudio.ee\/lt\/wp-json\/wp\/v2\/types\/product"}],"version-history":[{"count":0,"href":"https:\/\/skinstudio.ee\/lt\/wp-json\/wp\/v2\/product\/56314\/revisions"}],"wp:featuredmedia":[{"embeddable":true,"href":"https:\/\/skinstudio.ee\/lt\/wp-json\/wp\/v2\/media\/65427"}],"wp:attachment":[{"href":"https:\/\/skinstudio.ee\/lt\/wp-json\/wp\/v2\/media?parent=56314"}],"wp:term":[{"taxonomy":"pwb-brand","embeddable":true,"href":"https:\/\/skinstudio.ee\/lt\/wp-json\/wp\/v2\/pwb-brand?post=56314"},{"taxonomy":"product_brand","embeddable":true,"href":"https:\/\/skinstudio.ee\/lt\/wp-json\/wp\/v2\/product_brand?post=56314"},{"taxonomy":"product_cat","embeddable":true,"href":"https:\/\/skinstudio.ee\/lt\/wp-json\/wp\/v2\/product_cat?post=56314"},{"taxonomy":"product_tag","embeddable":true,"href":"https:\/\/skinstudio.ee\/lt\/wp-json\/wp\/v2\/product_tag?post=56314"},{"taxonomy":"giftcard-category","embeddable":true,"href":"https:\/\/skinstudio.ee\/lt\/wp-json\/wp\/v2\/giftcard-category?post=56314"}],"curies":[{"name":"wp","href":"https:\/\/api.w.org\/{rel}","templated":true}]}}