{"id":56350,"date":"2025-10-28T12:58:35","date_gmt":"2025-10-28T12:58:35","guid":{"rendered":"https:\/\/skinstudio.ee\/?post_type=product&#038;p=56350"},"modified":"2025-12-18T13:31:28","modified_gmt":"2025-12-18T13:31:28","slug":"heliocare-360o-md-a-r-emulsion-spf50","status":"publish","type":"product","link":"https:\/\/skinstudio.ee\/lt\/catalog\/cantabria-labs\/heliocare-360o-md-a-r-emulsion-spf50\/","title":{"rendered":"HelioCare 360\u00ba MD A-R Emulsion SPF50"},"content":{"rendered":"<p data-start=\"1704\" data-end=\"2142\">Auk\u0161to apsaugos lyg\u012f suteikianti saul\u0117s apsaugos emulsija, specialiai sukurta jautriai, raustan\u010diai ir kuperozei linkusiai odai.<br data-start=\"1832\" data-end=\"1835\" \/><strong data-start=\"1835\" data-end=\"1869\">Heliocare 360\u00ba MD A-R Emulsion<\/strong> sujungia raudon\u012f ma\u017einant\u012f kompleks\u0105 ir odos atspalv\u012f i\u0161lyginan\u010di\u0105 sistem\u0105, padedan\u010di\u0105 atkurti rami\u0105, subalansuot\u0105 ir nat\u016braliai tolygi\u0105 odos i\u0161vaizd\u0105. Lengvos, \u0161ilkin\u0117s tekst\u016bros emulsija lengvai pasiskirsto, nesausina odos ir suteikia jai \u0161velnumo bei komforto poj\u016bt\u012f.<\/p>\n<p data-start=\"2144\" data-end=\"2539\">Formul\u0117 su optimaliais filtrais jautriai odai ir patentuota <strong data-start=\"2204\" data-end=\"2218\">Fernblock\u00ae<\/strong> technologija u\u017etikrina galing\u0105 apsaug\u0105 nuo keturi\u0173 tip\u0173 spinduliuot\u0117s &#8211; <strong data-start=\"2291\" data-end=\"2336\">UVA, UVB, matomos ir infraraudonos (IR-A)<\/strong> &#8211; bei m\u0117lynos \u0161viesos.<br data-start=\"2359\" data-end=\"2362\" \/>I\u0161skirtin\u0117 <strong data-start=\"2373\" data-end=\"2396\">Anti-Redness System<\/strong> sistema apsaugo od\u0105 nuo i\u0161orini\u0173 veiksni\u0173, sukelian\u010di\u0173 raudon\u012f, ma\u017eina jautrum\u0105, stiprina kapiliarus ir padeda atkurti tolyg\u0173 odos atspalv\u012f.<\/p>\n<p data-start=\"2541\" data-end=\"2559\"><strong data-start=\"2541\" data-end=\"2557\">T\u016bris: 50 ml<\/strong><\/p>\n","protected":false},"excerpt":{"rendered":"<p data-start=\"2891\" data-end=\"2938\">Lengva saul\u0117s apsaugos emulsija jautriai odai<\/p>\n<h2 data-start=\"2940\" data-end=\"3262\"><strong data-start=\"2940\" data-end=\"3005\">Cantabria Labs &#8211; Heliocare 360\u00ba MD A-R Emulsion SPF50 savyb\u0117s<\/strong><\/h2>\n<p data-start=\"2940\" data-end=\"3262\" data-is-last-node=\"\" data-is-only-node=\"\">\u2714\ufe0f Ma\u017eina odos jautrum\u0105 ir reaktyvum\u0105<br data-start=\"3045\" data-end=\"3048\" \/>\u2714\ufe0f Padeda i\u0161vengti kapiliar\u0173 matomumo ir raudonio<br data-start=\"3097\" data-end=\"3100\" \/>\u2714\ufe0f Apsaugo nuo fotosen\u0117jimo ir m\u0117lynos \u0161viesos poveikio<br data-start=\"3155\" data-end=\"3158\" \/>\u2714\ufe0f I\u0161lygina ir ramina odos atspalv\u012f<br data-start=\"3193\" data-end=\"3196\" \/>\u2714\ufe0f Tinka kasdieniam naudojimui kuperozei ir ro\u017einei linkusiai odai<\/p>\n","protected":false},"featured_media":65422,"template":"","meta":[],"pwb-brand":[1202],"product_brand":[],"product_cat":[732],"product_tag":[],"giftcard-category":[],"class_list":{"0":"post-56350","1":"product","2":"type-product","3":"status-publish","4":"has-post-thumbnail","6":"pwb-brand-cantabria-labs","7":"product_cat-spf-apsauga","9":"first","10":"instock","11":"sale","12":"taxable","13":"shipping-taxable","14":"purchasable","15":"product-type-simple"},"acf":[],"brands":[{"id":1202,"name":"Cantabria Labs","slug":"cantabria-labs"}],"_links":{"self":[{"href":"https:\/\/skinstudio.ee\/lt\/wp-json\/wp\/v2\/product\/56350","targetHints":{"allow":["GET"]}}],"collection":[{"href":"https:\/\/skinstudio.ee\/lt\/wp-json\/wp\/v2\/product"}],"about":[{"href":"https:\/\/skinstudio.ee\/lt\/wp-json\/wp\/v2\/types\/product"}],"version-history":[{"count":0,"href":"https:\/\/skinstudio.ee\/lt\/wp-json\/wp\/v2\/product\/56350\/revisions"}],"wp:featuredmedia":[{"embeddable":true,"href":"https:\/\/skinstudio.ee\/lt\/wp-json\/wp\/v2\/media\/65422"}],"wp:attachment":[{"href":"https:\/\/skinstudio.ee\/lt\/wp-json\/wp\/v2\/media?parent=56350"}],"wp:term":[{"taxonomy":"pwb-brand","embeddable":true,"href":"https:\/\/skinstudio.ee\/lt\/wp-json\/wp\/v2\/pwb-brand?post=56350"},{"taxonomy":"product_brand","embeddable":true,"href":"https:\/\/skinstudio.ee\/lt\/wp-json\/wp\/v2\/product_brand?post=56350"},{"taxonomy":"product_cat","embeddable":true,"href":"https:\/\/skinstudio.ee\/lt\/wp-json\/wp\/v2\/product_cat?post=56350"},{"taxonomy":"product_tag","embeddable":true,"href":"https:\/\/skinstudio.ee\/lt\/wp-json\/wp\/v2\/product_tag?post=56350"},{"taxonomy":"giftcard-category","embeddable":true,"href":"https:\/\/skinstudio.ee\/lt\/wp-json\/wp\/v2\/giftcard-category?post=56350"}],"curies":[{"name":"wp","href":"https:\/\/api.w.org\/{rel}","templated":true}]}}