{"id":56379,"date":"2025-10-28T13:08:03","date_gmt":"2025-10-28T13:08:03","guid":{"rendered":"https:\/\/skinstudio.ee\/?post_type=product&#038;p=56379"},"modified":"2025-12-18T13:31:28","modified_gmt":"2025-12-18T13:31:28","slug":"heliocare-360o-sensation","status":"publish","type":"product","link":"https:\/\/skinstudio.ee\/lt\/catalog\/cantabria-labs\/heliocare-360o-sensation\/","title":{"rendered":"Heliocare 360\u00ba Sensation"},"content":{"rendered":"<p data-start=\"1812\" data-end=\"2155\">Veido saul\u0117s apsaugos kremas veidui su labai auk\u0161tu apsaugos lygiu, sukurtas kasdieniam naudojimui ir fotosen\u0117jimo prevencijai.<br data-start=\"1939\" data-end=\"1942\" \/><strong data-start=\"1942\" data-end=\"1970\">Heliocare 360\u00ba Sensation<\/strong> sujungia Heliocare mokslinius pasiekimus su unikaliu lengvumo ir gaivumo poj\u016b\u010diu tepimo metu ir po jo. \u0160is produktas paver\u010dia SPF naudojim\u0105 maloniu kasdien\u0117s odos prie\u017ei\u016bros ritualu.<\/p>\n<p data-start=\"2157\" data-end=\"2554\">Ypa\u010d lengva, bealiejin\u0117 formul\u0117 u\u017etikrina patikim\u0105 apsaug\u0105 nuo keturi\u0173 r\u016b\u0161i\u0173 spinduliuot\u0117s &#8211; <strong data-start=\"2250\" data-end=\"2298\">UVA, UVB, matomos ir infraraudonosios (IR-A)<\/strong> &#8211; padedant i\u0161vengti l\u0105steli\u0173 pa\u017eeidim\u0173 ir sen\u0117jimo po\u017eymi\u0173.<br data-start=\"2358\" data-end=\"2361\" \/><strong data-start=\"2361\" data-end=\"2375\">Fernblock\u00ae<\/strong> kompleksas, imbiero ekstraktas ir vitaminas E suteikia stipr\u0173 antioksidacin\u012f poveik\u012f, neutralizuoja laisvuosius radikalus ir padeda odai atsigauti po UV spinduliuot\u0117s poveikio.<\/p>\n<p data-start=\"2556\" data-end=\"2718\">\u0160ilkin\u0117s, lengvos tekst\u016bros kremas akimirksniu susigeria, nepalikdamas joki\u0173 \u017eymi\u0173 ar riebaus blizgesio, suteikdamas odai \u0161velnumo, glotnumo ir komforto poj\u016bt\u012f.<\/p>\n<p data-start=\"2720\" data-end=\"2738\"><strong data-start=\"2720\" data-end=\"2736\">T\u016bris: 50 ml<\/strong><\/p>\n","protected":false},"excerpt":{"rendered":"<p data-start=\"3167\" data-end=\"3227\">Lengvas veido saul\u0117s kremas su unikalia sensorine tekst\u016bra<\/p>\n<h2 data-start=\"3229\" data-end=\"3565\"><strong data-start=\"3229\" data-end=\"3282\">Cantabria Labs &#8211; Heliocare 360\u00ba Sensation savyb\u0117s<\/strong><\/h2>\n<p data-start=\"3229\" data-end=\"3565\" data-is-last-node=\"\" data-is-only-node=\"\">\u2714\ufe0f U\u017etikrina visapusi\u0161k\u0105 apsaug\u0105 nuo UVA, UVB, IR ir matomos \u0161viesos<br data-start=\"3353\" data-end=\"3356\" \/>\u2714\ufe0f Apsaugo nuo fotosen\u0117jimo ir l\u0105steli\u0173 pa\u017eeidim\u0173<br data-start=\"3405\" data-end=\"3408\" \/>\u2714\ufe0f Stiprina antioksidacin\u0119 apsaug\u0105 ir atkuria od\u0105<br data-start=\"3457\" data-end=\"3460\" \/>\u2714\ufe0f Akimirksniu susigeria, nepalikdamas riebaus blizgesio<br data-start=\"3516\" data-end=\"3519\" \/>\u2714\ufe0f Suteikia odai \u0161velnumo, glotnumo ir gaivumo<\/p>\n","protected":false},"featured_media":65417,"template":"","meta":[],"pwb-brand":[1202],"product_brand":[],"product_cat":[732],"product_tag":[],"giftcard-category":[],"class_list":{"0":"post-56379","1":"product","2":"type-product","3":"status-publish","4":"has-post-thumbnail","6":"pwb-brand-cantabria-labs","7":"product_cat-spf-apsauga","9":"first","10":"instock","11":"sale","12":"taxable","13":"shipping-taxable","14":"purchasable","15":"product-type-simple"},"acf":[],"brands":[{"id":1202,"name":"Cantabria Labs","slug":"cantabria-labs"}],"_links":{"self":[{"href":"https:\/\/skinstudio.ee\/lt\/wp-json\/wp\/v2\/product\/56379","targetHints":{"allow":["GET"]}}],"collection":[{"href":"https:\/\/skinstudio.ee\/lt\/wp-json\/wp\/v2\/product"}],"about":[{"href":"https:\/\/skinstudio.ee\/lt\/wp-json\/wp\/v2\/types\/product"}],"version-history":[{"count":0,"href":"https:\/\/skinstudio.ee\/lt\/wp-json\/wp\/v2\/product\/56379\/revisions"}],"wp:featuredmedia":[{"embeddable":true,"href":"https:\/\/skinstudio.ee\/lt\/wp-json\/wp\/v2\/media\/65417"}],"wp:attachment":[{"href":"https:\/\/skinstudio.ee\/lt\/wp-json\/wp\/v2\/media?parent=56379"}],"wp:term":[{"taxonomy":"pwb-brand","embeddable":true,"href":"https:\/\/skinstudio.ee\/lt\/wp-json\/wp\/v2\/pwb-brand?post=56379"},{"taxonomy":"product_brand","embeddable":true,"href":"https:\/\/skinstudio.ee\/lt\/wp-json\/wp\/v2\/product_brand?post=56379"},{"taxonomy":"product_cat","embeddable":true,"href":"https:\/\/skinstudio.ee\/lt\/wp-json\/wp\/v2\/product_cat?post=56379"},{"taxonomy":"product_tag","embeddable":true,"href":"https:\/\/skinstudio.ee\/lt\/wp-json\/wp\/v2\/product_tag?post=56379"},{"taxonomy":"giftcard-category","embeddable":true,"href":"https:\/\/skinstudio.ee\/lt\/wp-json\/wp\/v2\/giftcard-category?post=56379"}],"curies":[{"name":"wp","href":"https:\/\/api.w.org\/{rel}","templated":true}]}}