{"id":56408,"date":"2025-10-28T13:17:07","date_gmt":"2025-10-28T13:17:07","guid":{"rendered":"https:\/\/skinstudio.ee\/?post_type=product&#038;p=56408"},"modified":"2025-12-18T13:31:28","modified_gmt":"2025-12-18T13:31:28","slug":"heliocare-360o-pigment-solution-fluid-spf50","status":"publish","type":"product","link":"https:\/\/skinstudio.ee\/lt\/catalog\/cantabria-labs\/heliocare-360o-pigment-solution-fluid-spf50\/","title":{"rendered":"Heliocare 360\u00ba Pigment Solution Fluid SPF50"},"content":{"rendered":"<p data-start=\"1949\" data-end=\"2471\">Ypa\u010d lengvas tekst\u016bros saul\u0117s apsaugos fluidas, suteikiantis labai auk\u0161t\u0105 apsaug\u0105 ir sukurtas pigmentacijos bei tamsi\u0173 d\u0117mi\u0173 prevencijai ir korekcijai.<br data-start=\"2100\" data-end=\"2103\" \/><strong data-start=\"2103\" data-end=\"2150\">Heliocare 360\u00ba Pigment Solution Fluid SPF50<\/strong> u\u017etikrina visapusi\u0161k\u0105 apsaug\u0105 nuo keturi\u0173 tip\u0173 spinduliuot\u0117s &#8211; <strong data-start=\"2214\" data-end=\"2259\">UVA, UVB, matomos ir infraraudonos (IR-A)<\/strong> &#8211; bei m\u0117lynos \u0161viesos, kuri\u0105 skleid\u017eia skaitmeniniai \u012frenginiai. Jo antipoluicin\u0117 ir depigmentuojanti formul\u0117 padeda i\u0161vengti saul\u0117s sukelt\u0173 d\u0117mi\u0173 bei nelygaus odos tono, suteikdama odai skaistumo ir tolygumo.<\/p>\n<p data-start=\"2473\" data-end=\"2935\">Patent\u0173 saugoma <strong data-start=\"2489\" data-end=\"2509\">ASPA-Fernblock\u00ae+<\/strong> technologija stiprina odos nat\u016brali\u0105 apsaug\u0105 nuo laisv\u0173j\u0173 radikal\u0173 ir fotosen\u0117jimo, padeda atkurti l\u0105steli\u0173 DNR ir palaiko optimal\u0173 vitamino D balans\u0105.<br data-start=\"2661\" data-end=\"2664\" \/><strong data-start=\"2664\" data-end=\"2679\">Niacinamido<\/strong> ir <strong data-start=\"2683\" data-end=\"2703\">elagino r\u016bg\u0161ties<\/strong> kompleksas ma\u017eina melanino gamyb\u0105 ir jo pasiskirstym\u0105, matomai ma\u017eindamas pigmentacijos d\u0117mes.<br data-start=\"2798\" data-end=\"2801\" \/>Lengva tonuota formul\u0117 prisitaiko prie nat\u016bralaus odos atspalvio, suteikdama lyg\u0173 ir sveikai atrodant\u012f rezultat\u0105 be sunkumo poj\u016b\u010dio.<\/p>\n<p data-start=\"2937\" data-end=\"3056\">Fluidas lengvai pasiskirsto, akimirksniu susigeria, nepalieka riebios pl\u0117vel\u0117s ir tinka vis\u0173 tip\u0173, net jautriai odai.<\/p>\n<p data-start=\"3058\" data-end=\"3076\"><strong data-start=\"3058\" data-end=\"3074\">T\u016bris: 50 ml<\/strong><\/p>\n","protected":false},"excerpt":{"rendered":"<p data-start=\"3386\" data-end=\"3447\">Tonizuojantis saul\u0117s apsaugos fluidas pigmentacijai ma\u017einti<\/p>\n<h2 data-start=\"3449\" data-end=\"3801\"><strong data-start=\"3449\" data-end=\"3521\">Cantabria Labs &#8211; Heliocare 360\u00ba Pigment Solution Fluid SPF50 savyb\u0117s<\/strong><\/h2>\n<p data-start=\"3449\" data-end=\"3801\" data-is-last-node=\"\" data-is-only-node=\"\">\u2714\ufe0f Suteikia apsaug\u0105 nuo UVA, UVB, IR ir m\u0117lynos \u0161viesos<br data-start=\"3579\" data-end=\"3582\" \/>\u2714\ufe0f Ma\u017eina ir apsaugo nuo pigmentacijos d\u0117mi\u0173<br data-start=\"3626\" data-end=\"3629\" \/>\u2714\ufe0f Skatina DNR atsinaujinim\u0105 ir palaiko vitamino D balans\u0105<br data-start=\"3687\" data-end=\"3690\" \/>\u2714\ufe0f Sulygina odos atspalv\u012f ir suteikia nat\u016bral\u0173 \u0161vyt\u0117jim\u0105<br data-start=\"3746\" data-end=\"3749\" \/>\u2714\ufe0f Sukuria lengv\u0105, \u201eantros odos\u201c efekt\u0105 be blizgesio<\/p>\n","protected":false},"featured_media":65412,"template":"","meta":[],"pwb-brand":[1202],"product_brand":[],"product_cat":[752,732],"product_tag":[],"giftcard-category":[],"class_list":{"0":"post-56408","1":"product","2":"type-product","3":"status-publish","4":"has-post-thumbnail","6":"pwb-brand-cantabria-labs","7":"product_cat-pigmentacija-lt","8":"product_cat-spf-apsauga","10":"first","11":"instock","12":"sale","13":"taxable","14":"shipping-taxable","15":"purchasable","16":"product-type-simple"},"acf":[],"brands":[{"id":1202,"name":"Cantabria Labs","slug":"cantabria-labs"}],"_links":{"self":[{"href":"https:\/\/skinstudio.ee\/lt\/wp-json\/wp\/v2\/product\/56408","targetHints":{"allow":["GET"]}}],"collection":[{"href":"https:\/\/skinstudio.ee\/lt\/wp-json\/wp\/v2\/product"}],"about":[{"href":"https:\/\/skinstudio.ee\/lt\/wp-json\/wp\/v2\/types\/product"}],"version-history":[{"count":0,"href":"https:\/\/skinstudio.ee\/lt\/wp-json\/wp\/v2\/product\/56408\/revisions"}],"wp:featuredmedia":[{"embeddable":true,"href":"https:\/\/skinstudio.ee\/lt\/wp-json\/wp\/v2\/media\/65412"}],"wp:attachment":[{"href":"https:\/\/skinstudio.ee\/lt\/wp-json\/wp\/v2\/media?parent=56408"}],"wp:term":[{"taxonomy":"pwb-brand","embeddable":true,"href":"https:\/\/skinstudio.ee\/lt\/wp-json\/wp\/v2\/pwb-brand?post=56408"},{"taxonomy":"product_brand","embeddable":true,"href":"https:\/\/skinstudio.ee\/lt\/wp-json\/wp\/v2\/product_brand?post=56408"},{"taxonomy":"product_cat","embeddable":true,"href":"https:\/\/skinstudio.ee\/lt\/wp-json\/wp\/v2\/product_cat?post=56408"},{"taxonomy":"product_tag","embeddable":true,"href":"https:\/\/skinstudio.ee\/lt\/wp-json\/wp\/v2\/product_tag?post=56408"},{"taxonomy":"giftcard-category","embeddable":true,"href":"https:\/\/skinstudio.ee\/lt\/wp-json\/wp\/v2\/giftcard-category?post=56408"}],"curies":[{"name":"wp","href":"https:\/\/api.w.org\/{rel}","templated":true}]}}