{"id":56433,"date":"2025-10-28T13:26:38","date_gmt":"2025-10-28T13:26:38","guid":{"rendered":"https:\/\/skinstudio.ee\/?post_type=product&#038;p=56433"},"modified":"2025-12-18T13:31:28","modified_gmt":"2025-12-18T13:31:28","slug":"heliocare-360o-age-active-fluid-spf50","status":"publish","type":"product","link":"https:\/\/skinstudio.ee\/lt\/catalog\/cantabria-labs\/heliocare-360o-age-active-fluid-spf50\/","title":{"rendered":"Heliocare 360\u00ba Age Active Fluid SPF50+"},"content":{"rendered":"<p data-start=\"1743\" data-end=\"2312\">Ypa\u010d lengvas tekst\u016bros sen\u0117jim\u0105 stabdantis saul\u0117s apsaugos fluidas su auk\u0161ta apsauga, sukurtas siekiant u\u017ekirsti keli\u0105 ir suma\u017einti fotosen\u0117jimo po\u017eymius.<br data-start=\"1897\" data-end=\"1900\" \/><strong data-start=\"1900\" data-end=\"1942\">Heliocare 360\u00ba Age Active Fluid SPF50+<\/strong> suteikia plataus spektro apsaug\u0105 nuo vis\u0173 r\u016b\u0161i\u0173 spinduliuot\u0117s \u2013 <strong data-start=\"2007\" data-end=\"2033\">UVA, UVB, matomos (VL)<\/strong> ir <strong data-start=\"2037\" data-end=\"2064\">infraraudonosios (IR-A)<\/strong> \u2013 taip pat nuo m\u0117lynos \u0161viesos, kuri\u0105 skleid\u017eia skaitmeniniai \u012frenginiai.<br data-start=\"2138\" data-end=\"2141\" \/>Antiter\u0161al\u0173 formul\u0117 su trigubu atjauninan\u010diu kompleksu i\u0161lygina rauk\u0161les, pagerina odos elastingum\u0105 ir neleid\u017eia suirti kolagenui, atkurdama odos stangrum\u0105 ir \u0161vyt\u0117jim\u0105.<\/p>\n<p data-start=\"2314\" data-end=\"2736\">Patentuota <strong data-start=\"2325\" data-end=\"2345\">ASPA-Fernblock\u00ae+<\/strong> technologija stiprina nat\u016brali\u0105 odos apsaug\u0105, neutralizuoja laisvuosius radikalus, skatina DNR atk\u016brim\u0105 ir padeda palaikyti optimal\u0173 vitamino D balans\u0105.<br data-start=\"2498\" data-end=\"2501\" \/><strong data-start=\"2501\" data-end=\"2515\">Soft Focus<\/strong> technologija vizualiai suma\u017eina rauk\u0161les ir netobulumus, suteikdama odai tolygi\u0105, \u0161ilkin\u0119 i\u0161vaizd\u0105.<br data-start=\"2615\" data-end=\"2618\" \/>Lengva, dr\u0117kinanti ir tonizuojanti formul\u0117 greitai susigeria, nepalieka \u017eymi\u0173 ir tinka vis\u0173 tip\u0173, net jautriai odai.<\/p>\n<p data-start=\"2738\" data-end=\"2756\"><strong data-start=\"2738\" data-end=\"2754\">T\u016bris: 50 ml<\/strong><\/p>\n","protected":false},"excerpt":{"rendered":"<p data-start=\"3066\" data-end=\"3125\">Tonizuojantis sen\u0117jim\u0105 stabdantis saul\u0117s apsaugos fluidas<\/p>\n<h2 data-start=\"3127\" data-end=\"3421\"><strong data-start=\"3127\" data-end=\"3194\">Cantabria Labs &#8211; Heliocare 360\u00ba Age Active Fluid SPF50+ savyb\u0117s<\/strong><\/h2>\n<p data-start=\"3127\" data-end=\"3421\" data-is-last-node=\"\" data-is-only-node=\"\">\u2714\ufe0f Apsaugo nuo UVA, UVB, IR ir m\u0117lynos \u0161viesos<br data-start=\"3243\" data-end=\"3246\" \/>\u2714\ufe0f Ma\u017eina rauk\u0161les ir gerina odos elastingum\u0105<br data-start=\"3291\" data-end=\"3294\" \/>\u2714\ufe0f Padeda i\u0161vengti fotosen\u0117jimo ir kolageno suirimo<br data-start=\"3345\" data-end=\"3348\" \/>\u2714\ufe0f Suteikia glotnumo ir \u0161vyt\u0117jimo efekt\u0105<br data-start=\"3388\" data-end=\"3391\" \/>\u2714\ufe0f Dr\u0117kina ir saugo nuo tar\u0161os<\/p>\n","protected":false},"featured_media":65407,"template":"","meta":[],"pwb-brand":[1202],"product_brand":[],"product_cat":[750,732],"product_tag":[],"giftcard-category":[],"class_list":{"0":"post-56433","1":"product","2":"type-product","3":"status-publish","4":"has-post-thumbnail","6":"pwb-brand-cantabria-labs","7":"product_cat-senstanti-oda","8":"product_cat-spf-apsauga","10":"first","11":"instock","12":"sale","13":"taxable","14":"shipping-taxable","15":"purchasable","16":"product-type-simple"},"acf":[],"brands":[{"id":1202,"name":"Cantabria Labs","slug":"cantabria-labs"}],"_links":{"self":[{"href":"https:\/\/skinstudio.ee\/lt\/wp-json\/wp\/v2\/product\/56433","targetHints":{"allow":["GET"]}}],"collection":[{"href":"https:\/\/skinstudio.ee\/lt\/wp-json\/wp\/v2\/product"}],"about":[{"href":"https:\/\/skinstudio.ee\/lt\/wp-json\/wp\/v2\/types\/product"}],"version-history":[{"count":0,"href":"https:\/\/skinstudio.ee\/lt\/wp-json\/wp\/v2\/product\/56433\/revisions"}],"wp:featuredmedia":[{"embeddable":true,"href":"https:\/\/skinstudio.ee\/lt\/wp-json\/wp\/v2\/media\/65407"}],"wp:attachment":[{"href":"https:\/\/skinstudio.ee\/lt\/wp-json\/wp\/v2\/media?parent=56433"}],"wp:term":[{"taxonomy":"pwb-brand","embeddable":true,"href":"https:\/\/skinstudio.ee\/lt\/wp-json\/wp\/v2\/pwb-brand?post=56433"},{"taxonomy":"product_brand","embeddable":true,"href":"https:\/\/skinstudio.ee\/lt\/wp-json\/wp\/v2\/product_brand?post=56433"},{"taxonomy":"product_cat","embeddable":true,"href":"https:\/\/skinstudio.ee\/lt\/wp-json\/wp\/v2\/product_cat?post=56433"},{"taxonomy":"product_tag","embeddable":true,"href":"https:\/\/skinstudio.ee\/lt\/wp-json\/wp\/v2\/product_tag?post=56433"},{"taxonomy":"giftcard-category","embeddable":true,"href":"https:\/\/skinstudio.ee\/lt\/wp-json\/wp\/v2\/giftcard-category?post=56433"}],"curies":[{"name":"wp","href":"https:\/\/api.w.org\/{rel}","templated":true}]}}