{"id":56465,"date":"2025-10-28T13:36:43","date_gmt":"2025-10-28T13:36:43","guid":{"rendered":"https:\/\/skinstudio.ee\/?post_type=product&#038;p=56465"},"modified":"2025-12-18T13:31:28","modified_gmt":"2025-12-18T13:31:28","slug":"heliocare-360o-md-ak-fluid-spf100","status":"publish","type":"product","link":"https:\/\/skinstudio.ee\/lt\/catalog\/cantabria-labs\/heliocare-360o-md-ak-fluid-spf100\/","title":{"rendered":"Heliocare 360\u00ba MD AK Fluid SPF100"},"content":{"rendered":"<p data-start=\"1792\" data-end=\"2133\">Auk\u0161t\u0173j\u0173 technologij\u0173 fotoprotektorius ir pagalbin\u0117 priemon\u0117 odos apsaugai ir profilaktikai esant aktininei keratozei (AK) bei kitoms nemelanomos odos v\u0117\u017eio formoms.<br data-start=\"1957\" data-end=\"1960\" \/><strong data-start=\"1960\" data-end=\"1997\">Heliocare 360\u00ba MD AK Fluid SPF100<\/strong> derina galing\u0105 apsaug\u0105 nuo saul\u0117s ir novatori\u0161k\u0105 DNR atk\u016brimo kompleks\u0105, u\u017etikrindamas veiksming\u0105 pagalb\u0105 pa\u017eeistai ir jautriai odai.<\/p>\n<p data-start=\"2135\" data-end=\"2590\">Patentuotas <strong data-start=\"2147\" data-end=\"2170\">GenoRepair\u00ae Complex<\/strong>, sudarytas i\u0161 trij\u0173 ferment\u0173 (fotoliaz\u0117s, endonukleaz\u0117s ir glikozilaz\u0117s), aktyvina nat\u016bralius DNR atk\u016brimo mechanizmus ir pagreitina l\u0105steli\u0173 atsinaujinim\u0105 po UV spinduliuot\u0117s sukeltos \u017ealos.<br data-start=\"2362\" data-end=\"2365\" \/><strong data-start=\"2365\" data-end=\"2380\">Fernblock\u00ae+<\/strong> technologija kartu su antioksidantais suteikia stipri\u0105 apsaug\u0105 nuo keturi\u0173 tip\u0173 spinduliuot\u0117s \u2013 UVA, UVB, matomos ir infraraudonosios \u2013 neutralizuoja laisvuosius radikalus ir stiprina odos apsaugin\u012f barjer\u0105.<\/p>\n<p data-start=\"2592\" data-end=\"2759\">Lengvos, nekomedogenin\u0117s tekst\u016bros skystis tolygiai pasiskirsto ir tinka net labai jautriai odai, \u012fskaitant saul\u0117s poveikiui veikiamas ir sunkiai pasiekiamas vietas.<\/p>\n<p data-start=\"2761\" data-end=\"2779\"><strong data-start=\"2761\" data-end=\"2777\">T\u016bris: 50 ml<\/strong><\/p>\n","protected":false},"excerpt":{"rendered":"<p data-start=\"3089\" data-end=\"3135\">Fotoprotektorius odos apsaugai ir atstatymui<\/p>\n<h2 data-start=\"3137\" data-end=\"3482\"><strong data-start=\"3137\" data-end=\"3199\">Cantabria Labs &#8211; Heliocare 360\u00ba MD AK Fluid SPF100 <\/strong><strong data-start=\"3137\" data-end=\"3199\">Savyb\u0117s<\/strong><\/h2>\n<p data-start=\"3137\" data-end=\"3482\" data-is-last-node=\"\" data-is-only-node=\"\">\u2714\ufe0f Suteikia itin auk\u0161t\u0105 apsaug\u0105 nuo UVA ir UVB<br data-start=\"3248\" data-end=\"3251\" \/>\u2714\ufe0f Aktyvina nat\u016bralius DNR atk\u016brimo mechanizmus<br data-start=\"3298\" data-end=\"3301\" \/>\u2714\ufe0f Padeda i\u0161vengti aktinin\u0117s keratoz\u0117s ir odos v\u0117\u017eio<br data-start=\"3353\" data-end=\"3356\" \/>\u2714\ufe0f U\u017etikrina antioksidacin\u0119 apsaug\u0105 ir stiprina odos barjer\u0105<br data-start=\"3416\" data-end=\"3419\" \/>\u2714\ufe0f Stiprina nat\u016brali\u0105 odos apsaug\u0105 nuo aplinkos streso veiksni\u0173<\/p>\n","protected":false},"featured_media":65402,"template":"","meta":[],"pwb-brand":[1202],"product_brand":[],"product_cat":[732],"product_tag":[],"giftcard-category":[],"class_list":{"0":"post-56465","1":"product","2":"type-product","3":"status-publish","4":"has-post-thumbnail","6":"pwb-brand-cantabria-labs","7":"product_cat-spf-apsauga","9":"first","10":"instock","11":"taxable","12":"shipping-taxable","13":"purchasable","14":"product-type-simple"},"acf":[],"brands":[{"id":1202,"name":"Cantabria Labs","slug":"cantabria-labs"}],"_links":{"self":[{"href":"https:\/\/skinstudio.ee\/lt\/wp-json\/wp\/v2\/product\/56465","targetHints":{"allow":["GET"]}}],"collection":[{"href":"https:\/\/skinstudio.ee\/lt\/wp-json\/wp\/v2\/product"}],"about":[{"href":"https:\/\/skinstudio.ee\/lt\/wp-json\/wp\/v2\/types\/product"}],"version-history":[{"count":0,"href":"https:\/\/skinstudio.ee\/lt\/wp-json\/wp\/v2\/product\/56465\/revisions"}],"wp:featuredmedia":[{"embeddable":true,"href":"https:\/\/skinstudio.ee\/lt\/wp-json\/wp\/v2\/media\/65402"}],"wp:attachment":[{"href":"https:\/\/skinstudio.ee\/lt\/wp-json\/wp\/v2\/media?parent=56465"}],"wp:term":[{"taxonomy":"pwb-brand","embeddable":true,"href":"https:\/\/skinstudio.ee\/lt\/wp-json\/wp\/v2\/pwb-brand?post=56465"},{"taxonomy":"product_brand","embeddable":true,"href":"https:\/\/skinstudio.ee\/lt\/wp-json\/wp\/v2\/product_brand?post=56465"},{"taxonomy":"product_cat","embeddable":true,"href":"https:\/\/skinstudio.ee\/lt\/wp-json\/wp\/v2\/product_cat?post=56465"},{"taxonomy":"product_tag","embeddable":true,"href":"https:\/\/skinstudio.ee\/lt\/wp-json\/wp\/v2\/product_tag?post=56465"},{"taxonomy":"giftcard-category","embeddable":true,"href":"https:\/\/skinstudio.ee\/lt\/wp-json\/wp\/v2\/giftcard-category?post=56465"}],"curies":[{"name":"wp","href":"https:\/\/api.w.org\/{rel}","templated":true}]}}