{"id":56493,"date":"2025-10-28T14:07:34","date_gmt":"2025-10-28T14:07:34","guid":{"rendered":"https:\/\/skinstudio.ee\/?post_type=product&#038;p=56493"},"modified":"2025-12-18T13:31:28","modified_gmt":"2025-12-18T13:31:28","slug":"heliocare-360o-pediatrics-mineral-spf50","status":"publish","type":"product","link":"https:\/\/skinstudio.ee\/lt\/catalog\/cantabria-labs\/heliocare-360o-pediatrics-mineral-spf50\/","title":{"rendered":"Heliocare 360\u00ba Pediatrics Mineral SPF50"},"content":{"rendered":"<p data-start=\"1709\" data-end=\"1964\">\u0160velnus mineralinis kremas nuo saul\u0117s, specialiai sukurtas jautriai ir atopinei vaik\u0173 odai, tinkamas naudoti nuo 3 m\u0117nesi\u0173 am\u017eiaus.<br data-start=\"1840\" data-end=\"1843\" \/>Didelio toleranti\u0161kumo formul\u0117 patikrinta pri\u017ei\u016brint pediatrams, dermatologams ir oftalmologams, tinka veidui ir k\u016bnui.<\/p>\n<p data-start=\"1966\" data-end=\"2456\"><strong data-start=\"1966\" data-end=\"2009\">Heliocare 360\u00ba Pediatrics Mineral SPF50<\/strong> sujungia patentuot\u0105 <strong data-start=\"2030\" data-end=\"2045\">Fernblock\u00ae+<\/strong> technologij\u0105 su mineraliniais filtrais ir antioksidantais, u\u017etikrindamas plataus spektro apsaug\u0105 nuo UVA, UVB, matomos ir infraraudonosios (IR-A) \u0161viesos. Jis neutralizuoja laisvuosius radikalus, padeda atkurti pa\u017eeistas l\u0105steles ir apsaugo nuo saul\u0117s sukeltos \u017ealos.<br data-start=\"2313\" data-end=\"2316\" \/>Formul\u0117 praturtinta raminan\u010diais ir dr\u0117kinan\u010diais ingredientais, kurie stiprina odos barjer\u0105, apsaugo nuo sausumo ir i\u0161laiko jos \u0161velnum\u0105.<\/p>\n<p data-start=\"2458\" data-end=\"2668\">Lengvos tekst\u016bros kremas greitai susigeria, nepalieka balt\u0173 \u017eymi\u0173 ir yra atsparus vandeniui bei sm\u0117liui. Nekomedogeni\u0161kas, \u0161velnus, neerzinantis \u2013 puikus pasirinkimas kasdieninei vaik\u0173 jautrios odos apsaugai.<\/p>\n<p data-start=\"2670\" data-end=\"2688\"><strong data-start=\"2670\" data-end=\"2680\">T\u016bris:<\/strong> 50 ml<\/p>\n","protected":false},"excerpt":{"rendered":"<p data-start=\"2921\" data-end=\"2980\">\u0160velnus mineralinis kremas nuo saul\u0117s vaik\u0173 jautriai odai<\/p>\n<h2 data-start=\"2982\" data-end=\"3322\"><strong data-start=\"2982\" data-end=\"3050\">Cantabria Labs &#8211; Heliocare 360\u00ba Pediatrics Mineral SPF50 Savyb\u0117s<\/strong><\/h2>\n<p data-start=\"2982\" data-end=\"3322\" data-is-last-node=\"\" data-is-only-node=\"\">\u2714\ufe0f U\u017etikrina plataus spektro apsaug\u0105 nuo UVA, UVB, IR ir matomos \u0161viesos<br data-start=\"3125\" data-end=\"3128\" \/>\u2714\ufe0f Tinka vaikams nuo 3 m\u0117nesi\u0173, taip pat atopinei odai<br data-start=\"3182\" data-end=\"3185\" \/>\u2714\ufe0f Stiprina ir dr\u0117kina odos apsaugin\u012f barjer\u0105<br data-start=\"3230\" data-end=\"3233\" \/>\u2714\ufe0f Atsparus vandeniui, sm\u0117liui ir prakaitui<br data-start=\"3276\" data-end=\"3279\" \/>\u2714\ufe0f Neerzina odos ir nepalieka balt\u0173 \u017eymi\u0173<\/p>\n","protected":false},"featured_media":65397,"template":"","meta":[],"pwb-brand":[1202],"product_brand":[],"product_cat":[732,1192],"product_tag":[],"giftcard-category":[],"class_list":{"0":"post-56493","1":"product","2":"type-product","3":"status-publish","4":"has-post-thumbnail","6":"pwb-brand-cantabria-labs","7":"product_cat-spf-apsauga","8":"product_cat-vaikams","10":"first","11":"instock","12":"taxable","13":"shipping-taxable","14":"purchasable","15":"product-type-simple"},"acf":[],"brands":[{"id":1202,"name":"Cantabria Labs","slug":"cantabria-labs"}],"_links":{"self":[{"href":"https:\/\/skinstudio.ee\/lt\/wp-json\/wp\/v2\/product\/56493","targetHints":{"allow":["GET"]}}],"collection":[{"href":"https:\/\/skinstudio.ee\/lt\/wp-json\/wp\/v2\/product"}],"about":[{"href":"https:\/\/skinstudio.ee\/lt\/wp-json\/wp\/v2\/types\/product"}],"version-history":[{"count":0,"href":"https:\/\/skinstudio.ee\/lt\/wp-json\/wp\/v2\/product\/56493\/revisions"}],"wp:featuredmedia":[{"embeddable":true,"href":"https:\/\/skinstudio.ee\/lt\/wp-json\/wp\/v2\/media\/65397"}],"wp:attachment":[{"href":"https:\/\/skinstudio.ee\/lt\/wp-json\/wp\/v2\/media?parent=56493"}],"wp:term":[{"taxonomy":"pwb-brand","embeddable":true,"href":"https:\/\/skinstudio.ee\/lt\/wp-json\/wp\/v2\/pwb-brand?post=56493"},{"taxonomy":"product_brand","embeddable":true,"href":"https:\/\/skinstudio.ee\/lt\/wp-json\/wp\/v2\/product_brand?post=56493"},{"taxonomy":"product_cat","embeddable":true,"href":"https:\/\/skinstudio.ee\/lt\/wp-json\/wp\/v2\/product_cat?post=56493"},{"taxonomy":"product_tag","embeddable":true,"href":"https:\/\/skinstudio.ee\/lt\/wp-json\/wp\/v2\/product_tag?post=56493"},{"taxonomy":"giftcard-category","embeddable":true,"href":"https:\/\/skinstudio.ee\/lt\/wp-json\/wp\/v2\/giftcard-category?post=56493"}],"curies":[{"name":"wp","href":"https:\/\/api.w.org\/{rel}","templated":true}]}}