{"id":56518,"date":"2025-10-28T14:15:15","date_gmt":"2025-10-28T14:15:15","guid":{"rendered":"https:\/\/skinstudio.ee\/?post_type=product&#038;p=56518"},"modified":"2025-12-18T13:31:28","modified_gmt":"2025-12-18T13:31:28","slug":"heliocare-360o-pediatrics-atopic-spray-spf50","status":"publish","type":"product","link":"https:\/\/skinstudio.ee\/lt\/catalog\/cantabria-labs\/heliocare-360o-pediatrics-atopic-spray-spf50\/","title":{"rendered":"Heliocare 360\u00ba Pediatrics Atopic Spray SPF50"},"content":{"rendered":"<p data-start=\"1717\" data-end=\"2018\">Lengvas, dr\u0117kinantis pur\u0161kiamas kremas nuo saul\u0117s, specialiai sukurtas jautriai, sausai ir atopinei k\u016bdiki\u0173 bei vaik\u0173 odai nuo 6 m\u0117nesi\u0173 am\u017eiaus.<br data-start=\"1862\" data-end=\"1865\" \/>D\u0117l \u0161velnios tekst\u016bros ir patogaus pur\u0161kimo aplikatoriaus priemon\u0117 lengvai ir tolygiai pasiskirsto ant odos, u\u017etikrindama komforti\u0161k\u0105 kasdien\u0119 apsaug\u0105.<\/p>\n<p data-start=\"2020\" data-end=\"2395\"><strong data-start=\"2020\" data-end=\"2068\">Heliocare 360\u00ba Pediatrics Atopic Spray SPF50<\/strong> sud\u0117tyje yra patentuotas <strong data-start=\"2094\" data-end=\"2109\">Fernblock\u00ae+<\/strong> kompleksas, antioksidantai ir atkuriamieji ingredientai, suteikiantys plataus spektro apsaug\u0105 nuo UVA, UVB, matomos ir infraraudonosios (IR-A) \u0161viesos.<br data-start=\"2261\" data-end=\"2264\" \/>Formul\u0117 stiprina odos barjer\u0105, ma\u017eina jautrum\u0105 ir padeda i\u0161vengti sausumo bei sudirginimo, i\u0161laikydama od\u0105 mink\u0161t\u0105 ir sudr\u0117kint\u0105.<\/p>\n<p data-start=\"2397\" data-end=\"2578\">Pur\u0161kiklis greitai susigeria, nepalieka riebios pl\u0117vel\u0117s ar balt\u0173 \u017eymi\u0173. Atsparus vandeniui ir prakaitui, tinka visiems odos tipams, \u012fskaitant labai \u0161viesi\u0105 od\u0105 (Fitzpatrick I\u2013V).<\/p>\n<p data-start=\"2580\" data-end=\"2599\"><strong data-start=\"2580\" data-end=\"2590\">T\u016bris:<\/strong> 250 ml<\/p>\n","protected":false},"excerpt":{"rendered":"<p data-start=\"2927\" data-end=\"2985\">\u0160velnus pur\u0161kiamas kremas nuo saul\u0117s vaik\u0173 jautriai odai<\/p>\n<h2 data-start=\"2987\" data-end=\"3353\"><strong data-start=\"2987\" data-end=\"3060\">Cantabria Labs &#8211; Heliocare 360\u00ba Pediatrics Atopic Spray SPF50 Savyb\u0117s<\/strong><\/h2>\n<p data-start=\"2987\" data-end=\"3353\" data-is-last-node=\"\" data-is-only-node=\"\">\u2714\ufe0f U\u017etikrina plataus spektro apsaug\u0105 nuo UVA, UVB, IR ir matomos \u0161viesos<br data-start=\"3135\" data-end=\"3138\" \/>\u2714\ufe0f Tinka vaikams nuo 6 m\u0117nesi\u0173, taip pat atopinei odai<br data-start=\"3192\" data-end=\"3195\" \/>\u2714\ufe0f Dr\u0117kina, mink\u0161tina ir stiprina odos apsaugin\u012f barjer\u0105<br data-start=\"3251\" data-end=\"3254\" \/>\u2714\ufe0f Greitai susigeria ir nepalieka balt\u0173 \u017eymi\u0173<br data-start=\"3299\" data-end=\"3302\" \/>\u2714\ufe0f Atsparus vandeniui ir prakaitui, patogus naudoti<\/p>\n","protected":false},"featured_media":65392,"template":"","meta":[],"pwb-brand":[1202],"product_brand":[],"product_cat":[732,1192],"product_tag":[],"giftcard-category":[],"class_list":{"0":"post-56518","1":"product","2":"type-product","3":"status-publish","4":"has-post-thumbnail","6":"pwb-brand-cantabria-labs","7":"product_cat-spf-apsauga","8":"product_cat-vaikams","10":"first","11":"instock","12":"taxable","13":"shipping-taxable","14":"purchasable","15":"product-type-simple"},"acf":[],"brands":[{"id":1202,"name":"Cantabria Labs","slug":"cantabria-labs"}],"_links":{"self":[{"href":"https:\/\/skinstudio.ee\/lt\/wp-json\/wp\/v2\/product\/56518","targetHints":{"allow":["GET"]}}],"collection":[{"href":"https:\/\/skinstudio.ee\/lt\/wp-json\/wp\/v2\/product"}],"about":[{"href":"https:\/\/skinstudio.ee\/lt\/wp-json\/wp\/v2\/types\/product"}],"version-history":[{"count":0,"href":"https:\/\/skinstudio.ee\/lt\/wp-json\/wp\/v2\/product\/56518\/revisions"}],"wp:featuredmedia":[{"embeddable":true,"href":"https:\/\/skinstudio.ee\/lt\/wp-json\/wp\/v2\/media\/65392"}],"wp:attachment":[{"href":"https:\/\/skinstudio.ee\/lt\/wp-json\/wp\/v2\/media?parent=56518"}],"wp:term":[{"taxonomy":"pwb-brand","embeddable":true,"href":"https:\/\/skinstudio.ee\/lt\/wp-json\/wp\/v2\/pwb-brand?post=56518"},{"taxonomy":"product_brand","embeddable":true,"href":"https:\/\/skinstudio.ee\/lt\/wp-json\/wp\/v2\/product_brand?post=56518"},{"taxonomy":"product_cat","embeddable":true,"href":"https:\/\/skinstudio.ee\/lt\/wp-json\/wp\/v2\/product_cat?post=56518"},{"taxonomy":"product_tag","embeddable":true,"href":"https:\/\/skinstudio.ee\/lt\/wp-json\/wp\/v2\/product_tag?post=56518"},{"taxonomy":"giftcard-category","embeddable":true,"href":"https:\/\/skinstudio.ee\/lt\/wp-json\/wp\/v2\/giftcard-category?post=56518"}],"curies":[{"name":"wp","href":"https:\/\/api.w.org\/{rel}","templated":true}]}}