{"id":56547,"date":"2025-10-28T14:22:44","date_gmt":"2025-10-28T14:22:44","guid":{"rendered":"https:\/\/skinstudio.ee\/?post_type=product&#038;p=56547"},"modified":"2025-12-18T13:31:28","modified_gmt":"2025-12-18T13:31:28","slug":"heliocare-360o-pediatrics-stick-spf50","status":"publish","type":"product","link":"https:\/\/skinstudio.ee\/lt\/catalog\/cantabria-labs\/heliocare-360o-pediatrics-stick-spf50\/","title":{"rendered":"Heliocare 360\u00ba Pediatrics Stick SPF50+"},"content":{"rendered":"<p data-start=\"1669\" data-end=\"2040\">Patogus saul\u0117s apsaugos stikas, u\u017etikrinantis auk\u0161to lygio apsaug\u0105, specialiai sukurtas jautriai ir atopinei vaik\u0173 odai nuo 2 met\u0173 am\u017eiaus.<br data-start=\"1808\" data-end=\"1811\" \/>Formul\u0117 su patentuotu antioksidant\u0173 kompleksu <strong data-start=\"1857\" data-end=\"1871\">Fernblock\u00ae<\/strong> suteikia plataus spektro apsaug\u0105 nuo UVA, UVB, matomos ir infraraudonosios \u0161viesos, neutralizuoja laisvuosius radikalus ir padeda i\u0161vengti saul\u0117s sukeltos \u017ealos odai.<\/p>\n<p data-start=\"2042\" data-end=\"2277\">Stikas palieka nematom\u0105 dang\u0105, nepalieka balt\u0173 \u017eymi\u0173 ir puikiai tinka naudoti veido, l\u016bp\u0173, aus\u0173 ar kitose saul\u0117s veikiamose vietose. Atsparus vandeniui, sm\u0117liui ir prakaitui, u\u017etikrina patikim\u0105 apsaug\u0105 net aktyvaus laisvalaikio metu.<\/p>\n<p data-start=\"2279\" data-end=\"2375\">I\u0161bandytas pri\u017ei\u016brint pediatrams, dermatologams ir oftalmologams, tinka kasdieniam naudojimui.<\/p>\n<p data-start=\"2377\" data-end=\"2394\"><strong data-start=\"2377\" data-end=\"2387\">T\u016bris:<\/strong> 25 g<\/p>\n","protected":false},"excerpt":{"rendered":"<p data-start=\"2823\" data-end=\"2887\">Nematomos tekst\u016bros saul\u0117s apsaugos stikas vaik\u0173 jautriai odai<\/p>\n<h2 data-start=\"2889\" data-end=\"3235\"><strong data-start=\"2889\" data-end=\"2956\">Cantabria Labs &#8211; Heliocare 360\u00ba Pediatrics Stick SPF50+ Savyb\u0117s<\/strong><\/h2>\n<p data-start=\"2889\" data-end=\"3235\" data-is-last-node=\"\" data-is-only-node=\"\">\u2714\ufe0f U\u017etikrina plataus spektro apsaug\u0105 nuo UVA, UVB, IR ir matomos \u0161viesos<br data-start=\"3031\" data-end=\"3034\" \/>\u2714\ufe0f Tinka vaikams nuo 2 met\u0173 ir jautriai odai<br data-start=\"3078\" data-end=\"3081\" \/>\u2714\ufe0f Atsparus vandeniui, sm\u0117liui ir prakaitui<br data-start=\"3124\" data-end=\"3127\" \/>\u2714\ufe0f Nepalieka balt\u0173 \u017eymi\u0173, patogus naudoti<br data-start=\"3168\" data-end=\"3171\" \/>\u2714\ufe0f Apsaugo odos l\u0105steles nuo fotopa\u017eeidim\u0173 ir oksidacinio streso<\/p>\n","protected":false},"featured_media":65387,"template":"","meta":[],"pwb-brand":[1202],"product_brand":[],"product_cat":[732,1192],"product_tag":[],"giftcard-category":[],"class_list":{"0":"post-56547","1":"product","2":"type-product","3":"status-publish","4":"has-post-thumbnail","6":"pwb-brand-cantabria-labs","7":"product_cat-spf-apsauga","8":"product_cat-vaikams","10":"first","11":"instock","12":"taxable","13":"shipping-taxable","14":"purchasable","15":"product-type-simple"},"acf":[],"brands":[{"id":1202,"name":"Cantabria Labs","slug":"cantabria-labs"}],"_links":{"self":[{"href":"https:\/\/skinstudio.ee\/lt\/wp-json\/wp\/v2\/product\/56547","targetHints":{"allow":["GET"]}}],"collection":[{"href":"https:\/\/skinstudio.ee\/lt\/wp-json\/wp\/v2\/product"}],"about":[{"href":"https:\/\/skinstudio.ee\/lt\/wp-json\/wp\/v2\/types\/product"}],"version-history":[{"count":0,"href":"https:\/\/skinstudio.ee\/lt\/wp-json\/wp\/v2\/product\/56547\/revisions"}],"wp:featuredmedia":[{"embeddable":true,"href":"https:\/\/skinstudio.ee\/lt\/wp-json\/wp\/v2\/media\/65387"}],"wp:attachment":[{"href":"https:\/\/skinstudio.ee\/lt\/wp-json\/wp\/v2\/media?parent=56547"}],"wp:term":[{"taxonomy":"pwb-brand","embeddable":true,"href":"https:\/\/skinstudio.ee\/lt\/wp-json\/wp\/v2\/pwb-brand?post=56547"},{"taxonomy":"product_brand","embeddable":true,"href":"https:\/\/skinstudio.ee\/lt\/wp-json\/wp\/v2\/product_brand?post=56547"},{"taxonomy":"product_cat","embeddable":true,"href":"https:\/\/skinstudio.ee\/lt\/wp-json\/wp\/v2\/product_cat?post=56547"},{"taxonomy":"product_tag","embeddable":true,"href":"https:\/\/skinstudio.ee\/lt\/wp-json\/wp\/v2\/product_tag?post=56547"},{"taxonomy":"giftcard-category","embeddable":true,"href":"https:\/\/skinstudio.ee\/lt\/wp-json\/wp\/v2\/giftcard-category?post=56547"}],"curies":[{"name":"wp","href":"https:\/\/api.w.org\/{rel}","templated":true}]}}