{"id":56568,"date":"2025-10-28T14:45:23","date_gmt":"2025-10-28T14:45:23","guid":{"rendered":"https:\/\/skinstudio.ee\/?post_type=product&#038;p=56568"},"modified":"2025-12-18T13:31:28","modified_gmt":"2025-12-18T13:31:28","slug":"heliocare-360o-pediatrics-transparent-spray-spf50","status":"publish","type":"product","link":"https:\/\/skinstudio.ee\/lt\/catalog\/cantabria-labs\/heliocare-360o-pediatrics-transparent-spray-spf50\/","title":{"rendered":"Heliocare 360\u00ba Pediatrics Transparent Spray SPF50+"},"content":{"rendered":"<p data-start=\"1780\" data-end=\"2101\">Ypa\u010d patogus skaidrus saul\u0117s apsaugos pur\u0161kalas, specialiai sukurtas jautriai vaik\u0173 odai.<br data-start=\"1869\" data-end=\"1872\" \/><strong data-start=\"1872\" data-end=\"1884\">WET SKIN<\/strong> formul\u0117 leid\u017eia naudoti net ant dr\u0117gnos odos, u\u017etikrinant veiksming\u0105 apsaug\u0105 neprarandant padengimo. Skaidri, greitai \u012fsigerianti tekst\u016bra nepalieka balt\u0173 \u017eymi\u0173, nelimpa ir suteikia odai komforto bei gaivos poj\u016bt\u012f.<\/p>\n<p data-start=\"2103\" data-end=\"2477\">Pur\u0161kalas turi patentuot\u0105 antioksidant\u0173 kompleks\u0105 <strong data-start=\"2153\" data-end=\"2168\">Fernblock\u00ae+<\/strong>, taip pat atkuriamuosius ir apsauginius aktyviuosius ingredientus, kurie suteikia viso spektro fotoprotekcij\u0105 nuo keturi\u0173 r\u016b\u0161i\u0173 spinduliuot\u0117s \u2013 <strong data-start=\"2313\" data-end=\"2361\">UVA, UVB, matomos ir infraraudonosios (IR-A)<\/strong>.<br data-start=\"2362\" data-end=\"2365\" \/>Jis padeda neutralizuoti laisvuosius radikalus, atkuria pa\u017eeistas l\u0105steles ir stiprina nat\u016brali\u0105 odos apsaug\u0105.<\/p>\n<p data-start=\"2479\" data-end=\"2579\"><strong data-start=\"2479\" data-end=\"2577\">Hipoalerginis, atsparus vandeniui ir sm\u0117liui, patikrintas dermatolog\u0173 ir pediatr\u0173 prie\u017ei\u016broje.<\/strong><\/p>\n<p data-start=\"2581\" data-end=\"2600\"><strong data-start=\"2581\" data-end=\"2591\">T\u016bris:<\/strong> 200 ml<\/p>\n","protected":false},"excerpt":{"rendered":"<p data-start=\"3040\" data-end=\"3082\">Skaidrus vaik\u0173 saul\u0117s apsaugos pur\u0161kalas<\/p>\n<h2 data-start=\"3084\" data-end=\"3408\"><strong data-start=\"3084\" data-end=\"3146\">Heliocare 360\u00ba Pediatrics Transparent Spray SPF50+ Savyb\u0117s<\/strong><\/h2>\n<p data-start=\"3084\" data-end=\"3408\" data-is-last-node=\"\" data-is-only-node=\"\">\u2714\ufe0f Suteikia viso spektro apsaug\u0105 nuo UVA, UVB, IR ir matomos \u0161viesos<br data-start=\"3217\" data-end=\"3220\" \/>\u2714\ufe0f Galima tepti net ant dr\u0117gnos odos (WET SKIN technologija)<br data-start=\"3280\" data-end=\"3283\" \/>\u2714\ufe0f Ne palieka balt\u0173 \u017eymi\u0173 ir greitai \u012fsigeria<br data-start=\"3328\" data-end=\"3331\" \/>\u2714\ufe0f Atsparus vandeniui, sm\u0117liui ir prakaitui<br data-start=\"3374\" data-end=\"3377\" \/>\u2714\ufe0f Tinka jautriai ir vaik\u0173 odai<\/p>\n","protected":false},"featured_media":65382,"template":"","meta":[],"pwb-brand":[1202],"product_brand":[],"product_cat":[732,1192],"product_tag":[],"giftcard-category":[],"class_list":{"0":"post-56568","1":"product","2":"type-product","3":"status-publish","4":"has-post-thumbnail","6":"pwb-brand-cantabria-labs","7":"product_cat-spf-apsauga","8":"product_cat-vaikams","10":"first","11":"instock","12":"taxable","13":"shipping-taxable","14":"purchasable","15":"product-type-simple"},"acf":[],"brands":[{"id":1202,"name":"Cantabria Labs","slug":"cantabria-labs"}],"_links":{"self":[{"href":"https:\/\/skinstudio.ee\/lt\/wp-json\/wp\/v2\/product\/56568","targetHints":{"allow":["GET"]}}],"collection":[{"href":"https:\/\/skinstudio.ee\/lt\/wp-json\/wp\/v2\/product"}],"about":[{"href":"https:\/\/skinstudio.ee\/lt\/wp-json\/wp\/v2\/types\/product"}],"version-history":[{"count":0,"href":"https:\/\/skinstudio.ee\/lt\/wp-json\/wp\/v2\/product\/56568\/revisions"}],"wp:featuredmedia":[{"embeddable":true,"href":"https:\/\/skinstudio.ee\/lt\/wp-json\/wp\/v2\/media\/65382"}],"wp:attachment":[{"href":"https:\/\/skinstudio.ee\/lt\/wp-json\/wp\/v2\/media?parent=56568"}],"wp:term":[{"taxonomy":"pwb-brand","embeddable":true,"href":"https:\/\/skinstudio.ee\/lt\/wp-json\/wp\/v2\/pwb-brand?post=56568"},{"taxonomy":"product_brand","embeddable":true,"href":"https:\/\/skinstudio.ee\/lt\/wp-json\/wp\/v2\/product_brand?post=56568"},{"taxonomy":"product_cat","embeddable":true,"href":"https:\/\/skinstudio.ee\/lt\/wp-json\/wp\/v2\/product_cat?post=56568"},{"taxonomy":"product_tag","embeddable":true,"href":"https:\/\/skinstudio.ee\/lt\/wp-json\/wp\/v2\/product_tag?post=56568"},{"taxonomy":"giftcard-category","embeddable":true,"href":"https:\/\/skinstudio.ee\/lt\/wp-json\/wp\/v2\/giftcard-category?post=56568"}],"curies":[{"name":"wp","href":"https:\/\/api.w.org\/{rel}","templated":true}]}}