{"id":56584,"date":"2025-10-28T14:52:05","date_gmt":"2025-10-28T14:52:05","guid":{"rendered":"https:\/\/skinstudio.ee\/?post_type=product&#038;p=56584"},"modified":"2025-12-18T13:31:28","modified_gmt":"2025-12-18T13:31:28","slug":"heliocare-360o-pediatrics-lotion-spf50","status":"publish","type":"product","link":"https:\/\/skinstudio.ee\/lt\/catalog\/cantabria-labs\/heliocare-360o-pediatrics-lotion-spf50\/","title":{"rendered":"Heliocare 360\u00ba Pediatrics Lotion SPF50"},"content":{"rendered":"<p data-start=\"1708\" data-end=\"2033\">Ypa\u010d \u0161velnus hipoalerginis saul\u0117s apsaugos losjonas, specialiai sukurtas vaik\u0173 veidui ir k\u016bnui.<br data-start=\"1803\" data-end=\"1806\" \/><strong data-start=\"1806\" data-end=\"1848\">Heliocare 360\u00ba Pediatrics Lotion SPF50<\/strong> pasi\u017eymi lengva, malonia tekst\u016bra, greitai \u012fsigeria ir tolygiai pasiskirsto ant odos, nepalikdamas balt\u0173 \u017eymi\u0173. Patogus dozatorius su pompa leid\u017eia lengvai naudoti net savaranki\u0161kai.<\/p>\n<p data-start=\"2035\" data-end=\"2453\">Formul\u0117, patikrinta pediatr\u0173, dermatolog\u0173 ir oftalmolog\u0173 prie\u017ei\u016broje, turi patentuot\u0105 antioksidant\u0173 kompleks\u0105 <strong data-start=\"2145\" data-end=\"2160\">Fernblock\u00ae+<\/strong>, taip pat naujos kartos filtrus ir atkuriamuosius aktyviuosius ingredientus. Ji u\u017etikrina viso spektro apsaug\u0105 nuo keturi\u0173 r\u016b\u0161i\u0173 spinduliuot\u0117s \u2013 <strong data-start=\"2306\" data-end=\"2354\">UVA, UVB, matomos ir infraraudonosios (IR-A)<\/strong> \u2013 padeda neutralizuoti laisvuosius radikalus ir skatina l\u0105steli\u0173 atsistatym\u0105 po saul\u0117s poveikio.<\/p>\n<p data-start=\"2455\" data-end=\"2530\">Tinka vis\u0173 tip\u0173 vaik\u0173 odai, \u012fskaitant jautri\u0105 ir linkusi\u0105 \u012f sudirginimus.<\/p>\n<p data-start=\"2532\" data-end=\"2551\"><strong data-start=\"2532\" data-end=\"2542\">T\u016bris:<\/strong> 200 ml<\/p>\n","protected":false},"excerpt":{"rendered":"<p data-start=\"2965\" data-end=\"3007\">\u0160velnus saul\u0117s apsaugos losjonas vaikams<\/p>\n<h2 data-start=\"3009\" data-end=\"3286\"><strong data-start=\"3009\" data-end=\"3059\">Heliocare 360\u00ba Pediatrics Lotion SPF50 Savyb\u0117s<\/strong><\/h2>\n<p data-start=\"3009\" data-end=\"3286\" data-is-last-node=\"\" data-is-only-node=\"\">\u2714\ufe0f U\u017etikrina patikim\u0105 apsaug\u0105 nuo UVA, UVB, IR ir matomos \u0161viesos<br data-start=\"3127\" data-end=\"3130\" \/>\u2714\ufe0f Tinka jautriai ir atopinei vaik\u0173 odai<br data-start=\"3170\" data-end=\"3173\" \/>\u2714\ufe0f Lengvai tepasi ir greitai \u012fsigeria be \u017eymi\u0173<br data-start=\"3219\" data-end=\"3222\" \/>\u2714\ufe0f Dr\u0117kina ir stiprina odos apsaugin\u012f barjer\u0105<br data-start=\"3267\" data-end=\"3270\" \/>\u2714\ufe0f Hipoalerginis<\/p>\n","protected":false},"featured_media":65376,"template":"","meta":[],"pwb-brand":[1202],"product_brand":[],"product_cat":[732,1192],"product_tag":[],"giftcard-category":[],"class_list":{"0":"post-56584","1":"product","2":"type-product","3":"status-publish","4":"has-post-thumbnail","6":"pwb-brand-cantabria-labs","7":"product_cat-spf-apsauga","8":"product_cat-vaikams","10":"first","11":"instock","12":"taxable","13":"shipping-taxable","14":"purchasable","15":"product-type-simple"},"acf":[],"brands":[{"id":1202,"name":"Cantabria Labs","slug":"cantabria-labs"}],"_links":{"self":[{"href":"https:\/\/skinstudio.ee\/lt\/wp-json\/wp\/v2\/product\/56584","targetHints":{"allow":["GET"]}}],"collection":[{"href":"https:\/\/skinstudio.ee\/lt\/wp-json\/wp\/v2\/product"}],"about":[{"href":"https:\/\/skinstudio.ee\/lt\/wp-json\/wp\/v2\/types\/product"}],"version-history":[{"count":0,"href":"https:\/\/skinstudio.ee\/lt\/wp-json\/wp\/v2\/product\/56584\/revisions"}],"wp:featuredmedia":[{"embeddable":true,"href":"https:\/\/skinstudio.ee\/lt\/wp-json\/wp\/v2\/media\/65376"}],"wp:attachment":[{"href":"https:\/\/skinstudio.ee\/lt\/wp-json\/wp\/v2\/media?parent=56584"}],"wp:term":[{"taxonomy":"pwb-brand","embeddable":true,"href":"https:\/\/skinstudio.ee\/lt\/wp-json\/wp\/v2\/pwb-brand?post=56584"},{"taxonomy":"product_brand","embeddable":true,"href":"https:\/\/skinstudio.ee\/lt\/wp-json\/wp\/v2\/product_brand?post=56584"},{"taxonomy":"product_cat","embeddable":true,"href":"https:\/\/skinstudio.ee\/lt\/wp-json\/wp\/v2\/product_cat?post=56584"},{"taxonomy":"product_tag","embeddable":true,"href":"https:\/\/skinstudio.ee\/lt\/wp-json\/wp\/v2\/product_tag?post=56584"},{"taxonomy":"giftcard-category","embeddable":true,"href":"https:\/\/skinstudio.ee\/lt\/wp-json\/wp\/v2\/giftcard-category?post=56584"}],"curies":[{"name":"wp","href":"https:\/\/api.w.org\/{rel}","templated":true}]}}