{"id":56859,"date":"2025-11-03T10:33:17","date_gmt":"2025-11-03T10:33:17","guid":{"rendered":"https:\/\/skinstudio.ee\/?post_type=product&#038;p=56859"},"modified":"2025-12-18T13:31:28","modified_gmt":"2025-12-18T13:31:28","slug":"heliocare-360o-body-glow-spf50","status":"publish","type":"product","link":"https:\/\/skinstudio.ee\/lt\/catalog\/cantabria-labs\/heliocare-360o-body-glow-spf50\/","title":{"rendered":"Heliocare 360\u00ba Body Glow SPF50"},"content":{"rendered":"<p data-start=\"1874\" data-end=\"2209\">Prabangus k\u016bno aliejus\u2013gelis nuo saul\u0117s, u\u017etikrinantis labai auk\u0161t\u0105 apsaug\u0105 ir sukurtas siekiant u\u017ekirsti keli\u0105 fotopa\u017eeidimams bei odos sen\u0117jimo po\u017eymiams, \u012fskaitant tamsias d\u0117mes ir odos pilkum\u0105.<br data-start=\"2071\" data-end=\"2074\" \/>Inovatyvi <strong data-start=\"2084\" data-end=\"2095\">oil-gel<\/strong> tekst\u016bra sujungia prie\u017ei\u016br\u0105, apsaug\u0105 ir lengv\u0105 \u0161vyt\u0117jim\u0105, suteikdama odai sveik\u0105, tolyg\u0173 ir spindint\u012f atspalv\u012f.<\/p>\n<p data-start=\"2211\" data-end=\"2724\">Formul\u0117 pasi\u017eymi i\u0161skirtiniu \u0161e\u0161i\u0173 perlamutrini\u0173 mikrodaleli\u0173 deriniu, kurios \u0161velniai atspindi \u0161vies\u0105 ir suteikia subtil\u0173 nat\u016bral\u0173 \u0161vyt\u0117jim\u0105.<br data-start=\"2353\" data-end=\"2356\" \/>Patentuotas <strong data-start=\"2368\" data-end=\"2382\">Fernblock\u00ae<\/strong> kompleksas (Polypodium leucotomos ekstraktas) suteikia antioksidacin\u0119 apsaug\u0105, neutralizuoja laisvuosius radikalus ir padeda i\u0161vengti saul\u0117s sukelt\u0173 pa\u017eeidim\u0173.<br data-start=\"2542\" data-end=\"2545\" \/>Produktas apsaugo od\u0105 nuo keturi\u0173 r\u016b\u0161i\u0173 spinduliuot\u0117s &#8211; <strong data-start=\"2601\" data-end=\"2649\">UVA, UVB, matomos ir infraraudonosios (IR-A)<\/strong> &#8211; padeda i\u0161vengti fotosen\u0117jimo ir i\u0161laikyti odos stangrum\u0105 bei glotnum\u0105.<\/p>\n<p data-start=\"2726\" data-end=\"2965\">Lengva tekst\u016bra greitai \u012fsigeria, nepalieka lipnumo ar riebumo, suteikia subtil\u0173 kvap\u0105 ir nat\u016bral\u0173 odos spindes\u012f.<br data-start=\"2839\" data-end=\"2842\" \/>Tinka visiems odos atspalviams ir bet kuriam sezonui \u2013 tiek pirmosioms saul\u0117toms dienoms, tiek gra\u017eiam \u012fdegiui i\u0161saugoti.<\/p>\n<p data-start=\"2967\" data-end=\"2986\"><strong data-start=\"2967\" data-end=\"2977\">T\u016bris:<\/strong> 100 ml<\/p>\n","protected":false},"excerpt":{"rendered":"<p data-start=\"3275\" data-end=\"3323\">\u0160velnus k\u016bno aliejus\u2013gelis su \u0161vyt\u0117jimo efektu<\/p>\n<h2 data-start=\"3325\" data-end=\"3649\"><strong data-start=\"3325\" data-end=\"3367\">Cantabria Labs &#8211; Heliocare 360\u00ba Body Glow SPF50 Savyb\u0117s<\/strong><\/h2>\n<p data-start=\"3325\" data-end=\"3649\" data-is-last-node=\"\" data-is-only-node=\"\">\u2714\ufe0f Suteikia labai auk\u0161t\u0105 apsaug\u0105 nuo UVA, UVB, IR ir matomos \u0161viesos<br data-start=\"3438\" data-end=\"3441\" \/>\u2714\ufe0f Padeda i\u0161vengti fotosen\u0117jimo ir pigmentini\u0173 d\u0117mi\u0173<br data-start=\"3493\" data-end=\"3496\" \/>\u2714\ufe0f Suteikia odai \u0161veln\u0173 \u0161vyt\u0117jim\u0105 ir lengv\u0105 \u012fdegio efekt\u0105<br data-start=\"3553\" data-end=\"3556\" \/>\u2714\ufe0f Glotnina ir gerina odos elastingum\u0105<br data-start=\"3594\" data-end=\"3597\" \/>\u2714\ufe0f I\u0161laiko od\u0105 sudr\u0117kint\u0105 ir spindin\u010di\u0105 vis\u0105 dien\u0105<\/p>\n","protected":false},"featured_media":65371,"template":"","meta":[],"pwb-brand":[1202],"product_brand":[],"product_cat":[758,732],"product_tag":[],"giftcard-category":[],"class_list":{"0":"post-56859","1":"product","2":"type-product","3":"status-publish","4":"has-post-thumbnail","6":"pwb-brand-cantabria-labs","7":"product_cat-kuno-prieziura","8":"product_cat-spf-apsauga","10":"first","11":"instock","12":"taxable","13":"shipping-taxable","14":"purchasable","15":"product-type-simple"},"acf":[],"brands":[{"id":1202,"name":"Cantabria Labs","slug":"cantabria-labs"}],"_links":{"self":[{"href":"https:\/\/skinstudio.ee\/lt\/wp-json\/wp\/v2\/product\/56859","targetHints":{"allow":["GET"]}}],"collection":[{"href":"https:\/\/skinstudio.ee\/lt\/wp-json\/wp\/v2\/product"}],"about":[{"href":"https:\/\/skinstudio.ee\/lt\/wp-json\/wp\/v2\/types\/product"}],"version-history":[{"count":0,"href":"https:\/\/skinstudio.ee\/lt\/wp-json\/wp\/v2\/product\/56859\/revisions"}],"wp:featuredmedia":[{"embeddable":true,"href":"https:\/\/skinstudio.ee\/lt\/wp-json\/wp\/v2\/media\/65371"}],"wp:attachment":[{"href":"https:\/\/skinstudio.ee\/lt\/wp-json\/wp\/v2\/media?parent=56859"}],"wp:term":[{"taxonomy":"pwb-brand","embeddable":true,"href":"https:\/\/skinstudio.ee\/lt\/wp-json\/wp\/v2\/pwb-brand?post=56859"},{"taxonomy":"product_brand","embeddable":true,"href":"https:\/\/skinstudio.ee\/lt\/wp-json\/wp\/v2\/product_brand?post=56859"},{"taxonomy":"product_cat","embeddable":true,"href":"https:\/\/skinstudio.ee\/lt\/wp-json\/wp\/v2\/product_cat?post=56859"},{"taxonomy":"product_tag","embeddable":true,"href":"https:\/\/skinstudio.ee\/lt\/wp-json\/wp\/v2\/product_tag?post=56859"},{"taxonomy":"giftcard-category","embeddable":true,"href":"https:\/\/skinstudio.ee\/lt\/wp-json\/wp\/v2\/giftcard-category?post=56859"}],"curies":[{"name":"wp","href":"https:\/\/api.w.org\/{rel}","templated":true}]}}