{"id":56894,"date":"2025-11-03T10:58:04","date_gmt":"2025-11-03T10:58:04","guid":{"rendered":"https:\/\/skinstudio.ee\/?post_type=product&#038;p=56894"},"modified":"2025-12-18T13:31:28","modified_gmt":"2025-12-18T13:31:28","slug":"heliocare-360o-invisible-spray-spf50","status":"publish","type":"product","link":"https:\/\/skinstudio.ee\/lt\/catalog\/cantabria-labs\/heliocare-360o-invisible-spray-spf50\/","title":{"rendered":"Heliocare 360\u00ba Invisible Spray SPF50+"},"content":{"rendered":"<p data-start=\"1823\" data-end=\"2194\"><strong data-start=\"1823\" data-end=\"1864\">Heliocare 360\u00ba Invisible Spray SPF50+<\/strong> \u2013 tai novatori\u0161kas skaidrios tekst\u016bros k\u016bno apsauginis pur\u0161kalas, sukurtas tiems, kurie ie\u0161ko patikimos, patogios ir nematomos apsaugos nuo saul\u0117s. Pa\u017eangi formul\u0117 suteikia plataus spektro <strong data-start=\"2054\" data-end=\"2072\">SPF50+ apsaug\u0105<\/strong> nuo UVA, UVB, matomos ir infraraudonosios spinduliuot\u0117s, padedant i\u0161vengti fotosen\u0117jimo, pigmentacijos ir odos sausumo.<\/p>\n<p data-start=\"2196\" data-end=\"2488\">D\u0117l <strong data-start=\"2200\" data-end=\"2226\">WET SKIN technologijos<\/strong> pur\u0161kal\u0105 galima naudoti net ant dr\u0117gnos odos \u2013 idealiai tinka po maudyni\u0173 ar treniruo\u010di\u0173. <strong data-start=\"2317\" data-end=\"2358\">Heliocare 360\u00ba Invisible Spray SPF50+<\/strong> sukuria lengv\u0105, nematom\u0105 sluoksn\u012f, kuris akimirksniu \u012fsigeria, nepalieka lipnumo ar balt\u0173 \u017eymi\u0173 ir suteikia odai gaivos poj\u016bt\u012f.<\/p>\n<p data-start=\"2490\" data-end=\"2796\">Patentuotas antioksidant\u0173 kompleksas <strong data-start=\"2527\" data-end=\"2542\">Fernblock\u00ae+<\/strong> apsaugo l\u0105steles nuo UV spinduliuot\u0117s pa\u017eeidim\u0173, neutralizuoja laisvuosius radikalus ir padeda odai atsinaujinti po saul\u0117s poveikio. Pur\u0161kalas atsparus vandeniui, sm\u0117liui ir prakaitui, tod\u0117l yra idealus pasirinkimas aktyviam poilsiui ir sportui lauke.<\/p>\n<p data-start=\"2798\" data-end=\"2817\"><strong data-start=\"2798\" data-end=\"2808\">T\u016bris:<\/strong> 200 ml<\/p>\n","protected":false},"excerpt":{"rendered":"<p data-start=\"3150\" data-end=\"3206\">Lengvas nematomas k\u016bno apsauginis pur\u0161kalas nuo saul\u0117s<\/p>\n<h2 data-start=\"3208\" data-end=\"3575\"><strong data-start=\"3208\" data-end=\"3274\">Cantabria Labs &#8211; Heliocare 360\u00ba Invisible Spray SPF50+ Savyb\u0117s<\/strong><\/h2>\n<p data-start=\"3208\" data-end=\"3575\" data-is-last-node=\"\" data-is-only-node=\"\">\u2714\ufe0f U\u017etikrina visapusi\u0161k\u0105 apsaug\u0105 nuo UVA, UVB, IR ir matomos \u0161viesos<br data-start=\"3345\" data-end=\"3348\" \/>\u2714\ufe0f Galima naudoti net ant dr\u0117gnos odos \u2013 WET SKIN technologija<br data-start=\"3410\" data-end=\"3413\" \/>\u2714\ufe0f Greitai susigeria, nepalieka riebios ar lipnios tekst\u016bros<br data-start=\"3473\" data-end=\"3476\" \/>\u2714\ufe0f Atsparus vandeniui, sm\u0117liui ir prakaitui<br data-start=\"3519\" data-end=\"3522\" \/>\u2714\ufe0f Puikiai tinka aktyviam poilsiui ir sportui saul\u0117je<\/p>\n","protected":false},"featured_media":84384,"template":"","meta":[],"pwb-brand":[1202],"product_brand":[],"product_cat":[758,732],"product_tag":[],"giftcard-category":[],"class_list":{"0":"post-56894","1":"product","2":"type-product","3":"status-publish","4":"has-post-thumbnail","6":"pwb-brand-cantabria-labs","7":"product_cat-kuno-prieziura","8":"product_cat-spf-apsauga","10":"first","11":"instock","12":"taxable","13":"shipping-taxable","14":"purchasable","15":"product-type-simple"},"acf":[],"brands":[{"id":1202,"name":"Cantabria Labs","slug":"cantabria-labs"}],"_links":{"self":[{"href":"https:\/\/skinstudio.ee\/lt\/wp-json\/wp\/v2\/product\/56894","targetHints":{"allow":["GET"]}}],"collection":[{"href":"https:\/\/skinstudio.ee\/lt\/wp-json\/wp\/v2\/product"}],"about":[{"href":"https:\/\/skinstudio.ee\/lt\/wp-json\/wp\/v2\/types\/product"}],"version-history":[{"count":0,"href":"https:\/\/skinstudio.ee\/lt\/wp-json\/wp\/v2\/product\/56894\/revisions"}],"wp:featuredmedia":[{"embeddable":true,"href":"https:\/\/skinstudio.ee\/lt\/wp-json\/wp\/v2\/media\/84384"}],"wp:attachment":[{"href":"https:\/\/skinstudio.ee\/lt\/wp-json\/wp\/v2\/media?parent=56894"}],"wp:term":[{"taxonomy":"pwb-brand","embeddable":true,"href":"https:\/\/skinstudio.ee\/lt\/wp-json\/wp\/v2\/pwb-brand?post=56894"},{"taxonomy":"product_brand","embeddable":true,"href":"https:\/\/skinstudio.ee\/lt\/wp-json\/wp\/v2\/product_brand?post=56894"},{"taxonomy":"product_cat","embeddable":true,"href":"https:\/\/skinstudio.ee\/lt\/wp-json\/wp\/v2\/product_cat?post=56894"},{"taxonomy":"product_tag","embeddable":true,"href":"https:\/\/skinstudio.ee\/lt\/wp-json\/wp\/v2\/product_tag?post=56894"},{"taxonomy":"giftcard-category","embeddable":true,"href":"https:\/\/skinstudio.ee\/lt\/wp-json\/wp\/v2\/giftcard-category?post=56894"}],"curies":[{"name":"wp","href":"https:\/\/api.w.org\/{rel}","templated":true}]}}