{"id":56910,"date":"2025-11-03T11:10:11","date_gmt":"2025-11-03T11:10:11","guid":{"rendered":"https:\/\/skinstudio.ee\/?post_type=product&#038;p=56910"},"modified":"2026-04-09T09:25:47","modified_gmt":"2026-04-09T09:25:47","slug":"heliocare-advanced-gel","status":"publish","type":"product","link":"https:\/\/skinstudio.ee\/lt\/catalog\/cantabria-labs\/heliocare-advanced-gel\/","title":{"rendered":"Heliocare Advanced Gel"},"content":{"rendered":"<p data-start=\"1500\" data-end=\"1840\"><strong data-start=\"1500\" data-end=\"1526\">Heliocare Advanced Gel<\/strong> \u2013 tai naujos kartos apsauginis nuo saul\u0117s gelis, suteikiantis visapusi\u0161k\u0105 apsaug\u0105 nuo UVA, UVB, matomos ir infraraudonosios spinduliuot\u0117s. Jo gaivinanti gelio tekst\u016bra akimirksniu \u012fsigeria, nepalikdama lipnumo ar riebumo poj\u016b\u010dio, o vandeniui ir prakaitui atspari formul\u0117 puikiai tinka aktyviam poilsiui saul\u0117je.<\/p>\n<p data-start=\"1842\" data-end=\"2227\">D\u0117l patentuotos <strong data-start=\"1858\" data-end=\"1877\">ASPA-Fernblock\u00ae<\/strong> technologijos, sukurtos i\u0161 <em data-start=\"1905\" data-end=\"1928\">Polypodium leucotomos<\/em> papar\u010dio ekstrakto, priemon\u0117 veiksmingai apsaugo ir atkuria saul\u0117s pa\u017eeist\u0105 od\u0105, neutralizuoja laisvuosius radikalus bei palaiko sveik\u0105 vitamino D funkcij\u0105. <strong data-start=\"2086\" data-end=\"2112\">Heliocare Advanced Gel<\/strong> sustiprina SPF apsaug\u0105 ir prailgina nat\u016brali\u0105 odos apsaug\u0105, i\u0161laikydamas j\u0105 sudr\u0117kint\u0105 ir gaivi\u0105 net kar\u0161tu oru.<\/p>\n<p data-start=\"2229\" data-end=\"2248\"><strong data-start=\"2229\" data-end=\"2239\">T\u016bris:<\/strong> 100 ml \/ 250 ml<\/p>\n","protected":false},"excerpt":{"rendered":"<p data-start=\"2530\" data-end=\"2582\">Lengvas ir gaivinantis apsauginis gelis nuo saul\u0117s<\/p>\n<h2 data-start=\"2584\" data-end=\"2942\"><strong data-start=\"2584\" data-end=\"2635\">Cantabria Labs &#8211; Heliocare Advanced Gel Savyb\u0117s<\/strong><\/h2>\n<p data-start=\"2584\" data-end=\"2942\" data-is-last-node=\"\" data-is-only-node=\"\">\u2714\ufe0f Suteikia apsaug\u0105 nuo UVA, UVB, IR ir matomos \u0161viesos<br data-start=\"2693\" data-end=\"2696\" \/>\u2714\ufe0f Apsaugo nuo fotopa\u017eeidim\u0173 ir oksidacinio streso<br data-start=\"2746\" data-end=\"2749\" \/>\u2714\ufe0f Neutralizuoja laisvuosius radikalus ir skatina l\u0105steli\u0173 atk\u016brim\u0105<br data-start=\"2816\" data-end=\"2819\" \/>\u2714\ufe0f Palaiko vitamino D funkcij\u0105 ir sustiprina SPF apsaug\u0105<br data-start=\"2875\" data-end=\"2878\" \/>\u2714\ufe0f Greitai susigeria, suteikdamas odai gaivumo ir dr\u0117gm\u0117s poj\u016bt\u012f<\/p>\n","protected":false},"featured_media":65356,"template":"","meta":[],"pwb-brand":[1202],"product_brand":[],"product_cat":[758,732],"product_tag":[],"giftcard-category":[],"class_list":{"0":"post-56910","1":"product","2":"type-product","3":"status-publish","4":"has-post-thumbnail","6":"pwb-brand-cantabria-labs","7":"product_cat-kuno-prieziura","8":"product_cat-spf-apsauga","9":"pa_suurus-100ml-lt","10":"pa_suurus-250ml-lt","12":"first","13":"instock","14":"taxable","15":"shipping-taxable","16":"purchasable","17":"product-type-variable"},"acf":[],"brands":[{"id":1202,"name":"Cantabria Labs","slug":"cantabria-labs"}],"_links":{"self":[{"href":"https:\/\/skinstudio.ee\/lt\/wp-json\/wp\/v2\/product\/56910","targetHints":{"allow":["GET"]}}],"collection":[{"href":"https:\/\/skinstudio.ee\/lt\/wp-json\/wp\/v2\/product"}],"about":[{"href":"https:\/\/skinstudio.ee\/lt\/wp-json\/wp\/v2\/types\/product"}],"version-history":[{"count":1,"href":"https:\/\/skinstudio.ee\/lt\/wp-json\/wp\/v2\/product\/56910\/revisions"}],"predecessor-version":[{"id":90097,"href":"https:\/\/skinstudio.ee\/lt\/wp-json\/wp\/v2\/product\/56910\/revisions\/90097"}],"wp:featuredmedia":[{"embeddable":true,"href":"https:\/\/skinstudio.ee\/lt\/wp-json\/wp\/v2\/media\/65356"}],"wp:attachment":[{"href":"https:\/\/skinstudio.ee\/lt\/wp-json\/wp\/v2\/media?parent=56910"}],"wp:term":[{"taxonomy":"pwb-brand","embeddable":true,"href":"https:\/\/skinstudio.ee\/lt\/wp-json\/wp\/v2\/pwb-brand?post=56910"},{"taxonomy":"product_brand","embeddable":true,"href":"https:\/\/skinstudio.ee\/lt\/wp-json\/wp\/v2\/product_brand?post=56910"},{"taxonomy":"product_cat","embeddable":true,"href":"https:\/\/skinstudio.ee\/lt\/wp-json\/wp\/v2\/product_cat?post=56910"},{"taxonomy":"product_tag","embeddable":true,"href":"https:\/\/skinstudio.ee\/lt\/wp-json\/wp\/v2\/product_tag?post=56910"},{"taxonomy":"giftcard-category","embeddable":true,"href":"https:\/\/skinstudio.ee\/lt\/wp-json\/wp\/v2\/giftcard-category?post=56910"}],"curies":[{"name":"wp","href":"https:\/\/api.w.org\/{rel}","templated":true}]}}