{"id":56973,"date":"2025-11-03T13:41:57","date_gmt":"2025-11-03T13:41:57","guid":{"rendered":"https:\/\/skinstudio.ee\/?post_type=product&#038;p=56973"},"modified":"2025-12-18T13:31:29","modified_gmt":"2025-12-18T13:31:29","slug":"heliocare-color-gelcream-spf50","status":"publish","type":"product","link":"https:\/\/skinstudio.ee\/lt\/catalog\/cantabria-labs\/heliocare-color-gelcream-spf50\/","title":{"rendered":"Heliocare Color Gelcream SPF50"},"content":{"rendered":"<p data-start=\"1395\" data-end=\"1763\"><strong data-start=\"1395\" data-end=\"1429\">Heliocare Color Gelcream SPF50<\/strong> \u2013 tai naujovi\u0161kas atspalv\u012f suteikiantis apsauginis kremas nuo saul\u0117s, kuris viename \u017eingsnyje sujungia auk\u0161to lygio apsaug\u0105 ir lengv\u0105 makia\u017e\u0105. Formul\u0117 su patentuota <strong data-start=\"1595\" data-end=\"1609\">Fernblock\u00ae<\/strong> technologija, galingais antioksidantais ir moderniais UV filtrais padeda u\u017ekirsti keli\u0105 fotosen\u0117jimui, pigmentacijai ir saul\u0117s sukeltai l\u0105steli\u0173 \u017ealai.<\/p>\n<p data-start=\"1765\" data-end=\"1972\">Lengva, dr\u0117kinanti ir nekomedogenin\u0117 tekst\u016bra tolygiai padengia od\u0105, sulygina jos atspalv\u012f ir suteikia nat\u016bral\u0173 \u0161vyt\u0117jim\u0105. Puikiai tinka kasdieniam naudojimui kaip makia\u017eo pagrindas.<\/p>\n<p data-start=\"1974\" data-end=\"1992\"><strong data-start=\"1974\" data-end=\"1984\">T\u016bris:<\/strong> 50 ml<\/p>\n","protected":false},"excerpt":{"rendered":"<p data-start=\"2352\" data-end=\"2408\">Toninis apsauginis kremas nuo saul\u0117s su auk\u0161ta apsauga<\/p>\n<h2 data-start=\"2410\" data-end=\"2726\"><strong data-start=\"2410\" data-end=\"2469\">Cantabria Labs &#8211; Heliocare Color Gelcream SPF50 Savyb\u0117s<\/strong><\/h2>\n<p data-start=\"2410\" data-end=\"2726\" data-is-last-node=\"\" data-is-only-node=\"\">\u2714\ufe0f Suteikia patikim\u0105 UVA ir UVB apsaug\u0105<br data-start=\"2511\" data-end=\"2514\" \/>\u2714\ufe0f Sulygina odos atspalv\u012f ir suteikia nat\u016bral\u0173 \u0161vyt\u0117jim\u0105<br data-start=\"2570\" data-end=\"2573\" \/>\u2714\ufe0f Dr\u0117kina ir neu\u017ekem\u0161a por\u0173<br data-start=\"2601\" data-end=\"2604\" \/>\u2714\ufe0f Sujungia odos prie\u017ei\u016br\u0105, SPF ir makia\u017e\u0105 viename \u017eingsnyje<br data-start=\"2664\" data-end=\"2667\" \/>\u2714\ufe0f Puikiai tinka kasdieniam naudojimui kaip toninis fluidas<\/p>\n","protected":false},"featured_media":65341,"template":"","meta":[],"pwb-brand":[1202],"product_brand":[],"product_cat":[771,732],"product_tag":[],"giftcard-category":[],"class_list":{"0":"post-56973","1":"product","2":"type-product","3":"status-publish","4":"has-post-thumbnail","6":"pwb-brand-cantabria-labs","7":"product_cat-makiazas","8":"product_cat-spf-apsauga","10":"first","11":"instock","12":"taxable","13":"shipping-taxable","14":"purchasable","15":"product-type-variable"},"acf":[],"brands":[{"id":1202,"name":"Cantabria Labs","slug":"cantabria-labs"}],"_links":{"self":[{"href":"https:\/\/skinstudio.ee\/lt\/wp-json\/wp\/v2\/product\/56973","targetHints":{"allow":["GET"]}}],"collection":[{"href":"https:\/\/skinstudio.ee\/lt\/wp-json\/wp\/v2\/product"}],"about":[{"href":"https:\/\/skinstudio.ee\/lt\/wp-json\/wp\/v2\/types\/product"}],"version-history":[{"count":0,"href":"https:\/\/skinstudio.ee\/lt\/wp-json\/wp\/v2\/product\/56973\/revisions"}],"wp:featuredmedia":[{"embeddable":true,"href":"https:\/\/skinstudio.ee\/lt\/wp-json\/wp\/v2\/media\/65341"}],"wp:attachment":[{"href":"https:\/\/skinstudio.ee\/lt\/wp-json\/wp\/v2\/media?parent=56973"}],"wp:term":[{"taxonomy":"pwb-brand","embeddable":true,"href":"https:\/\/skinstudio.ee\/lt\/wp-json\/wp\/v2\/pwb-brand?post=56973"},{"taxonomy":"product_brand","embeddable":true,"href":"https:\/\/skinstudio.ee\/lt\/wp-json\/wp\/v2\/product_brand?post=56973"},{"taxonomy":"product_cat","embeddable":true,"href":"https:\/\/skinstudio.ee\/lt\/wp-json\/wp\/v2\/product_cat?post=56973"},{"taxonomy":"product_tag","embeddable":true,"href":"https:\/\/skinstudio.ee\/lt\/wp-json\/wp\/v2\/product_tag?post=56973"},{"taxonomy":"giftcard-category","embeddable":true,"href":"https:\/\/skinstudio.ee\/lt\/wp-json\/wp\/v2\/giftcard-category?post=56973"}],"curies":[{"name":"wp","href":"https:\/\/api.w.org\/{rel}","templated":true}]}}