{"id":57113,"date":"2025-11-03T15:35:34","date_gmt":"2025-11-03T15:35:34","guid":{"rendered":"https:\/\/skinstudio.ee\/?post_type=product&#038;p=57113"},"modified":"2025-12-18T13:31:29","modified_gmt":"2025-12-18T13:31:29","slug":"biretix-micropeel","status":"publish","type":"product","link":"https:\/\/skinstudio.ee\/lt\/catalog\/cantabria-labs\/biretix-micropeel\/","title":{"rendered":"Biretix Micropeel"},"content":{"rendered":"<p data-start=\"1596\" data-end=\"1907\"><strong data-start=\"1596\" data-end=\"1617\">Biretix Micropeel<\/strong> \u2013 tai \u0161velnus \u0161veitiklio gelis, sukurtas giliai valyti riebi\u0105 ir \u012f akn\u0119 linkusi\u0105 od\u0105. Formul\u0117 sujungia nat\u016bralius \u0161veitiklius ir augal\u0173 ekstraktus, kurie efektyviai pa\u0161alina negyvas odos l\u0105steles, neleid\u017eia u\u017esikim\u0161ti poroms ir pagerina odos tekst\u016br\u0105, suteikdami jai gaivumo ir \u0161velnumo.<\/p>\n<p data-start=\"1909\" data-end=\"2312\">Gluosnio \u017eiev\u0117s ekstraktas, turtingas salicinu, \u0161velniai skatina l\u0105steli\u0173 atsinaujinim\u0105 ir padeda i\u0161valyti od\u0105 nepa\u017eeid\u017eiant jos. Nat\u016bral\u016bs bambuko \u0161veitikliai \u0161velniai poliruoja pavir\u0161i\u0173, o ramun\u0117li\u0173 ekstraktas ramina od\u0105 ir ma\u017eina u\u017edegim\u0105. D\u0117l \u0161i\u0173 veikli\u0173j\u0173 med\u017eiag\u0173 <strong data-start=\"2179\" data-end=\"2200\">Biretix Micropeel<\/strong> padeda suma\u017einti paraudim\u0105, reguliuoja riebal\u0173 i\u0161siskyrim\u0105 ir suteikia odai \u0161varesn\u0119 bei skaistesn\u0119 i\u0161vaizd\u0105.<\/p>\n<p data-start=\"2314\" data-end=\"2463\">Reguliarus naudojimas pagerina bendr\u0105 odos b\u016bkl\u0119, sustiprina tolesn\u0117s prie\u017ei\u016bros priemoni\u0173 poveik\u012f ir padeda palaikyti sveik\u0105, pri\u017ei\u016br\u0117t\u0105 i\u0161vaizd\u0105.<\/p>\n<p data-start=\"2465\" data-end=\"2483\"><strong data-start=\"2465\" data-end=\"2475\">T\u016bris:<\/strong> 50 ml<\/p>\n","protected":false},"excerpt":{"rendered":"<p data-start=\"2670\" data-end=\"2719\">\u0160vei\u010diamasis gelis odos atnaujinimui ir valymui<\/p>\n<h2 data-start=\"2721\" data-end=\"3020\"><strong data-start=\"2721\" data-end=\"2767\">Cantabria Labs &#8211; Biretix Micropeel Savyb\u0117s<\/strong><\/h2>\n<p data-start=\"2721\" data-end=\"3020\">\u2714\ufe0f \u0160velniai pa\u0161alina negyvas l\u0105steles ir ne\u0161varumus<br data-start=\"2821\" data-end=\"2824\" \/>\u2714\ufe0f Neleid\u017eia u\u017esikim\u0161ti poroms ir ma\u017eina u\u017edegimus<br data-start=\"2874\" data-end=\"2877\" \/>\u2714\ufe0f Ma\u017eina paraudim\u0105 ir reguliuoja riebal\u0173 i\u0161siskyrim\u0105<br data-start=\"2930\" data-end=\"2933\" \/>\u2714\ufe0f Pagerina odos tekst\u016br\u0105 ir atspalv\u012f<br data-start=\"2970\" data-end=\"2973\" \/>\u2714\ufe0f Palieka od\u0105 \u0161velni\u0105, glotni\u0105 ir spindin\u010di\u0105<\/p>\n","protected":false},"featured_media":65314,"template":"","meta":[],"pwb-brand":[1202],"product_brand":[],"product_cat":[746,720],"product_tag":[],"giftcard-category":[],"class_list":{"0":"post-57113","1":"product","2":"type-product","3":"status-publish","4":"has-post-thumbnail","6":"pwb-brand-cantabria-labs","7":"product_cat-jautriai-odai","8":"product_cat-sveitikliai-ir-pilingai","10":"first","11":"instock","12":"taxable","13":"shipping-taxable","14":"purchasable","15":"product-type-simple"},"acf":[],"brands":[{"id":1202,"name":"Cantabria Labs","slug":"cantabria-labs"}],"_links":{"self":[{"href":"https:\/\/skinstudio.ee\/lt\/wp-json\/wp\/v2\/product\/57113","targetHints":{"allow":["GET"]}}],"collection":[{"href":"https:\/\/skinstudio.ee\/lt\/wp-json\/wp\/v2\/product"}],"about":[{"href":"https:\/\/skinstudio.ee\/lt\/wp-json\/wp\/v2\/types\/product"}],"version-history":[{"count":0,"href":"https:\/\/skinstudio.ee\/lt\/wp-json\/wp\/v2\/product\/57113\/revisions"}],"wp:featuredmedia":[{"embeddable":true,"href":"https:\/\/skinstudio.ee\/lt\/wp-json\/wp\/v2\/media\/65314"}],"wp:attachment":[{"href":"https:\/\/skinstudio.ee\/lt\/wp-json\/wp\/v2\/media?parent=57113"}],"wp:term":[{"taxonomy":"pwb-brand","embeddable":true,"href":"https:\/\/skinstudio.ee\/lt\/wp-json\/wp\/v2\/pwb-brand?post=57113"},{"taxonomy":"product_brand","embeddable":true,"href":"https:\/\/skinstudio.ee\/lt\/wp-json\/wp\/v2\/product_brand?post=57113"},{"taxonomy":"product_cat","embeddable":true,"href":"https:\/\/skinstudio.ee\/lt\/wp-json\/wp\/v2\/product_cat?post=57113"},{"taxonomy":"product_tag","embeddable":true,"href":"https:\/\/skinstudio.ee\/lt\/wp-json\/wp\/v2\/product_tag?post=57113"},{"taxonomy":"giftcard-category","embeddable":true,"href":"https:\/\/skinstudio.ee\/lt\/wp-json\/wp\/v2\/giftcard-category?post=57113"}],"curies":[{"name":"wp","href":"https:\/\/api.w.org\/{rel}","templated":true}]}}