{"id":57156,"date":"2025-11-03T15:50:25","date_gmt":"2025-11-03T15:50:25","guid":{"rendered":"https:\/\/skinstudio.ee\/?post_type=product&#038;p=57156"},"modified":"2025-12-18T13:31:29","modified_gmt":"2025-12-18T13:31:29","slug":"biretix-cleanser-refill","status":"publish","type":"product","link":"https:\/\/skinstudio.ee\/lt\/catalog\/cantabria-labs\/biretix-cleanser-refill\/","title":{"rendered":"Biretix Cleanser Refill"},"content":{"rendered":"<p data-start=\"1746\" data-end=\"2000\"><strong data-start=\"1746\" data-end=\"1766\">Biretix Cleanser<\/strong> \u2013 tai profesionalus valomasis gelis, specialiai sukurtas riebiai, mi\u0161riai ir \u012f akn\u0119 linkusiai odai. Jis giliai valo poras, kontroliuoja riebal\u0173 i\u0161siskyrim\u0105 ir padeda u\u017ekirsti keli\u0105 u\u017edegimams, nepa\u017eeisdamas nat\u016bralaus odos balanso.<\/p>\n<p data-start=\"2002\" data-end=\"2337\">Patentinis <strong data-start=\"2013\" data-end=\"2037\">BIOPEP-15 kompleksas<\/strong> reguliuoja odos mikrobiom\u0105, ma\u017eina bakterij\u0173, sukelian\u010di\u0173 b\u0117rimus, dauginim\u0105si ir padeda i\u0161valyti poras. Antioksidantai ir raminamosios veikliosios med\u017eiagos, \u012fskaitant augal\u0173 ekstraktus, \u0161velniai pa\u0161alina ne\u0161varumus, makia\u017eo liku\u010dius ir riebal\u0173 pertekli\u0173, nesukeldamos sausumo ar tempimo poj\u016b\u010dio.<\/p>\n<p data-start=\"2339\" data-end=\"2639\">Reguliarus <strong data-start=\"2350\" data-end=\"2370\">Biretix Cleanser<\/strong> naudojimas padeda i\u0161laikyti od\u0105 \u0161vari\u0105, matin\u0119 ir gaivi\u0105, kartu palaikant optimal\u0173 dr\u0117gm\u0117s lyg\u012f. Puikiai tinka paaugliams ir suaugusiems, turintiems akn\u0117s problem\u0173, taip pat kaip pirmasis \u017eingsnis profesionalioje <strong data-start=\"2584\" data-end=\"2602\">Cantabria Labs<\/strong> <strong data-start=\"2603\" data-end=\"2614\">Biretix<\/strong> prie\u017ei\u016bros programoje.<\/p>\n<p data-start=\"2641\" data-end=\"2660\"><strong data-start=\"2641\" data-end=\"2651\">T\u016bris:<\/strong> 400 ml<\/p>\n","protected":false},"excerpt":{"rendered":"<p data-start=\"2866\" data-end=\"2912\">Valomasis gelis riebiai ir probleminiai odai<\/p>\n<h2 data-start=\"2914\" data-end=\"3229\"><strong data-start=\"2914\" data-end=\"2959\">Cantabria Labs &#8211; Biretix Cleanser Refill Savyb\u0117s<\/strong><\/h2>\n<p data-start=\"2914\" data-end=\"3229\">\u2714\ufe0f Giliai valo poras ir pa\u0161alina riebal\u0173 pertekli\u0173<br data-start=\"3012\" data-end=\"3015\" \/>\u2714\ufe0f Ma\u017eina bakterij\u0173, sukelian\u010di\u0173 u\u017edegimus, dauginim\u0105si<br data-start=\"3070\" data-end=\"3073\" \/>\u2714\ufe0f Normalizuoja riebal\u0173 i\u0161siskyrim\u0105 ir padeda i\u0161vengti akn\u0117s<br data-start=\"3133\" data-end=\"3136\" \/>\u2714\ufe0f Ramina od\u0105 ir palaiko dr\u0117gm\u0117s balans\u0105<br data-start=\"3176\" data-end=\"3179\" \/>\u2714\ufe0f Suteikia gaivumo ir komforto poj\u016bt\u012f po valymo<\/p>\n","protected":false},"featured_media":65309,"template":"","meta":[],"pwb-brand":[1202],"product_brand":[],"product_cat":[742,748,718],"product_tag":[],"giftcard-category":[],"class_list":{"0":"post-57156","1":"product","2":"type-product","3":"status-publish","4":"has-post-thumbnail","6":"pwb-brand-cantabria-labs","7":"product_cat-berimai","8":"product_cat-taukainai-adai-lt","9":"product_cat-valymas","11":"first","12":"instock","13":"taxable","14":"shipping-taxable","15":"purchasable","16":"product-type-simple"},"acf":[],"brands":[{"id":1202,"name":"Cantabria Labs","slug":"cantabria-labs"}],"_links":{"self":[{"href":"https:\/\/skinstudio.ee\/lt\/wp-json\/wp\/v2\/product\/57156","targetHints":{"allow":["GET"]}}],"collection":[{"href":"https:\/\/skinstudio.ee\/lt\/wp-json\/wp\/v2\/product"}],"about":[{"href":"https:\/\/skinstudio.ee\/lt\/wp-json\/wp\/v2\/types\/product"}],"version-history":[{"count":0,"href":"https:\/\/skinstudio.ee\/lt\/wp-json\/wp\/v2\/product\/57156\/revisions"}],"wp:featuredmedia":[{"embeddable":true,"href":"https:\/\/skinstudio.ee\/lt\/wp-json\/wp\/v2\/media\/65309"}],"wp:attachment":[{"href":"https:\/\/skinstudio.ee\/lt\/wp-json\/wp\/v2\/media?parent=57156"}],"wp:term":[{"taxonomy":"pwb-brand","embeddable":true,"href":"https:\/\/skinstudio.ee\/lt\/wp-json\/wp\/v2\/pwb-brand?post=57156"},{"taxonomy":"product_brand","embeddable":true,"href":"https:\/\/skinstudio.ee\/lt\/wp-json\/wp\/v2\/product_brand?post=57156"},{"taxonomy":"product_cat","embeddable":true,"href":"https:\/\/skinstudio.ee\/lt\/wp-json\/wp\/v2\/product_cat?post=57156"},{"taxonomy":"product_tag","embeddable":true,"href":"https:\/\/skinstudio.ee\/lt\/wp-json\/wp\/v2\/product_tag?post=57156"},{"taxonomy":"giftcard-category","embeddable":true,"href":"https:\/\/skinstudio.ee\/lt\/wp-json\/wp\/v2\/giftcard-category?post=57156"}],"curies":[{"name":"wp","href":"https:\/\/api.w.org\/{rel}","templated":true}]}}