{"id":57179,"date":"2025-11-03T16:00:44","date_gmt":"2025-11-03T16:00:44","guid":{"rendered":"https:\/\/skinstudio.ee\/?post_type=product&#038;p=57179"},"modified":"2025-12-18T13:31:29","modified_gmt":"2025-12-18T13:31:29","slug":"biretix-mask","status":"publish","type":"product","link":"https:\/\/skinstudio.ee\/lt\/catalog\/cantabria-labs\/biretix-mask\/","title":{"rendered":"Biretix Mask"},"content":{"rendered":"<p data-start=\"1453\" data-end=\"1636\"><strong data-start=\"1453\" data-end=\"1469\">Biretix Mask<\/strong> \u2013 tai sebumo reguliuojanti valomoji kauk\u0117, kuri giliai valo poras, ma\u017eina riebal\u0173 i\u0161siskyrim\u0105 ir padeda suma\u017einti u\u017edegimus, i\u0161laikydama od\u0105 \u0161vari\u0105 ir subalansuot\u0105.<\/p>\n<p data-start=\"1638\" data-end=\"1927\">Formul\u0117 su patentuota <strong data-start=\"1660\" data-end=\"1687\">RetinSphere\u00ae Technology<\/strong> derina \u0161veln\u0173 l\u0105steli\u0173 atsinaujinim\u0105 ir sebumo reguliavim\u0105, pad\u0117dama i\u0161valyti od\u0105 be sudirginimo. Baltoji molio med\u017eiaga sugeria perteklinius riebalus, valo poras ir vizualiai ma\u017eina j\u0173 matomum\u0105, suteikdama odai lygesn\u012f ir matin\u012f efekt\u0105.<\/p>\n<p data-start=\"1929\" data-end=\"2108\"><strong data-start=\"1929\" data-end=\"1945\">Biretix Mask<\/strong> padeda kovoti su u\u017esikim\u0161usiomis poromis ir u\u017ekerta keli\u0105 netobulum\u0173 atsiradimui. Reguliariai naudojant oda tampa \u0161varesn\u0117, lygesn\u0117 ir \u012fgauna nat\u016bral\u0173 spindes\u012f.<\/p>\n<p data-start=\"2110\" data-end=\"2128\"><strong data-start=\"2110\" data-end=\"2120\">T\u016bris:<\/strong> 25 ml<\/p>\n","protected":false},"excerpt":{"rendered":"<p data-start=\"2334\" data-end=\"2362\">Sebumo reguliuojanti kauk\u0117<\/p>\n<h2 data-start=\"2364\" data-end=\"2643\"><strong data-start=\"2364\" data-end=\"2405\">Cantabria Labs &#8211; Biretix Mask Savyb\u0117s<\/strong><\/h2>\n<p data-start=\"2364\" data-end=\"2643\">\u2714\ufe0f Giliai valo poras ir ma\u017eina j\u0173 matomum\u0105<br data-start=\"2450\" data-end=\"2453\" \/>\u2714\ufe0f Reguliuoja riebal\u0173 i\u0161siskyrim\u0105 ir suteikia matin\u012f efekt\u0105<br data-start=\"2512\" data-end=\"2515\" \/>\u2714\ufe0f Padeda i\u0161vengti u\u017edegim\u0173 ir odos netobulum\u0173<br data-start=\"2561\" data-end=\"2564\" \/>\u2714\ufe0f Gaivina ir glotnina od\u0105<br data-start=\"2590\" data-end=\"2593\" \/>\u2714\ufe0f Pagerina tekst\u016br\u0105 ir suteikia sveik\u0105 spindes\u012f<\/p>\n","protected":false},"featured_media":65304,"template":"","meta":[],"pwb-brand":[1202],"product_brand":[],"product_cat":[742,726,748],"product_tag":[],"giftcard-category":[],"class_list":{"0":"post-57179","1":"product","2":"type-product","3":"status-publish","4":"has-post-thumbnail","6":"pwb-brand-cantabria-labs","7":"product_cat-berimai","8":"product_cat-maskas-lt","9":"product_cat-taukainai-adai-lt","11":"first","12":"instock","13":"taxable","14":"shipping-taxable","15":"purchasable","16":"product-type-simple"},"acf":[],"brands":[{"id":1202,"name":"Cantabria Labs","slug":"cantabria-labs"}],"_links":{"self":[{"href":"https:\/\/skinstudio.ee\/lt\/wp-json\/wp\/v2\/product\/57179","targetHints":{"allow":["GET"]}}],"collection":[{"href":"https:\/\/skinstudio.ee\/lt\/wp-json\/wp\/v2\/product"}],"about":[{"href":"https:\/\/skinstudio.ee\/lt\/wp-json\/wp\/v2\/types\/product"}],"version-history":[{"count":0,"href":"https:\/\/skinstudio.ee\/lt\/wp-json\/wp\/v2\/product\/57179\/revisions"}],"wp:featuredmedia":[{"embeddable":true,"href":"https:\/\/skinstudio.ee\/lt\/wp-json\/wp\/v2\/media\/65304"}],"wp:attachment":[{"href":"https:\/\/skinstudio.ee\/lt\/wp-json\/wp\/v2\/media?parent=57179"}],"wp:term":[{"taxonomy":"pwb-brand","embeddable":true,"href":"https:\/\/skinstudio.ee\/lt\/wp-json\/wp\/v2\/pwb-brand?post=57179"},{"taxonomy":"product_brand","embeddable":true,"href":"https:\/\/skinstudio.ee\/lt\/wp-json\/wp\/v2\/product_brand?post=57179"},{"taxonomy":"product_cat","embeddable":true,"href":"https:\/\/skinstudio.ee\/lt\/wp-json\/wp\/v2\/product_cat?post=57179"},{"taxonomy":"product_tag","embeddable":true,"href":"https:\/\/skinstudio.ee\/lt\/wp-json\/wp\/v2\/product_tag?post=57179"},{"taxonomy":"giftcard-category","embeddable":true,"href":"https:\/\/skinstudio.ee\/lt\/wp-json\/wp\/v2\/giftcard-category?post=57179"}],"curies":[{"name":"wp","href":"https:\/\/api.w.org\/{rel}","templated":true}]}}