{"id":57195,"date":"2025-11-03T16:10:21","date_gmt":"2025-11-03T16:10:21","guid":{"rendered":"https:\/\/skinstudio.ee\/?post_type=product&#038;p=57195"},"modified":"2025-12-18T13:31:29","modified_gmt":"2025-12-18T13:31:29","slug":"biretix-dermatological-bar","status":"publish","type":"product","link":"https:\/\/skinstudio.ee\/lt\/catalog\/cantabria-labs\/biretix-dermatological-bar\/","title":{"rendered":"BIRETIX Dermatological Bar"},"content":{"rendered":"<p data-start=\"1302\" data-end=\"1574\"><strong data-start=\"1302\" data-end=\"1332\">Biretix Dermatological Bar<\/strong> \u2013 profesionalus dermatologinis valomasis muilas, sukurtas giliam, ta\u010diau \u0161velniam odos valymui. Jo pa\u017eangi formul\u0117 efektyviai pa\u0161alina ne\u0161varumus, reguliuoja riebal\u0173 i\u0161siskyrim\u0105 ir padeda i\u0161laikyti nat\u016bral\u0173 odos balans\u0105 nei\u0161sausindama jos.<\/p>\n<p data-start=\"1576\" data-end=\"1847\"><strong data-start=\"1576\" data-end=\"1599\">Syndet technologija<\/strong> u\u017etikrina \u0161veln\u0173, bet veiksming\u0105 valym\u0105 su lengvomis putomis, kurios nepa\u017eeid\u017eia nat\u016bralaus odos pH balanso. Antibakteriniai ir riebal\u0173 i\u0161siskyrim\u0105 reguliuojantys ingredientai padeda suma\u017einti blizges\u012f, i\u0161valyti poras ir pagerinti odos i\u0161vaizd\u0105.<\/p>\n<p data-start=\"1849\" data-end=\"2011\">Reguliarus <strong data-start=\"1860\" data-end=\"1890\">Biretix Dermatological Bar<\/strong> naudojimas palieka od\u0105 \u0161vari\u0105, gaivi\u0105 ir subalansuot\u0105, suteikdamas komforto ir \u0161velnumo poj\u016bt\u012f po kiekvieno naudojimo.<\/p>\n<p data-start=\"2013\" data-end=\"2030\"><strong data-start=\"2013\" data-end=\"2023\">T\u016bris:<\/strong> 80 g<\/p>\n","protected":false},"excerpt":{"rendered":"<p data-start=\"2267\" data-end=\"2300\">Valomasis dermatologinis muilas<\/p>\n<h2 data-start=\"2302\" data-end=\"2599\"><strong data-start=\"2302\" data-end=\"2357\">Cantabria Labs &#8211; Biretix Dermatological Bar Savyb\u0117s<\/strong><\/h2>\n<p data-start=\"2302\" data-end=\"2599\" data-is-last-node=\"\" data-is-only-node=\"\">\u2714\ufe0f Giliai valo od\u0105, i\u0161laikydamas pH pusiausvyr\u0105<br data-start=\"2407\" data-end=\"2410\" \/>\u2714\ufe0f Ma\u017eina blizges\u012f ir reguliuoja riebal\u0173 i\u0161siskyrim\u0105<br data-start=\"2462\" data-end=\"2465\" \/>\u2714\ufe0f Turi antibakterin\u012f poveik\u012f ir valo poras<br data-start=\"2508\" data-end=\"2511\" \/>\u2714\ufe0f Palieka od\u0105 \u0161velni\u0105, lygi\u0105 ir gaivi\u0105<br data-start=\"2550\" data-end=\"2553\" \/>\u2714\ufe0f Atkuria odos balans\u0105 ir gerina jos tekst\u016br\u0105<\/p>\n","protected":false},"featured_media":65299,"template":"","meta":[],"pwb-brand":[1202],"product_brand":[],"product_cat":[748,718],"product_tag":[],"giftcard-category":[],"class_list":{"0":"post-57195","1":"product","2":"type-product","3":"status-publish","4":"has-post-thumbnail","6":"pwb-brand-cantabria-labs","7":"product_cat-taukainai-adai-lt","8":"product_cat-valymas","10":"first","11":"instock","12":"taxable","13":"shipping-taxable","14":"purchasable","15":"product-type-simple"},"acf":[],"brands":[{"id":1202,"name":"Cantabria Labs","slug":"cantabria-labs"}],"_links":{"self":[{"href":"https:\/\/skinstudio.ee\/lt\/wp-json\/wp\/v2\/product\/57195","targetHints":{"allow":["GET"]}}],"collection":[{"href":"https:\/\/skinstudio.ee\/lt\/wp-json\/wp\/v2\/product"}],"about":[{"href":"https:\/\/skinstudio.ee\/lt\/wp-json\/wp\/v2\/types\/product"}],"version-history":[{"count":0,"href":"https:\/\/skinstudio.ee\/lt\/wp-json\/wp\/v2\/product\/57195\/revisions"}],"wp:featuredmedia":[{"embeddable":true,"href":"https:\/\/skinstudio.ee\/lt\/wp-json\/wp\/v2\/media\/65299"}],"wp:attachment":[{"href":"https:\/\/skinstudio.ee\/lt\/wp-json\/wp\/v2\/media?parent=57195"}],"wp:term":[{"taxonomy":"pwb-brand","embeddable":true,"href":"https:\/\/skinstudio.ee\/lt\/wp-json\/wp\/v2\/pwb-brand?post=57195"},{"taxonomy":"product_brand","embeddable":true,"href":"https:\/\/skinstudio.ee\/lt\/wp-json\/wp\/v2\/product_brand?post=57195"},{"taxonomy":"product_cat","embeddable":true,"href":"https:\/\/skinstudio.ee\/lt\/wp-json\/wp\/v2\/product_cat?post=57195"},{"taxonomy":"product_tag","embeddable":true,"href":"https:\/\/skinstudio.ee\/lt\/wp-json\/wp\/v2\/product_tag?post=57195"},{"taxonomy":"giftcard-category","embeddable":true,"href":"https:\/\/skinstudio.ee\/lt\/wp-json\/wp\/v2\/giftcard-category?post=57195"}],"curies":[{"name":"wp","href":"https:\/\/api.w.org\/{rel}","templated":true}]}}