{"id":57230,"date":"2025-11-04T10:47:51","date_gmt":"2025-11-04T10:47:51","guid":{"rendered":"https:\/\/skinstudio.ee\/?post_type=product&#038;p=57230"},"modified":"2025-12-18T13:31:29","modified_gmt":"2025-12-18T13:31:29","slug":"biretix-triactive-gel","status":"publish","type":"product","link":"https:\/\/skinstudio.ee\/lt\/catalog\/cantabria-labs\/biretix-triactive-gel\/","title":{"rendered":"Biretix Triactive Gel"},"content":{"rendered":"<p data-start=\"1870\" data-end=\"2286\"><strong data-start=\"1877\" data-end=\"1902\">Biretix Triactive Gel<\/strong> &#8211; tai novatori\u0161kas formul\u0117s gelis veidui, skirtas odai, linkusiai \u012f u\u017edegimus ir poakninio laikotarpio \u017eymes. Jo sud\u0117tyje esanti i\u0161skirtin\u0117 <strong data-start=\"2043\" data-end=\"2070\">RetinSphere\u00ae Technology<\/strong> technologija ir <strong data-start=\"2087\" data-end=\"2100\">BIOPEP-15<\/strong> aktyvus kompleksas padeda ma\u017einti bakterij\u0173 dauginim\u0105si, reguliuoja sebumo i\u0161siskyrim\u0105 ir spartina l\u0105steli\u0173 atsinaujinim\u0105. Vos po keli\u0173 dien\u0173 oda tampa pastebimai \u0161varesn\u0117 ir lygesn\u0117.<\/p>\n<p data-start=\"2288\" data-end=\"2657\">Klinikiniai tyrimai patvirtina veiksmingum\u0105: reguliariai naudojant, u\u017edegim\u0173 kiekis suma\u017e\u0117ja iki <strong data-start=\"2385\" data-end=\"2392\">76%<\/strong>, o ink\u0161tir\u0173 &#8211; net <strong data-start=\"2411\" data-end=\"2418\">61%<\/strong> vos per 30 dien\u0173. Gelis ne tik padeda kovoti su b\u0117rimais, bet ir i\u0161lygina odos reljef\u0105, ma\u017eina poakninio laikotarpio p\u0117dsakus ir daro od\u0105 \u0161velnesn\u0119 bei elastingesn\u0119. Lengvos tekst\u016bros formul\u0117 greitai susigeria ir netrikdo jautrios odos.<\/p>\n<p data-start=\"2659\" data-end=\"2817\">Biretix Triactive Gel puikiai papildo kasdien\u0119 odos prie\u017ei\u016bros rutin\u0105, padeda pastebimai pagerinti odos b\u016bkl\u0119 ir atkurti jos nat\u016bral\u0173 \u0161vie\u017eum\u0105 bei spindes\u012f.<\/p>\n<p data-start=\"2819\" data-end=\"2837\"><strong data-start=\"2819\" data-end=\"2829\">T\u016bris:<\/strong> 50 ml<\/p>\n","protected":false},"excerpt":{"rendered":"<p data-start=\"3167\" data-end=\"3204\">Dr\u0117kinamasis gelis probleminei odai<\/p>\n<h2 data-start=\"3206\" data-end=\"3449\"><strong data-start=\"3206\" data-end=\"3256\">Cantabria Labs &#8211; Biretix Triactive Gel savyb\u0117s<\/strong><\/h2>\n<p data-start=\"3206\" data-end=\"3449\">\u2714\ufe0fMa\u017eina u\u017edegimus ir poakninio laikotarpio p\u0117dsakus<br data-start=\"3311\" data-end=\"3314\" \/>\u2714\ufe0fSuma\u017eina ink\u0161tir\u0173 kiek\u012f<br data-start=\"3339\" data-end=\"3342\" \/>\u2714\ufe0fReguliuoja sebumo gamyb\u0105<br data-start=\"3368\" data-end=\"3371\" \/>\u2714\ufe0fI\u0161lygina odos tekst\u016br\u0105 ir atspalv\u012f<br data-start=\"3407\" data-end=\"3410\" \/>\u2714\ufe0fRamina sudirgusi\u0105 ir paraudusi\u0105 od\u0105<\/p>\n","protected":false},"featured_media":65294,"template":"","meta":[],"pwb-brand":[1202],"product_brand":[],"product_cat":[742,746,718],"product_tag":[],"giftcard-category":[],"class_list":{"0":"post-57230","1":"product","2":"type-product","3":"status-publish","4":"has-post-thumbnail","6":"pwb-brand-cantabria-labs","7":"product_cat-berimai","8":"product_cat-jautriai-odai","9":"product_cat-valymas","11":"first","12":"instock","13":"taxable","14":"shipping-taxable","15":"purchasable","16":"product-type-simple"},"acf":[],"brands":[{"id":1202,"name":"Cantabria Labs","slug":"cantabria-labs"}],"_links":{"self":[{"href":"https:\/\/skinstudio.ee\/lt\/wp-json\/wp\/v2\/product\/57230","targetHints":{"allow":["GET"]}}],"collection":[{"href":"https:\/\/skinstudio.ee\/lt\/wp-json\/wp\/v2\/product"}],"about":[{"href":"https:\/\/skinstudio.ee\/lt\/wp-json\/wp\/v2\/types\/product"}],"version-history":[{"count":0,"href":"https:\/\/skinstudio.ee\/lt\/wp-json\/wp\/v2\/product\/57230\/revisions"}],"wp:featuredmedia":[{"embeddable":true,"href":"https:\/\/skinstudio.ee\/lt\/wp-json\/wp\/v2\/media\/65294"}],"wp:attachment":[{"href":"https:\/\/skinstudio.ee\/lt\/wp-json\/wp\/v2\/media?parent=57230"}],"wp:term":[{"taxonomy":"pwb-brand","embeddable":true,"href":"https:\/\/skinstudio.ee\/lt\/wp-json\/wp\/v2\/pwb-brand?post=57230"},{"taxonomy":"product_brand","embeddable":true,"href":"https:\/\/skinstudio.ee\/lt\/wp-json\/wp\/v2\/product_brand?post=57230"},{"taxonomy":"product_cat","embeddable":true,"href":"https:\/\/skinstudio.ee\/lt\/wp-json\/wp\/v2\/product_cat?post=57230"},{"taxonomy":"product_tag","embeddable":true,"href":"https:\/\/skinstudio.ee\/lt\/wp-json\/wp\/v2\/product_tag?post=57230"},{"taxonomy":"giftcard-category","embeddable":true,"href":"https:\/\/skinstudio.ee\/lt\/wp-json\/wp\/v2\/giftcard-category?post=57230"}],"curies":[{"name":"wp","href":"https:\/\/api.w.org\/{rel}","templated":true}]}}