{"id":57251,"date":"2025-11-04T11:09:20","date_gmt":"2025-11-04T11:09:20","guid":{"rendered":"https:\/\/skinstudio.ee\/?post_type=product&#038;p=57251"},"modified":"2025-12-18T13:31:29","modified_gmt":"2025-12-18T13:31:29","slug":"biretix-triactive-spray","status":"publish","type":"product","link":"https:\/\/skinstudio.ee\/lt\/catalog\/cantabria-labs\/biretix-triactive-spray\/","title":{"rendered":"Biretix Triactive Spray"},"content":{"rendered":"<p data-start=\"2009\" data-end=\"2495\"><strong data-start=\"2016\" data-end=\"2043\">Biretix Triactive Spray<\/strong> \u2013 tai novatori\u0161kas formul\u0117s k\u016bno pur\u0161kalas, skirtas odai, linkusiai \u012f u\u017edegimus, b\u0117rimus ir poakninio laikotarpio \u017eymes. Jo sud\u0117tyje derinama i\u0161skirtin\u0117 <strong data-start=\"2197\" data-end=\"2224\">RetinSphere\u00ae Technology<\/strong> technologija ir <strong data-start=\"2241\" data-end=\"2254\">BIOPEP-15<\/strong>aktyvus kompleksas, padedantys ma\u017einti bakterij\u0173 dauginim\u0105si, reguliuoti sebumo gamyb\u0105 ir skatinti l\u0105steli\u0173 atsinaujinim\u0105. Produktas \u0161velniai eksfolijuoja od\u0105, ma\u017eina poakninio laikotarpio p\u0117dsakus ir padeda i\u0161laikyti j\u0105 \u0161vari\u0105 bei lygi\u0105.<\/p>\n<p data-start=\"2497\" data-end=\"2754\"><strong data-start=\"2497\" data-end=\"2524\">Biretix Triactive Spray<\/strong> greitai susigeria ir nepalieka \u017eymi\u0173 ant odos ar drabu\u017ei\u0173. Lengva, nematoma tekst\u016bra suteikia komforto ir gaivumo poj\u016bt\u012f, o ergonomi\u0161kas purk\u0161tuvas leid\u017eia lengvai pasiekti sunkiau prieinamas vietas &#8211; nugar\u0105, kr\u016btin\u0119 ir pe\u010dius.<\/p>\n<p data-start=\"2756\" data-end=\"2980\">Reguliariai naudojant, pur\u0161kalas pastebimai ma\u017eina u\u017edegimus ir netobulumus, gerina odos tekst\u016br\u0105 ir bendr\u0105 i\u0161vaizd\u0105. Jis idealiai tinka kasdieniam naudojimui, padeda palaikyti \u0161vari\u0105, lygi\u0105 ir sveikai atrodan\u010di\u0105 k\u016bno od\u0105.<\/p>\n<p data-start=\"2982\" data-end=\"3001\"><strong data-start=\"2982\" data-end=\"2992\">T\u016bris:<\/strong> 100 ml<\/p>\n","protected":false},"excerpt":{"rendered":"<p data-start=\"3460\" data-end=\"3509\">Valomasis pur\u0161kalas problemin\u0117s odos prie\u017ei\u016brai<\/p>\n<h2 data-start=\"3511\" data-end=\"3813\"><strong data-start=\"3511\" data-end=\"3563\">Cantabria Labs &#8211; Biretix Triactive Spray savyb\u0117s<\/strong><\/h2>\n<p data-start=\"3511\" data-end=\"3813\">\u2714\ufe0fMa\u017eina u\u017edegimus ir b\u0117rimus ant k\u016bno<br data-start=\"3604\" data-end=\"3607\" \/>\u2714\ufe0fReguliuoja sebumo gamyb\u0105 ir suteikia matin\u012f efekt\u0105<br data-start=\"3659\" data-end=\"3662\" \/>\u2714\ufe0fI\u0161lygina odos tekst\u016br\u0105 ir ma\u017eina poakninio laikotarpio p\u0117dsakus<br data-start=\"3727\" data-end=\"3730\" \/>\u2714\ufe0fGreitai susigeria, nepalikdamas lipnumo<br data-start=\"3771\" data-end=\"3774\" \/>\u2714\ufe0fPalieka od\u0105 \u0161vari\u0105, lygi\u0105 ir gaivi\u0105<\/p>\n","protected":false},"featured_media":65289,"template":"","meta":[],"pwb-brand":[1202],"product_brand":[],"product_cat":[742,758],"product_tag":[],"giftcard-category":[],"class_list":{"0":"post-57251","1":"product","2":"type-product","3":"status-publish","4":"has-post-thumbnail","6":"pwb-brand-cantabria-labs","7":"product_cat-berimai","8":"product_cat-kuno-prieziura","10":"first","11":"instock","12":"taxable","13":"shipping-taxable","14":"purchasable","15":"product-type-simple"},"acf":[],"brands":[{"id":1202,"name":"Cantabria Labs","slug":"cantabria-labs"}],"_links":{"self":[{"href":"https:\/\/skinstudio.ee\/lt\/wp-json\/wp\/v2\/product\/57251","targetHints":{"allow":["GET"]}}],"collection":[{"href":"https:\/\/skinstudio.ee\/lt\/wp-json\/wp\/v2\/product"}],"about":[{"href":"https:\/\/skinstudio.ee\/lt\/wp-json\/wp\/v2\/types\/product"}],"version-history":[{"count":0,"href":"https:\/\/skinstudio.ee\/lt\/wp-json\/wp\/v2\/product\/57251\/revisions"}],"wp:featuredmedia":[{"embeddable":true,"href":"https:\/\/skinstudio.ee\/lt\/wp-json\/wp\/v2\/media\/65289"}],"wp:attachment":[{"href":"https:\/\/skinstudio.ee\/lt\/wp-json\/wp\/v2\/media?parent=57251"}],"wp:term":[{"taxonomy":"pwb-brand","embeddable":true,"href":"https:\/\/skinstudio.ee\/lt\/wp-json\/wp\/v2\/pwb-brand?post=57251"},{"taxonomy":"product_brand","embeddable":true,"href":"https:\/\/skinstudio.ee\/lt\/wp-json\/wp\/v2\/product_brand?post=57251"},{"taxonomy":"product_cat","embeddable":true,"href":"https:\/\/skinstudio.ee\/lt\/wp-json\/wp\/v2\/product_cat?post=57251"},{"taxonomy":"product_tag","embeddable":true,"href":"https:\/\/skinstudio.ee\/lt\/wp-json\/wp\/v2\/product_tag?post=57251"},{"taxonomy":"giftcard-category","embeddable":true,"href":"https:\/\/skinstudio.ee\/lt\/wp-json\/wp\/v2\/giftcard-category?post=57251"}],"curies":[{"name":"wp","href":"https:\/\/api.w.org\/{rel}","templated":true}]}}