{"id":57272,"date":"2025-11-04T11:18:45","date_gmt":"2025-11-04T11:18:45","guid":{"rendered":"https:\/\/skinstudio.ee\/?post_type=product&#038;p=57272"},"modified":"2025-12-18T13:31:29","modified_gmt":"2025-12-18T13:31:29","slug":"biretix-duo","status":"publish","type":"product","link":"https:\/\/skinstudio.ee\/lt\/catalog\/cantabria-labs\/biretix-duo\/","title":{"rendered":"Biretix Duo"},"content":{"rendered":"<p data-start=\"1986\" data-end=\"2438\"><strong data-start=\"1993\" data-end=\"2008\">Biretix Duo<\/strong> \u2013 tai lengvos tekst\u016bros gelis, sukurtas odos prie\u017ei\u016brai, linkusiai \u012f u\u017edegimus ir akn\u0119. Jo sud\u0117tyje derinama i\u0161skirtin\u0117 <strong data-start=\"2129\" data-end=\"2156\">RetinSphere\u00ae Technology<\/strong> technologija ir inovatyvus <strong data-start=\"2184\" data-end=\"2197\">BIOPEP-15<\/strong> aktyvus kompleksas, padedantys ma\u017einti bakterij\u0173 dauginim\u0105si, reguliuoti sebumo gamyb\u0105 ir skatinti l\u0105steli\u0173 atsinaujinim\u0105. <strong data-start=\"2321\" data-end=\"2336\">Vitaminas E<\/strong> stiprina odos apsaugin\u012f barjer\u0105 ir padeda i\u0161laikyti nat\u016bral\u0173 balans\u0105, apsaugodamas nuo i\u0161saus\u0117jimo.<\/p>\n<p data-start=\"2440\" data-end=\"2766\">Gelis pasi\u017eymi \u0161velniomis antimikrobin\u0117mis savyb\u0117mis &#8211; padeda ma\u017einti b\u0117rimus ir neleid\u017eia formuotis naujiems netobulumams. D\u0117l <strong data-start=\"2568\" data-end=\"2589\">salicilo r\u016bg\u0161ties<\/strong> sud\u0117ties jis giliai valo poras, gerina odos tekst\u016br\u0105 ir tolygina atspalv\u012f, nesukeldamas dirginimo. Formul\u0117 pasi\u017eymi puikiu toleravimu ir gali b\u016bti naudojama net vasaros metu.<\/p>\n<p data-start=\"2768\" data-end=\"3030\"><strong data-start=\"2768\" data-end=\"2783\">Biretix Duo<\/strong> veiksmingai ma\u017eina u\u017edegimus, poakninio laikotarpio p\u0117dsakus ir perteklin\u012f blizges\u012f, padeda odai tapti \u0161varesnei, lygesnei ir sveikesnei. Tai idealus produktas kasdieninei prie\u017ei\u016brai, padedantis palaikyti \u0161vari\u0105, subalansuot\u0105 ir spindin\u010di\u0105 od\u0105.<\/p>\n<p data-start=\"3032\" data-end=\"3050\"><strong data-start=\"3032\" data-end=\"3042\">T\u016bris:<\/strong> 30 ml<\/p>\n","protected":false},"excerpt":{"rendered":"<p data-start=\"3489\" data-end=\"3526\">Dr\u0117kinamasis gelis probleminei odai<\/p>\n<h2 data-start=\"3528\" data-end=\"3819\"><strong data-start=\"3528\" data-end=\"3568\">Cantabria Labs &#8211; Biretix Duo savyb\u0117s<\/strong><\/h2>\n<p data-start=\"3528\" data-end=\"3819\">\u2714\ufe0fMa\u017eina u\u017edegimus ir neleid\u017eia formuotis naujiems b\u0117rimams<br data-start=\"3630\" data-end=\"3633\" \/>\u2714\ufe0fReguliuoja sebumo gamyb\u0105 ir valo poras<br data-start=\"3673\" data-end=\"3676\" \/>\u2714\ufe0fI\u0161lygina odos tekst\u016br\u0105 ir tolygina atspalv\u012f<br data-start=\"3721\" data-end=\"3724\" \/>\u2714\ufe0fRamina od\u0105 ir stiprina apsaugin\u012f barjer\u0105<br data-start=\"3766\" data-end=\"3769\" \/>\u2714\ufe0fSuteikia matin\u012f efekt\u0105 ir gaivina veido spalv\u0105<\/p>\n","protected":false},"featured_media":65284,"template":"","meta":[],"pwb-brand":[1202],"product_brand":[],"product_cat":[742,748,718],"product_tag":[],"giftcard-category":[],"class_list":{"0":"post-57272","1":"product","2":"type-product","3":"status-publish","4":"has-post-thumbnail","6":"pwb-brand-cantabria-labs","7":"product_cat-berimai","8":"product_cat-taukainai-adai-lt","9":"product_cat-valymas","11":"first","12":"instock","13":"taxable","14":"shipping-taxable","15":"purchasable","16":"product-type-simple"},"acf":[],"brands":[{"id":1202,"name":"Cantabria Labs","slug":"cantabria-labs"}],"_links":{"self":[{"href":"https:\/\/skinstudio.ee\/lt\/wp-json\/wp\/v2\/product\/57272","targetHints":{"allow":["GET"]}}],"collection":[{"href":"https:\/\/skinstudio.ee\/lt\/wp-json\/wp\/v2\/product"}],"about":[{"href":"https:\/\/skinstudio.ee\/lt\/wp-json\/wp\/v2\/types\/product"}],"version-history":[{"count":0,"href":"https:\/\/skinstudio.ee\/lt\/wp-json\/wp\/v2\/product\/57272\/revisions"}],"wp:featuredmedia":[{"embeddable":true,"href":"https:\/\/skinstudio.ee\/lt\/wp-json\/wp\/v2\/media\/65284"}],"wp:attachment":[{"href":"https:\/\/skinstudio.ee\/lt\/wp-json\/wp\/v2\/media?parent=57272"}],"wp:term":[{"taxonomy":"pwb-brand","embeddable":true,"href":"https:\/\/skinstudio.ee\/lt\/wp-json\/wp\/v2\/pwb-brand?post=57272"},{"taxonomy":"product_brand","embeddable":true,"href":"https:\/\/skinstudio.ee\/lt\/wp-json\/wp\/v2\/product_brand?post=57272"},{"taxonomy":"product_cat","embeddable":true,"href":"https:\/\/skinstudio.ee\/lt\/wp-json\/wp\/v2\/product_cat?post=57272"},{"taxonomy":"product_tag","embeddable":true,"href":"https:\/\/skinstudio.ee\/lt\/wp-json\/wp\/v2\/product_tag?post=57272"},{"taxonomy":"giftcard-category","embeddable":true,"href":"https:\/\/skinstudio.ee\/lt\/wp-json\/wp\/v2\/giftcard-category?post=57272"}],"curies":[{"name":"wp","href":"https:\/\/api.w.org\/{rel}","templated":true}]}}