{"id":57289,"date":"2025-11-04T11:31:49","date_gmt":"2025-11-04T11:31:49","guid":{"rendered":"https:\/\/skinstudio.ee\/?post_type=product&#038;p=57289"},"modified":"2025-12-18T13:31:29","modified_gmt":"2025-12-18T13:31:29","slug":"biretix-focus","status":"publish","type":"product","link":"https:\/\/skinstudio.ee\/lt\/catalog\/cantabria-labs\/biretix-focus\/","title":{"rendered":"Biretix Focus Gel"},"content":{"rendered":"<p data-start=\"1753\" data-end=\"2154\"><strong>Biretix Focus Gel<\/strong> \u2013 tai novatori\u0161kas formul\u0117s ta\u0161kinis gelis lengvos tekst\u016bros, sukurtas greitam u\u017edegim\u0173 ir b\u0117rim\u0173 ma\u017einimui. Jo sud\u0117tyje yra didel\u0117 aktyvi\u0173j\u0173 ingredient\u0173 koncentracija, kurie veikia sinergi\u0161kai, suteikdami stipr\u0173 prie\u0161u\u017edegimin\u012f ir sebumo gamyb\u0105 reguliuojant\u012f poveik\u012f. Produktas padeda suma\u017einti paraudim\u0105, patinim\u0105 ir odos jautrum\u0105, pagreitindamas problemini\u0173 viet\u0173 gijim\u0105.<\/p>\n<p data-start=\"2156\" data-end=\"2413\">D\u0117l savo skaidrios ir nematomos tekst\u016bros <strong>Biretix Focus Gel<\/strong>\u00a0lengvai tepasi, greitai susigeria ir gali b\u016bti naudojamas po makia\u017eu arba ant jo. Jis veikia tiesiogiai netobulum\u0173 vietose, ma\u017eina j\u0173 dyd\u012f ir u\u017edegim\u0105 bei padeda i\u0161vengti nauj\u0173 b\u0117rim\u0173 atsiradimo.<\/p>\n<p data-start=\"2415\" data-end=\"2607\">Reguliarus naudojimas pagerina odos b\u016bkl\u0119, padaro j\u0105 \u0161varesn\u0119, lygesn\u0119 ir sveikesn\u0119. Tai b\u016btina priemon\u0117 greitam veiksmui, kai reikia nuraminti u\u017edegim\u0105 ir atkurti pri\u017ei\u016brimos odos i\u0161vaizd\u0105.<\/p>\n<p data-start=\"2609\" data-end=\"2627\"><strong data-start=\"2609\" data-end=\"2619\">T\u016bris:<\/strong> 15 ml<\/p>\n","protected":false},"excerpt":{"rendered":"<p data-start=\"2956\" data-end=\"2999\">Ta\u0161kinis gelis greitam u\u017edegim\u0173 ma\u017einimui<\/p>\n<h2 data-start=\"3001\" data-end=\"3254\"><strong data-start=\"3001\" data-end=\"3043\">Cantabria Labs &#8211; Biretix Focus Gel savyb\u0117s<\/strong><\/h2>\n<p data-start=\"3001\" data-end=\"3254\">\u2714\ufe0fGreitai ma\u017eina u\u017edegim\u0105 ir paraudim\u0105<br data-start=\"3084\" data-end=\"3087\" \/>\u2714\ufe0fSuma\u017eina b\u0117rim\u0173 dyd\u012f ir apimt\u012f<br data-start=\"3119\" data-end=\"3122\" \/>\u2714\ufe0fReguliuoja sebumo gamyb\u0105 ir valo poras<br data-start=\"3162\" data-end=\"3165\" \/>\u2714\ufe0fPagreitina problemini\u0173 viet\u0173 gijim\u0105<br data-start=\"3202\" data-end=\"3205\" \/>\u2714\ufe0fPadeda i\u0161laikyti \u0161vari\u0105, lygi\u0105 ir tolygi\u0105 od\u0105<\/p>\n","protected":false},"featured_media":65279,"template":"","meta":[],"pwb-brand":[1202],"product_brand":[],"product_cat":[742,744,724],"product_tag":[],"giftcard-category":[],"class_list":{"0":"post-57289","1":"product","2":"type-product","3":"status-publish","4":"has-post-thumbnail","6":"pwb-brand-cantabria-labs","7":"product_cat-berimai","8":"product_cat-issipletusios-poros","9":"product_cat-serumai","11":"first","12":"instock","13":"taxable","14":"shipping-taxable","15":"purchasable","16":"product-type-simple"},"acf":[],"brands":[{"id":1202,"name":"Cantabria Labs","slug":"cantabria-labs"}],"_links":{"self":[{"href":"https:\/\/skinstudio.ee\/lt\/wp-json\/wp\/v2\/product\/57289","targetHints":{"allow":["GET"]}}],"collection":[{"href":"https:\/\/skinstudio.ee\/lt\/wp-json\/wp\/v2\/product"}],"about":[{"href":"https:\/\/skinstudio.ee\/lt\/wp-json\/wp\/v2\/types\/product"}],"version-history":[{"count":0,"href":"https:\/\/skinstudio.ee\/lt\/wp-json\/wp\/v2\/product\/57289\/revisions"}],"wp:featuredmedia":[{"embeddable":true,"href":"https:\/\/skinstudio.ee\/lt\/wp-json\/wp\/v2\/media\/65279"}],"wp:attachment":[{"href":"https:\/\/skinstudio.ee\/lt\/wp-json\/wp\/v2\/media?parent=57289"}],"wp:term":[{"taxonomy":"pwb-brand","embeddable":true,"href":"https:\/\/skinstudio.ee\/lt\/wp-json\/wp\/v2\/pwb-brand?post=57289"},{"taxonomy":"product_brand","embeddable":true,"href":"https:\/\/skinstudio.ee\/lt\/wp-json\/wp\/v2\/product_brand?post=57289"},{"taxonomy":"product_cat","embeddable":true,"href":"https:\/\/skinstudio.ee\/lt\/wp-json\/wp\/v2\/product_cat?post=57289"},{"taxonomy":"product_tag","embeddable":true,"href":"https:\/\/skinstudio.ee\/lt\/wp-json\/wp\/v2\/product_tag?post=57289"},{"taxonomy":"giftcard-category","embeddable":true,"href":"https:\/\/skinstudio.ee\/lt\/wp-json\/wp\/v2\/giftcard-category?post=57289"}],"curies":[{"name":"wp","href":"https:\/\/api.w.org\/{rel}","templated":true}]}}