{"id":57316,"date":"2025-11-04T11:51:15","date_gmt":"2025-11-04T11:51:15","guid":{"rendered":"https:\/\/skinstudio.ee\/?post_type=product&#038;p=57316"},"modified":"2026-04-09T09:30:42","modified_gmt":"2026-04-09T09:30:42","slug":"biretix-oil-control-solution","status":"publish","type":"product","link":"https:\/\/skinstudio.ee\/lt\/catalog\/cantabria-labs\/biretix-oil-control-solution\/","title":{"rendered":"Biretix Oil Control Solution"},"content":{"rendered":"<p data-start=\"2623\" data-end=\"3039\"><strong data-start=\"2630\" data-end=\"2662\">Biretix Oil Control Solution<\/strong> &#8211; tai atkuriamasis ir matin\u012f efekt\u0105 suteikiantis veido tonikas su \u0161velniu \u0161vei\u010diamuoju poveikiu. Jo formul\u0117je derinamos <strong data-start=\"2783\" data-end=\"2803\">glikolio r\u016bg\u0161tis<\/strong> ir <strong data-start=\"2807\" data-end=\"2826\">migdol\u0173 r\u016bg\u0161tis<\/strong>, kurios skatina epidermio atsinaujinim\u0105, gerina tekst\u016br\u0105 ir ma\u017eina po u\u017edegimo atsiradusi\u0105 pigmentacij\u0105. Produktas efektyviai reguliuoja sebumo gamyb\u0105, ma\u017eina poras ir blizges\u012f, palikdamas od\u0105 lygi\u0105 bei gaivi\u0105.<\/p>\n<p data-start=\"3041\" data-end=\"3386\">Lengvos tekst\u016bros <strong data-start=\"3059\" data-end=\"3091\">Biretix Oil Control Solution<\/strong> greitai susigeria, nesukeldamas sausumo ar tempimo poj\u016b\u010dio. Aktyvi\u0173j\u0173 <strong data-start=\"3162\" data-end=\"3177\">AHA r\u016bg\u0161\u010di\u0173<\/strong> ir antioksidant\u0173 derinys padeda atnaujinti odos pavir\u0161i\u0173, pagerinti jos atspalv\u012f ir suteikti nat\u016bral\u0173 \u0161vyt\u0117jim\u0105. Produktas \u0161velniai valo, palaiko odos balans\u0105 ir suteikia pri\u017ei\u016br\u0117t\u0105 i\u0161vaizd\u0105 be sudirginimo.<\/p>\n<p data-start=\"3388\" data-end=\"3661\">Reguliariai naudojant, netobulumai tampa ma\u017eiau pastebimi, poros suma\u017e\u0117ja, o oda \u012fgauna tolyg\u0173, matin\u012f atspalv\u012f. Tonikas puikiai papildo kasdien\u0119 prie\u017ei\u016bros rutin\u0105 ir sustiprina kit\u0173 <strong data-start=\"3571\" data-end=\"3582\">Biretix<\/strong> linijos produkt\u0173 poveik\u012f, u\u017etikrindamas ilgalaik\u012f \u0161varos ir glotnumo efekt\u0105.<\/p>\n<p data-start=\"3663\" data-end=\"3682\"><strong data-start=\"3663\" data-end=\"3673\">T\u016bris:<\/strong> 30 ml \/ 100 ml<\/p>\n","protected":false},"excerpt":{"rendered":"<p data-start=\"4833\" data-end=\"4882\">Matin\u012f efekt\u0105 suteikiantis tonikas riebiai odai<\/p>\n<h2 data-start=\"4884\" data-end=\"5167\"><strong data-start=\"4884\" data-end=\"4941\">Cantabria Labs &#8211; Biretix Oil Control Solution savyb\u0117s<\/strong><\/h2>\n<p data-start=\"4884\" data-end=\"5167\">\u2714\ufe0f\u0160velniai \u0161vei\u010dia ir atnaujina odos pavir\u0161i\u0173<br data-start=\"4989\" data-end=\"4992\" \/>\u2714\ufe0fReguliuoja sebumo gamyb\u0105 ir suteikia matin\u012f efekt\u0105<br data-start=\"5044\" data-end=\"5047\" \/>\u2714\ufe0fSuma\u017eina poras ir netobulumus<br data-start=\"5078\" data-end=\"5081\" \/>\u2714\ufe0fMa\u017eina po u\u017edegimo atsiradusi\u0105 pigmentacij\u0105<br data-start=\"5126\" data-end=\"5129\" \/>\u2714\ufe0fI\u0161lygina tekst\u016br\u0105 ir atgaivina od\u0105<\/p>\n","protected":false},"featured_media":65274,"template":"","meta":[],"pwb-brand":[1202],"product_brand":[],"product_cat":[744,748,722],"product_tag":[],"giftcard-category":[],"class_list":{"0":"post-57316","1":"product","2":"type-product","3":"status-publish","4":"has-post-thumbnail","6":"pwb-brand-cantabria-labs","7":"product_cat-issipletusios-poros","8":"product_cat-taukainai-adai-lt","9":"product_cat-toneriai","10":"pa_suurus-100ml-lt","11":"pa_suurus-30ml-lt","13":"first","14":"instock","15":"taxable","16":"shipping-taxable","17":"purchasable","18":"product-type-variable"},"acf":[],"brands":[{"id":1202,"name":"Cantabria Labs","slug":"cantabria-labs"}],"_links":{"self":[{"href":"https:\/\/skinstudio.ee\/lt\/wp-json\/wp\/v2\/product\/57316","targetHints":{"allow":["GET"]}}],"collection":[{"href":"https:\/\/skinstudio.ee\/lt\/wp-json\/wp\/v2\/product"}],"about":[{"href":"https:\/\/skinstudio.ee\/lt\/wp-json\/wp\/v2\/types\/product"}],"version-history":[{"count":1,"href":"https:\/\/skinstudio.ee\/lt\/wp-json\/wp\/v2\/product\/57316\/revisions"}],"predecessor-version":[{"id":90119,"href":"https:\/\/skinstudio.ee\/lt\/wp-json\/wp\/v2\/product\/57316\/revisions\/90119"}],"wp:featuredmedia":[{"embeddable":true,"href":"https:\/\/skinstudio.ee\/lt\/wp-json\/wp\/v2\/media\/65274"}],"wp:attachment":[{"href":"https:\/\/skinstudio.ee\/lt\/wp-json\/wp\/v2\/media?parent=57316"}],"wp:term":[{"taxonomy":"pwb-brand","embeddable":true,"href":"https:\/\/skinstudio.ee\/lt\/wp-json\/wp\/v2\/pwb-brand?post=57316"},{"taxonomy":"product_brand","embeddable":true,"href":"https:\/\/skinstudio.ee\/lt\/wp-json\/wp\/v2\/product_brand?post=57316"},{"taxonomy":"product_cat","embeddable":true,"href":"https:\/\/skinstudio.ee\/lt\/wp-json\/wp\/v2\/product_cat?post=57316"},{"taxonomy":"product_tag","embeddable":true,"href":"https:\/\/skinstudio.ee\/lt\/wp-json\/wp\/v2\/product_tag?post=57316"},{"taxonomy":"giftcard-category","embeddable":true,"href":"https:\/\/skinstudio.ee\/lt\/wp-json\/wp\/v2\/giftcard-category?post=57316"}],"curies":[{"name":"wp","href":"https:\/\/api.w.org\/{rel}","templated":true}]}}