{"id":57358,"date":"2025-11-04T12:07:53","date_gmt":"2025-11-04T12:07:53","guid":{"rendered":"https:\/\/skinstudio.ee\/?post_type=product&#038;p=57358"},"modified":"2025-12-18T13:31:30","modified_gmt":"2025-12-18T13:31:30","slug":"biretix-hydramat","status":"publish","type":"product","link":"https:\/\/skinstudio.ee\/lt\/catalog\/cantabria-labs\/biretix-hydramat\/","title":{"rendered":"Biretix Hydramat"},"content":{"rendered":"<p data-start=\"2449\" data-end=\"2864\"><strong data-start=\"2456\" data-end=\"2476\">Biretix Hydramat<\/strong> &#8211; lengvos tekst\u016bros, greitai \u012fsigeriantis veido fluidas, skirtas kasdienei riebios ir netobulumams linkusios odos prie\u017ei\u016brai. Jo formul\u0117 derina sebumo gamyb\u0105 reguliuojan\u010dias ir matin\u012f efekt\u0105 suteikian\u010dias veikli\u0105sias med\u017eiagas, kurios padeda suma\u017einti riebal\u0173 pertekli\u0173 ir blizges\u012f, o dr\u0117kinamasis kompleksas i\u0161kart atkuria odos barjer\u0105 ir palaiko optimal\u0173 dr\u0117gm\u0117s lyg\u012f iki 72 valand\u0173.<\/p>\n<p data-start=\"2866\" data-end=\"3197\"><strong data-start=\"2866\" data-end=\"2895\">RetinSphere\u00ae technologija<\/strong> u\u017etikrina \u0161veln\u0173 keratolitin\u012f poveik\u012f, pagreitina l\u0105steli\u0173 atsinaujinim\u0105 ir padeda i\u0161lyginti odos tekst\u016br\u0105. Kartu su <strong data-start=\"3013\" data-end=\"3036\">traneksamo r\u016bg\u0161timi<\/strong> ji padeda suma\u017einti po u\u017edegimo atsiradusi\u0105 pigmentacij\u0105 ir pagerina odos ton\u0105. Produktas suteikia \u0161velnumo, gaivumo ir komforto poj\u016bt\u012f, nepalikdamas riebumo.<\/p>\n<p data-start=\"3199\" data-end=\"3445\"><strong data-start=\"3199\" data-end=\"3219\">Biretix Hydramat<\/strong> sukurtas naudojant dermatolog\u0173 rekomenduojamus ingredientus, u\u017etikrinant ilgalaik\u012f dr\u0117kinim\u0105, pusiausvyr\u0105 ir matin\u012f efekt\u0105. Formul\u0117 yra nekomedogenin\u0117, be kvapi\u0173j\u0173 med\u017eiag\u0173 ir tinkama net jautriai bei \u012f akn\u0119 linkusiai odai.<\/p>\n<p data-start=\"3447\" data-end=\"3476\"><strong data-start=\"3447\" data-end=\"3474\">Klinikiniai rezultatai:<\/strong><\/p>\n<ul data-start=\"3477\" data-end=\"3834\">\n<li data-start=\"3477\" data-end=\"3557\">\n<p data-start=\"3479\" data-end=\"3557\">100% naudotoj\u0173 pasteb\u0117jo momentin\u012f dr\u0117kinim\u0105 ir odos pusiausvyros atstatym\u0105.<\/p>\n<\/li>\n<li data-start=\"3558\" data-end=\"3604\">\n<p data-start=\"3560\" data-end=\"3604\">100% patvirtino pager\u0117jus\u012f odos dr\u0117kinim\u0105.<\/p>\n<\/li>\n<li data-start=\"3605\" data-end=\"3649\">\n<p data-start=\"3607\" data-end=\"3649\">95% pajuto didesn\u012f komfort\u0105 ir \u0161velnum\u0105.<\/p>\n<\/li>\n<li data-start=\"3650\" data-end=\"3688\">\n<p data-start=\"3652\" data-end=\"3688\">91% pasteb\u0117jo suma\u017e\u0117jus\u012f blizges\u012f.<\/p>\n<\/li>\n<li data-start=\"3689\" data-end=\"3751\">\n<p data-start=\"3691\" data-end=\"3751\">Klini\u0161kai \u012frodyta 72 valand\u0173 dr\u0117kinimo ir komforto trukm\u0117.<\/p>\n<\/li>\n<li data-start=\"3752\" data-end=\"3791\">\n<p data-start=\"3754\" data-end=\"3791\">I\u0161tirta dermatologin\u0117mis s\u0105lygomis.<\/p>\n<\/li>\n<li data-start=\"3792\" data-end=\"3834\">\n<p data-start=\"3794\" data-end=\"3834\">Nekomedogeninis, puikiai toleruojamas.<\/p>\n<\/li>\n<\/ul>\n<p data-start=\"3836\" data-end=\"3854\"><strong data-start=\"3836\" data-end=\"3846\">T\u016bris:<\/strong> 50 ml<\/p>\n","protected":false},"excerpt":{"rendered":"<p data-start=\"4317\" data-end=\"4352\">Dr\u0117kinamasis fluidas riebiai odai<\/p>\n<h2 data-start=\"4354\" data-end=\"4659\"><strong data-start=\"4354\" data-end=\"4399\">Cantabria Labs &#8211; Biretix Hydramat savyb\u0117s<\/strong><\/h2>\n<p data-start=\"4354\" data-end=\"4659\">\u2714\ufe0fSuteikia ilgalaik\u012f dr\u0117kinim\u0105 iki 72 valand\u0173<br data-start=\"4447\" data-end=\"4450\" \/>\u2714\ufe0fReguliuoja sebumo gamyb\u0105 ir suteikia matin\u012f efekt\u0105<br data-start=\"4502\" data-end=\"4505\" \/>\u2714\ufe0fAtkuria odos barjer\u0105 ir gerina \u0161velnum\u0105<br data-start=\"4546\" data-end=\"4549\" \/>\u2714\ufe0fMa\u017eina blizges\u012f ir po u\u017edegimo atsiradusi\u0105 pigmentacij\u0105<br data-start=\"4606\" data-end=\"4609\" \/>\u2714\ufe0fSuteikia odai gaivumo, komforto ir pusiausvyr\u0105<\/p>\n","protected":false},"featured_media":65264,"template":"","meta":[],"pwb-brand":[1202],"product_brand":[],"product_cat":[738,748],"product_tag":[],"giftcard-category":[],"class_list":{"0":"post-57358","1":"product","2":"type-product","3":"status-publish","4":"has-post-thumbnail","6":"pwb-brand-cantabria-labs","7":"product_cat-drekinimas","8":"product_cat-taukainai-adai-lt","10":"first","11":"instock","12":"taxable","13":"shipping-taxable","14":"purchasable","15":"product-type-simple"},"acf":[],"brands":[{"id":1202,"name":"Cantabria Labs","slug":"cantabria-labs"}],"_links":{"self":[{"href":"https:\/\/skinstudio.ee\/lt\/wp-json\/wp\/v2\/product\/57358","targetHints":{"allow":["GET"]}}],"collection":[{"href":"https:\/\/skinstudio.ee\/lt\/wp-json\/wp\/v2\/product"}],"about":[{"href":"https:\/\/skinstudio.ee\/lt\/wp-json\/wp\/v2\/types\/product"}],"version-history":[{"count":0,"href":"https:\/\/skinstudio.ee\/lt\/wp-json\/wp\/v2\/product\/57358\/revisions"}],"wp:featuredmedia":[{"embeddable":true,"href":"https:\/\/skinstudio.ee\/lt\/wp-json\/wp\/v2\/media\/65264"}],"wp:attachment":[{"href":"https:\/\/skinstudio.ee\/lt\/wp-json\/wp\/v2\/media?parent=57358"}],"wp:term":[{"taxonomy":"pwb-brand","embeddable":true,"href":"https:\/\/skinstudio.ee\/lt\/wp-json\/wp\/v2\/pwb-brand?post=57358"},{"taxonomy":"product_brand","embeddable":true,"href":"https:\/\/skinstudio.ee\/lt\/wp-json\/wp\/v2\/product_brand?post=57358"},{"taxonomy":"product_cat","embeddable":true,"href":"https:\/\/skinstudio.ee\/lt\/wp-json\/wp\/v2\/product_cat?post=57358"},{"taxonomy":"product_tag","embeddable":true,"href":"https:\/\/skinstudio.ee\/lt\/wp-json\/wp\/v2\/product_tag?post=57358"},{"taxonomy":"giftcard-category","embeddable":true,"href":"https:\/\/skinstudio.ee\/lt\/wp-json\/wp\/v2\/giftcard-category?post=57358"}],"curies":[{"name":"wp","href":"https:\/\/api.w.org\/{rel}","templated":true}]}}