{"id":57379,"date":"2025-11-04T12:14:17","date_gmt":"2025-11-04T12:14:17","guid":{"rendered":"https:\/\/skinstudio.ee\/?post_type=product&#038;p=57379"},"modified":"2025-12-18T13:31:30","modified_gmt":"2025-12-18T13:31:30","slug":"biretix-isorepair","status":"publish","type":"product","link":"https:\/\/skinstudio.ee\/lt\/catalog\/cantabria-labs\/biretix-isorepair\/","title":{"rendered":"Biretix Isorepair"},"content":{"rendered":"<p data-start=\"1792\" data-end=\"2163\"><strong data-start=\"1799\" data-end=\"1820\">Biretix Isorepair<\/strong> &#8211; intensyviai atkuriantis kremas, sukurtas sausai, jautriai ir nusilpusiai odai dr\u0117kinti ir apsaugoti. Jo emolientin\u0117 formul\u0117, praturtinta <strong data-start=\"1960\" data-end=\"1974\">ceramidais<\/strong>, <strong data-start=\"1976\" data-end=\"1998\">hialurono r\u016bg\u0161timi<\/strong>, <strong data-start=\"2000\" data-end=\"2014\">vitaminu E<\/strong> ir <strong data-start=\"2018\" data-end=\"2053\">SCA\u00ae Growth Factor technologija<\/strong>, skatina l\u0105steli\u0173 regeneracij\u0105, stiprina odos apsaugin\u012f barjer\u0105 ir padeda atkurti komfort\u0105 bei elastingum\u0105.<\/p>\n<p data-start=\"2165\" data-end=\"2387\">Kremas giliai dr\u0117kina, ma\u017eina odos tempim\u0105 ir sudirgim\u0105, gerina tekst\u016br\u0105 ir saugo nuo aplinkos poveikio. D\u0117l lengvos, nekomedogenin\u0117s formul\u0117s jis neu\u017ekem\u0161a por\u0173 ir u\u017etikrina optimal\u0173 dr\u0117kinim\u0105 net \u012f akn\u0119 linkusiai odai.<\/p>\n<p data-start=\"2389\" data-end=\"2624\"><strong data-start=\"2389\" data-end=\"2410\">Biretix Isorepair<\/strong> idealiai tinka odai, paveiktai agresyvi\u0173 aplinkos veiksni\u0173 ar kosmetini\u0173 proced\u016br\u0173. Jis greitai atkuria pusiausvyr\u0105, \u0161velnum\u0105 ir nat\u016bral\u0173 spindes\u012f, suteikdamas ilgalaik\u012f komfort\u0105 ir efektyv\u0173 atstatom\u0105j\u012f poveik\u012f.<\/p>\n<p data-start=\"2626\" data-end=\"2644\"><strong data-start=\"2626\" data-end=\"2636\">T\u016bris:<\/strong> 50 ml<\/p>\n","protected":false},"excerpt":{"rendered":"<p data-start=\"2944\" data-end=\"2989\">Atkuriamasis kremas sausai ir jautriai odai<\/p>\n<h2 data-start=\"2991\" data-end=\"3251\"><strong data-start=\"2991\" data-end=\"3037\">Cantabria Labs &#8211; Biretix Isorepair savyb\u0117s<\/strong><\/h2>\n<p data-start=\"2991\" data-end=\"3251\">\u2714\ufe0fIntensyviai dr\u0117kina ir atkuria od\u0105<br data-start=\"3076\" data-end=\"3079\" \/>\u2714\ufe0fStiprina ir saugo odos barjer\u0105<br data-start=\"3111\" data-end=\"3114\" \/>\u2714\ufe0fRamina sudirgim\u0105 ir ma\u017eina tempim\u0105<br data-start=\"3150\" data-end=\"3153\" \/>\u2714\ufe0fSkatina l\u0105steli\u0173 regeneracij\u0105 ir gerina elastingum\u0105<br data-start=\"3206\" data-end=\"3209\" \/>\u2714\ufe0fNeu\u017ekem\u0161a por\u0173 ir palaiko odos balans\u0105<\/p>\n","protected":false},"featured_media":65259,"template":"","meta":[],"pwb-brand":[1202],"product_brand":[],"product_cat":[738,746,740],"product_tag":[],"giftcard-category":[],"class_list":{"0":"post-57379","1":"product","2":"type-product","3":"status-publish","4":"has-post-thumbnail","6":"pwb-brand-cantabria-labs","7":"product_cat-drekinimas","8":"product_cat-jautriai-odai","9":"product_cat-sausai-odai","11":"first","12":"instock","13":"taxable","14":"shipping-taxable","15":"purchasable","16":"product-type-simple"},"acf":[],"brands":[{"id":1202,"name":"Cantabria Labs","slug":"cantabria-labs"}],"_links":{"self":[{"href":"https:\/\/skinstudio.ee\/lt\/wp-json\/wp\/v2\/product\/57379","targetHints":{"allow":["GET"]}}],"collection":[{"href":"https:\/\/skinstudio.ee\/lt\/wp-json\/wp\/v2\/product"}],"about":[{"href":"https:\/\/skinstudio.ee\/lt\/wp-json\/wp\/v2\/types\/product"}],"version-history":[{"count":0,"href":"https:\/\/skinstudio.ee\/lt\/wp-json\/wp\/v2\/product\/57379\/revisions"}],"wp:featuredmedia":[{"embeddable":true,"href":"https:\/\/skinstudio.ee\/lt\/wp-json\/wp\/v2\/media\/65259"}],"wp:attachment":[{"href":"https:\/\/skinstudio.ee\/lt\/wp-json\/wp\/v2\/media?parent=57379"}],"wp:term":[{"taxonomy":"pwb-brand","embeddable":true,"href":"https:\/\/skinstudio.ee\/lt\/wp-json\/wp\/v2\/pwb-brand?post=57379"},{"taxonomy":"product_brand","embeddable":true,"href":"https:\/\/skinstudio.ee\/lt\/wp-json\/wp\/v2\/product_brand?post=57379"},{"taxonomy":"product_cat","embeddable":true,"href":"https:\/\/skinstudio.ee\/lt\/wp-json\/wp\/v2\/product_cat?post=57379"},{"taxonomy":"product_tag","embeddable":true,"href":"https:\/\/skinstudio.ee\/lt\/wp-json\/wp\/v2\/product_tag?post=57379"},{"taxonomy":"giftcard-category","embeddable":true,"href":"https:\/\/skinstudio.ee\/lt\/wp-json\/wp\/v2\/giftcard-category?post=57379"}],"curies":[{"name":"wp","href":"https:\/\/api.w.org\/{rel}","templated":true}]}}