{"id":57422,"date":"2025-11-04T12:31:31","date_gmt":"2025-11-04T12:31:31","guid":{"rendered":"https:\/\/skinstudio.ee\/?post_type=product&#038;p=57422"},"modified":"2025-12-18T13:31:30","modified_gmt":"2025-12-18T13:31:30","slug":"biretix-hydramat-day-spf30","status":"publish","type":"product","link":"https:\/\/skinstudio.ee\/lt\/catalog\/cantabria-labs\/biretix-hydramat-day-spf30\/","title":{"rendered":"Biretix Hydramat Day SPF30"},"content":{"rendered":"<p data-start=\"2102\" data-end=\"2401\"><strong data-start=\"2109\" data-end=\"2139\">Biretix Hydramat Day SPF30<\/strong> &#8211; lengvos tekst\u016bros, matin\u012f efekt\u0105 suteikiantis dieninis fluidas, u\u017etikrinantis trigub\u0105 poveik\u012f &#8211; dr\u0117kina, subalansuoja ir apsaugo riebi\u0105 bei netobulumams linkusi\u0105 od\u0105. Jo formul\u0117 be aliej\u0173, greitai \u012fsigerianti, palieka od\u0105 gaivi\u0105 ir komforti\u0161k\u0105 be blizgesio.<\/p>\n<p data-start=\"2403\" data-end=\"2802\">D\u0117l patentuotos <strong data-start=\"2419\" data-end=\"2449\">RetinSphere\u00ae technologijos<\/strong> produktas padeda normalizuoti l\u0105steli\u0173 atsinaujinim\u0105, u\u017ekirsti keli\u0105 por\u0173 u\u017esikim\u0161imui ir ma\u017eina u\u017edegim\u0105. <strong data-start=\"2557\" data-end=\"2570\">BIOPEP-15<\/strong> suteikia antibakterin\u012f ir prie\u0161u\u017edegimin\u012f poveik\u012f, o <strong data-start=\"2624\" data-end=\"2640\">niacinamidas<\/strong> stiprina odos apsaugin\u012f barjer\u0105 ir ramina sudirgim\u0105. <strong data-start=\"2694\" data-end=\"2724\">Tinklin\u0117 hialurono r\u016bg\u0161tis<\/strong> padeda i\u0161vengti dr\u0117gm\u0117s praradimo ir palaiko odos \u0161velnum\u0105 bei elastingum\u0105.<\/p>\n<p data-start=\"2804\" data-end=\"3246\">Kiekvienas <strong data-start=\"2815\" data-end=\"2845\">Biretix Hydramat Day SPF30<\/strong> naudojimas akimirksniu suteikia matin\u012f efekt\u0105, i\u0161lygina odos tekst\u016br\u0105 ir apsaugo nuo kenksming\u0173 UV spinduli\u0173 d\u0117l SPF30 apsaugos. Produktas prieinamas dviej\u0173 versij\u0173 &#8211; <strong data-start=\"3013\" data-end=\"3029\">be atspalvio<\/strong> ir <strong data-start=\"3033\" data-end=\"3065\">su lengvu atspalviu (Tinted)<\/strong>, kuris suteikia odai nat\u016bral\u0173 \u0161vyt\u0117jim\u0105 ir tolyg\u0173 ton\u0105. Tai puikus pasirinkimas kasdieniam naudojimui, padedantis palaikyti odos \u0161var\u0105, pusiausvyr\u0105 ir sveik\u0105 i\u0161vaizd\u0105 vis\u0105 dien\u0105.<\/p>\n<p data-start=\"3248\" data-end=\"3266\"><strong data-start=\"3248\" data-end=\"3258\">T\u016bris:<\/strong> 50 ml<\/p>\n","protected":false},"excerpt":{"rendered":"<p data-start=\"3559\" data-end=\"3602\">Matinis dieninis fluidas su SPF30 apsauga<\/p>\n<h2 data-start=\"3604\" data-end=\"3910\"><strong data-start=\"3604\" data-end=\"3659\">Cantabria Labs &#8211; Biretix Hydramat Day SPF30 savyb\u0117s<\/strong><\/h2>\n<p data-start=\"3604\" data-end=\"3910\">\u2714\ufe0fDr\u0117kina ir palaiko odos pusiausvyr\u0105<br data-start=\"3699\" data-end=\"3702\" \/>\u2714\ufe0fReguliuoja sebumo gamyb\u0105 ir suteikia matin\u012f efekt\u0105<br data-start=\"3754\" data-end=\"3757\" \/>\u2714\ufe0fMa\u017eina u\u017edegim\u0105 ir padeda i\u0161vengti b\u0117rim\u0173<br data-start=\"3800\" data-end=\"3803\" \/>\u2714\ufe0fApsaugo nuo kenksming\u0173 UV spinduli\u0173\u00a0<br data-start=\"3848\" data-end=\"3851\" \/>\u2714\ufe0fPrieinamas be atspalvio ir su lengvu atspalviu<\/p>\n","protected":false},"featured_media":65254,"template":"","meta":[],"pwb-brand":[1202],"product_brand":[],"product_cat":[738,771,748],"product_tag":[],"giftcard-category":[],"class_list":{"0":"post-57422","1":"product","2":"type-product","3":"status-publish","4":"has-post-thumbnail","6":"pwb-brand-cantabria-labs","7":"product_cat-drekinimas","8":"product_cat-makiazas","9":"product_cat-taukainai-adai-lt","11":"first","12":"instock","13":"taxable","14":"shipping-taxable","15":"purchasable","16":"product-type-variable"},"acf":[],"brands":[{"id":1202,"name":"Cantabria Labs","slug":"cantabria-labs"}],"_links":{"self":[{"href":"https:\/\/skinstudio.ee\/lt\/wp-json\/wp\/v2\/product\/57422","targetHints":{"allow":["GET"]}}],"collection":[{"href":"https:\/\/skinstudio.ee\/lt\/wp-json\/wp\/v2\/product"}],"about":[{"href":"https:\/\/skinstudio.ee\/lt\/wp-json\/wp\/v2\/types\/product"}],"version-history":[{"count":0,"href":"https:\/\/skinstudio.ee\/lt\/wp-json\/wp\/v2\/product\/57422\/revisions"}],"wp:featuredmedia":[{"embeddable":true,"href":"https:\/\/skinstudio.ee\/lt\/wp-json\/wp\/v2\/media\/65254"}],"wp:attachment":[{"href":"https:\/\/skinstudio.ee\/lt\/wp-json\/wp\/v2\/media?parent=57422"}],"wp:term":[{"taxonomy":"pwb-brand","embeddable":true,"href":"https:\/\/skinstudio.ee\/lt\/wp-json\/wp\/v2\/pwb-brand?post=57422"},{"taxonomy":"product_brand","embeddable":true,"href":"https:\/\/skinstudio.ee\/lt\/wp-json\/wp\/v2\/product_brand?post=57422"},{"taxonomy":"product_cat","embeddable":true,"href":"https:\/\/skinstudio.ee\/lt\/wp-json\/wp\/v2\/product_cat?post=57422"},{"taxonomy":"product_tag","embeddable":true,"href":"https:\/\/skinstudio.ee\/lt\/wp-json\/wp\/v2\/product_tag?post=57422"},{"taxonomy":"giftcard-category","embeddable":true,"href":"https:\/\/skinstudio.ee\/lt\/wp-json\/wp\/v2\/giftcard-category?post=57422"}],"curies":[{"name":"wp","href":"https:\/\/api.w.org\/{rel}","templated":true}]}}