{"id":57458,"date":"2025-11-04T13:01:29","date_gmt":"2025-11-04T13:01:29","guid":{"rendered":"https:\/\/skinstudio.ee\/?post_type=product&#038;p=57458"},"modified":"2025-12-18T13:31:30","modified_gmt":"2025-12-18T13:31:30","slug":"endocare-essential-concentrate","status":"publish","type":"product","link":"https:\/\/skinstudio.ee\/lt\/catalog\/cantabria-labs\/endocare-essential-concentrate\/","title":{"rendered":"Endocare Essential Concentrate"},"content":{"rendered":"<p data-start=\"1728\" data-end=\"2023\">Intensyvios prie\u0161rauk\u0161lin\u0117s ampul\u0117s, kurios akivaizd\u017eiai pagerina odos b\u016bkl\u0119, atkurdamos jos elastingum\u0105, glotnum\u0105 ir spindes\u012f. Didel\u0117 aktyvi\u0173j\u0173 ingredient\u0173 koncentracija skatina kolageno, elastino ir hialurono r\u016bg\u0161ties gamyb\u0105 \u2013 pagrindini\u0173 komponent\u0173, atsaking\u0173 u\u017e odos jaunyst\u0119 ir stangrum\u0105.<\/p>\n<p data-start=\"2025\" data-end=\"2325\">D\u0117l <strong data-start=\"2029\" data-end=\"2048\">C ir E vitamin\u0173<\/strong> derinio ampul\u0117s apsaugo od\u0105 nuo oksidacinio streso, i\u0161lygina atspalv\u012f ir suma\u017eina rauk\u0161li\u0173 matomum\u0105. Reguliariai naudojant, <strong data-start=\"2173\" data-end=\"2207\">Endocare Essential Concentrate<\/strong> oda tampa elastingesn\u0117, mink\u0161tesn\u0117 ir gaivesn\u0117, o prie\u0161 makia\u017e\u0105 suteikia momentin\u012f \u201esveikos odos \u0161vyt\u0117jimo\u201c efekt\u0105.<\/p>\n<p data-start=\"2327\" data-end=\"2429\">Idealiai tinka odos atk\u016brimui po streso, kosmetini\u0173 proced\u016br\u0173 ar sausumo ir nuovargio laikotarpiais.<\/p>\n<p data-start=\"2431\" data-end=\"2460\"><strong data-start=\"2431\" data-end=\"2441\">T\u016bris:<\/strong> 7 ampul\u0117s x 1 ml<\/p>\n","protected":false},"excerpt":{"rendered":"<p data-start=\"2700\" data-end=\"2755\">Prie\u0161rauk\u0161lin\u0117s ampul\u0117s odos stangrumui ir spindesiui<\/p>\n<h2 data-start=\"2757\" data-end=\"3089\"><strong data-start=\"2757\" data-end=\"2816\">Cantabria Labs &#8211; Endocare Essential Concentrate savyb\u0117s<\/strong><\/h2>\n<p data-start=\"2757\" data-end=\"3089\">\u2714\ufe0fSkatina kolageno, elastino ir hialurono r\u016bg\u0161ties sintez\u0119<br data-start=\"2877\" data-end=\"2880\" \/>\u2714\ufe0fMa\u017eina rauk\u0161les ir gerina odos elastingum\u0105<br data-start=\"2924\" data-end=\"2927\" \/>\u2714\ufe0fApsaugo nuo oksidacinio streso (C ir E vitaminai)<br data-start=\"2978\" data-end=\"2981\" \/>\u2714\ufe0fI\u0161lygina odos atspalv\u012f ir suteikia sveik\u0105 \u0161vyt\u0117jim\u0105<br data-start=\"3034\" data-end=\"3037\" \/>\u2714\ufe0fSuteikia akimirksniu glotnumo ir komforto efekt\u0105<\/p>\n","protected":false},"featured_media":65244,"template":"","meta":[],"pwb-brand":[1202],"product_brand":[],"product_cat":[750,724,730],"product_tag":[],"giftcard-category":[],"class_list":{"0":"post-57458","1":"product","2":"type-product","3":"status-publish","4":"has-post-thumbnail","6":"pwb-brand-cantabria-labs","7":"product_cat-senstanti-oda","8":"product_cat-serumai","9":"product_cat-vitaminas-c","11":"first","12":"instock","13":"taxable","14":"shipping-taxable","15":"purchasable","16":"product-type-simple"},"acf":[],"brands":[{"id":1202,"name":"Cantabria Labs","slug":"cantabria-labs"}],"_links":{"self":[{"href":"https:\/\/skinstudio.ee\/lt\/wp-json\/wp\/v2\/product\/57458","targetHints":{"allow":["GET"]}}],"collection":[{"href":"https:\/\/skinstudio.ee\/lt\/wp-json\/wp\/v2\/product"}],"about":[{"href":"https:\/\/skinstudio.ee\/lt\/wp-json\/wp\/v2\/types\/product"}],"version-history":[{"count":0,"href":"https:\/\/skinstudio.ee\/lt\/wp-json\/wp\/v2\/product\/57458\/revisions"}],"wp:featuredmedia":[{"embeddable":true,"href":"https:\/\/skinstudio.ee\/lt\/wp-json\/wp\/v2\/media\/65244"}],"wp:attachment":[{"href":"https:\/\/skinstudio.ee\/lt\/wp-json\/wp\/v2\/media?parent=57458"}],"wp:term":[{"taxonomy":"pwb-brand","embeddable":true,"href":"https:\/\/skinstudio.ee\/lt\/wp-json\/wp\/v2\/pwb-brand?post=57458"},{"taxonomy":"product_brand","embeddable":true,"href":"https:\/\/skinstudio.ee\/lt\/wp-json\/wp\/v2\/product_brand?post=57458"},{"taxonomy":"product_cat","embeddable":true,"href":"https:\/\/skinstudio.ee\/lt\/wp-json\/wp\/v2\/product_cat?post=57458"},{"taxonomy":"product_tag","embeddable":true,"href":"https:\/\/skinstudio.ee\/lt\/wp-json\/wp\/v2\/product_tag?post=57458"},{"taxonomy":"giftcard-category","embeddable":true,"href":"https:\/\/skinstudio.ee\/lt\/wp-json\/wp\/v2\/giftcard-category?post=57458"}],"curies":[{"name":"wp","href":"https:\/\/api.w.org\/{rel}","templated":true}]}}