{"id":57474,"date":"2025-11-04T13:13:48","date_gmt":"2025-11-04T13:13:48","guid":{"rendered":"https:\/\/skinstudio.ee\/?post_type=product&#038;p=57474"},"modified":"2025-12-18T13:31:30","modified_gmt":"2025-12-18T13:31:30","slug":"endocare-gel-cream","status":"publish","type":"product","link":"https:\/\/skinstudio.ee\/lt\/catalog\/cantabria-labs\/endocare-gel-cream\/","title":{"rendered":"Endocare Gel-Cream"},"content":{"rendered":"<p data-start=\"1652\" data-end=\"1955\">Lengvas tekst\u016bros prie\u0161rauk\u0161linis gelinis kremas su stipriu regeneruojan\u010diu poveikiu, padedantis atkurti od\u0105, pa\u017eeist\u0105 sen\u0117jimo ar aplinkos veiksni\u0173. <strong data-start=\"1802\" data-end=\"1824\">SCA\u00ae Growth Factor<\/strong> technologija aktyvina nat\u016bralius l\u0105steli\u0173 atsinaujinimo procesus, skatina kolageno gamyb\u0105 ir apsaugo od\u0105 nuo oksidacinio streso.<\/p>\n<p data-start=\"1957\" data-end=\"2233\">D\u0117l dr\u0117kinam\u0173j\u0173 ir atkuriam\u0173j\u0173 ingredient\u0173 komplekso (<strong data-start=\"2011\" data-end=\"2048\">Hygroplex, Pentavitin ir \u0161lapalas<\/strong>) kremas giliai maitina od\u0105, pa\u0161alina sausum\u0105 ir pleiskanojim\u0105, atkuria \u0161velnum\u0105 ir komfort\u0105. Jis pastebimai suma\u017eina rauk\u0161les, pagerina elastingum\u0105 ir suteikia odai sveik\u0105 \u0161vyt\u0117jim\u0105.<\/p>\n<p data-start=\"2235\" data-end=\"2481\">Lengva gelin\u0117 tekst\u016bra greitai \u012fsigeria, nepalieka riebios pl\u0117vel\u0117s ir tinka vis\u0173 tip\u0173 odai, \u012fskaitant jautri\u0105. Reguliariai naudojant, <strong data-start=\"2370\" data-end=\"2392\">Endocare Gel-Cream<\/strong> stiprina odos barjer\u0105, i\u0161lygina atspalv\u012f ir palieka od\u0105 lygi\u0105, stangri\u0105 bei dr\u0117kinam\u0105.<\/p>\n<p data-start=\"2483\" data-end=\"2501\"><strong data-start=\"2483\" data-end=\"2493\">T\u016bris:<\/strong> 30 ml<\/p>\n","protected":false},"excerpt":{"rendered":"<p data-start=\"2631\" data-end=\"2692\">Prie\u0161rauk\u0161linis gelinis kremas odos atk\u016brimui ir dr\u0117kinimui<\/p>\n<h2 data-start=\"2694\" data-end=\"2983\"><strong data-start=\"2694\" data-end=\"2741\">Cantabria Labs &#8211; Endocare Gel-Cream savyb\u0117s<\/strong><\/h2>\n<p data-start=\"2694\" data-end=\"2983\">\u2714\ufe0fAktyvina l\u0105steli\u0173 regeneracij\u0105 ir atsinaujinim\u0105<br data-start=\"2793\" data-end=\"2796\" \/>\u2714\ufe0fMa\u017eina rauk\u0161les ir gerina odos elastingum\u0105<br data-start=\"2840\" data-end=\"2843\" \/>\u2714\ufe0fIntensyviai dr\u0117kina ir mink\u0161tina od\u0105<br data-start=\"2881\" data-end=\"2884\" \/>\u2714\ufe0fApsaugo nuo oksidacinio streso ir fotosen\u0117jimo<br data-start=\"2932\" data-end=\"2935\" \/>\u2714\ufe0fSuteikia odai \u0161vyt\u0117jimo, glotnumo ir gaivumo<\/p>\n","protected":false},"featured_media":65239,"template":"","meta":[],"pwb-brand":[1202],"product_brand":[],"product_cat":[738,750],"product_tag":[],"giftcard-category":[],"class_list":{"0":"post-57474","1":"product","2":"type-product","3":"status-publish","4":"has-post-thumbnail","6":"pwb-brand-cantabria-labs","7":"product_cat-drekinimas","8":"product_cat-senstanti-oda","10":"first","11":"instock","12":"taxable","13":"shipping-taxable","14":"purchasable","15":"product-type-simple"},"acf":[],"brands":[{"id":1202,"name":"Cantabria Labs","slug":"cantabria-labs"}],"_links":{"self":[{"href":"https:\/\/skinstudio.ee\/lt\/wp-json\/wp\/v2\/product\/57474","targetHints":{"allow":["GET"]}}],"collection":[{"href":"https:\/\/skinstudio.ee\/lt\/wp-json\/wp\/v2\/product"}],"about":[{"href":"https:\/\/skinstudio.ee\/lt\/wp-json\/wp\/v2\/types\/product"}],"version-history":[{"count":0,"href":"https:\/\/skinstudio.ee\/lt\/wp-json\/wp\/v2\/product\/57474\/revisions"}],"wp:featuredmedia":[{"embeddable":true,"href":"https:\/\/skinstudio.ee\/lt\/wp-json\/wp\/v2\/media\/65239"}],"wp:attachment":[{"href":"https:\/\/skinstudio.ee\/lt\/wp-json\/wp\/v2\/media?parent=57474"}],"wp:term":[{"taxonomy":"pwb-brand","embeddable":true,"href":"https:\/\/skinstudio.ee\/lt\/wp-json\/wp\/v2\/pwb-brand?post=57474"},{"taxonomy":"product_brand","embeddable":true,"href":"https:\/\/skinstudio.ee\/lt\/wp-json\/wp\/v2\/product_brand?post=57474"},{"taxonomy":"product_cat","embeddable":true,"href":"https:\/\/skinstudio.ee\/lt\/wp-json\/wp\/v2\/product_cat?post=57474"},{"taxonomy":"product_tag","embeddable":true,"href":"https:\/\/skinstudio.ee\/lt\/wp-json\/wp\/v2\/product_tag?post=57474"},{"taxonomy":"giftcard-category","embeddable":true,"href":"https:\/\/skinstudio.ee\/lt\/wp-json\/wp\/v2\/giftcard-category?post=57474"}],"curies":[{"name":"wp","href":"https:\/\/api.w.org\/{rel}","templated":true}]}}