{"id":57490,"date":"2025-11-04T13:26:43","date_gmt":"2025-11-04T13:26:43","guid":{"rendered":"https:\/\/skinstudio.ee\/?post_type=product&#038;p=57490"},"modified":"2025-12-18T13:31:30","modified_gmt":"2025-12-18T13:31:30","slug":"endocare-essential-ampoules","status":"publish","type":"product","link":"https:\/\/skinstudio.ee\/lt\/catalog\/cantabria-labs\/endocare-essential-ampoules\/","title":{"rendered":"Endocare Essential Ampoules"},"content":{"rendered":"<p data-start=\"1689\" data-end=\"1971\">Intensyvios prie\u0161rauk\u0161lin\u0117s ampul\u0117s, sukurtos kovoti su fotosen\u0117jimo po\u017eymiais ir atkurti odos gyvybingum\u0105. Formul\u0117 su dideliu regeneruojan\u010di\u0173 ir antioksidacini\u0173 ingredient\u0173 kiekiu stiprina odos stangrum\u0105, elastingum\u0105 ir spindes\u012f, pad\u0117dama atkurti jaunatvi\u0161k\u0105 bei sveik\u0105 i\u0161vaizd\u0105.<\/p>\n<p data-start=\"1973\" data-end=\"2298\">D\u0117l <strong data-start=\"1977\" data-end=\"2015\">SCA\u00ae Biorepair technologijos (40%)<\/strong> ampul\u0117s aktyvina nat\u016bralius odos atsinaujinimo procesus, pagreitina l\u0105steli\u0173 regeneracij\u0105 ir apsaugo od\u0105 nuo streso bei aplinkos poveikio. <strong data-start=\"2155\" data-end=\"2175\">C ir E vitaminai<\/strong> suteikia antioksidacin\u0119 apsaug\u0105, i\u0161lygina odos atspalv\u012f ir pagerina jos tank\u012f, pad\u0117dami i\u0161vengti prie\u0161laikinio sen\u0117jimo.<\/p>\n<p data-start=\"2300\" data-end=\"2509\">Reguliariai naudojant, <strong data-start=\"2323\" data-end=\"2354\">Endocare Essential Ampoules<\/strong> matomai pagerina odos tekst\u016br\u0105, suteikia jai \u0161velnumo, gaivumo ir nat\u016bralaus \u0161vyt\u0117jimo, o veido kont\u016brai tampa ry\u0161kesni, o oda vizualiai jaunatvi\u0161kesn\u0117.<\/p>\n<p data-start=\"2511\" data-end=\"2540\"><strong data-start=\"2511\" data-end=\"2521\">T\u016bris:<\/strong> 7 ampul\u0117s x 1 ml<\/p>\n","protected":false},"excerpt":{"rendered":"<p data-start=\"2669\" data-end=\"2724\">Prie\u0161rauk\u0161lin\u0117s ampul\u0117s odos \u0161vyt\u0117jimui ir stangrumui<\/p>\n<h2 data-start=\"2726\" data-end=\"3036\"><strong data-start=\"2726\" data-end=\"2782\">Cantabria Labs &#8211; Endocare Essential Ampoules savyb\u0117s<\/strong><\/h2>\n<p data-start=\"2726\" data-end=\"3036\">\u2714\ufe0fAktyvina odos regeneracijos ir atk\u016brimo procesus<br data-start=\"2835\" data-end=\"2838\" \/>\u2714\ufe0fStiprina odos strukt\u016br\u0105 ir gerina elastingum\u0105<br data-start=\"2885\" data-end=\"2888\" \/>\u2714\ufe0fApsaugo nuo fotosen\u0117jimo ir oksidacinio streso<br data-start=\"2936\" data-end=\"2939\" \/>\u2714\ufe0fI\u0161lygina odos atspalv\u012f ir suteikia sveik\u0105 \u0161vyt\u0117jim\u0105<br data-start=\"2992\" data-end=\"2995\" \/>\u2714\ufe0fMa\u017eina rauk\u0161les ir nuovargio po\u017eymius<\/p>\n","protected":false},"featured_media":65234,"template":"","meta":[],"pwb-brand":[1202],"product_brand":[],"product_cat":[750,724],"product_tag":[],"giftcard-category":[],"class_list":{"0":"post-57490","1":"product","2":"type-product","3":"status-publish","4":"has-post-thumbnail","6":"pwb-brand-cantabria-labs","7":"product_cat-senstanti-oda","8":"product_cat-serumai","10":"first","11":"instock","12":"taxable","13":"shipping-taxable","14":"purchasable","15":"product-type-simple"},"acf":[],"brands":[{"id":1202,"name":"Cantabria Labs","slug":"cantabria-labs"}],"_links":{"self":[{"href":"https:\/\/skinstudio.ee\/lt\/wp-json\/wp\/v2\/product\/57490","targetHints":{"allow":["GET"]}}],"collection":[{"href":"https:\/\/skinstudio.ee\/lt\/wp-json\/wp\/v2\/product"}],"about":[{"href":"https:\/\/skinstudio.ee\/lt\/wp-json\/wp\/v2\/types\/product"}],"version-history":[{"count":0,"href":"https:\/\/skinstudio.ee\/lt\/wp-json\/wp\/v2\/product\/57490\/revisions"}],"wp:featuredmedia":[{"embeddable":true,"href":"https:\/\/skinstudio.ee\/lt\/wp-json\/wp\/v2\/media\/65234"}],"wp:attachment":[{"href":"https:\/\/skinstudio.ee\/lt\/wp-json\/wp\/v2\/media?parent=57490"}],"wp:term":[{"taxonomy":"pwb-brand","embeddable":true,"href":"https:\/\/skinstudio.ee\/lt\/wp-json\/wp\/v2\/pwb-brand?post=57490"},{"taxonomy":"product_brand","embeddable":true,"href":"https:\/\/skinstudio.ee\/lt\/wp-json\/wp\/v2\/product_brand?post=57490"},{"taxonomy":"product_cat","embeddable":true,"href":"https:\/\/skinstudio.ee\/lt\/wp-json\/wp\/v2\/product_cat?post=57490"},{"taxonomy":"product_tag","embeddable":true,"href":"https:\/\/skinstudio.ee\/lt\/wp-json\/wp\/v2\/product_tag?post=57490"},{"taxonomy":"giftcard-category","embeddable":true,"href":"https:\/\/skinstudio.ee\/lt\/wp-json\/wp\/v2\/giftcard-category?post=57490"}],"curies":[{"name":"wp","href":"https:\/\/api.w.org\/{rel}","templated":true}]}}