{"id":57513,"date":"2025-11-04T13:44:55","date_gmt":"2025-11-04T13:44:55","guid":{"rendered":"https:\/\/skinstudio.ee\/?post_type=product&#038;p=57513"},"modified":"2025-12-18T13:31:30","modified_gmt":"2025-12-18T13:31:30","slug":"endocare-aquafoam","status":"publish","type":"product","link":"https:\/\/skinstudio.ee\/lt\/catalog\/cantabria-labs\/endocare-aquafoam\/","title":{"rendered":"Endocare Aquafoam"},"content":{"rendered":"<p data-start=\"1686\" data-end=\"2004\">\u0160ios prabangios valomosios putos sujungia gryn\u0105 izotonin\u012f vanden\u012f i\u0161 Kantabrijos j\u016bros su patentuota <strong data-start=\"1787\" data-end=\"1809\">SCA\u00ae Growth Factor<\/strong> technologija, paversdamos kasdien\u012f valym\u0105 veiksmingu prie\u0161rauk\u0161liniu ritualu. Jos \u0161velniai, bet giliai pa\u0161alina makia\u017e\u0105, riebal\u0173 pertekli\u0173 ir ne\u0161varumus, nepa\u017eeisdamos nat\u016bralaus odos balanso.<\/p>\n<p data-start=\"2006\" data-end=\"2305\">Praturtintos mineralais ir antioksidantais, <strong data-start=\"2050\" data-end=\"2071\">Endocare Aquafoam<\/strong> ne tik valo, bet ir pri\u017ei\u016bri od\u0105 &#8211; stiprina apsaugin\u012f barjer\u0105, ramina jautrum\u0105 ir suteikia sveik\u0105 \u0161vyt\u0117jim\u0105. Nat\u016bralios AHA r\u016bg\u0161tys u\u017etikrina \u0161veln\u0173 \u0161veitim\u0105, skatina l\u0105steli\u0173 atsinaujinim\u0105 ir palieka od\u0105 mink\u0161t\u0105, lygi\u0105 bei gaivi\u0105.<\/p>\n<p data-start=\"2307\" data-end=\"2540\">Reguliariai naudojant, oda tampa skaistesn\u0117, elastingesn\u0117 ir vizualiai stangresn\u0117. Putos idealiai paruo\u0161ia od\u0105 tolesniems prie\u017ei\u016bros etapams, sustiprina aktyvi\u0173j\u0173 ingredient\u0173 poveik\u012f ir suteikia gaivumo, lengvumo bei \u0161varos poj\u016bt\u012f.<\/p>\n<p data-start=\"2542\" data-end=\"2561\"><strong data-start=\"2542\" data-end=\"2552\">T\u016bris:<\/strong> 125 ml<\/p>\n","protected":false},"excerpt":{"rendered":"<p data-start=\"2703\" data-end=\"2752\">Prie\u0161rauk\u0161lin\u0117s valomosios putos vis\u0173 tip\u0173 odai<\/p>\n<h2 data-start=\"2754\" data-end=\"3066\"><strong data-start=\"2754\" data-end=\"2800\">Cantabria Labs &#8211; Endocare Aquafoam savyb\u0117s<\/strong><\/h2>\n<p data-start=\"2754\" data-end=\"3066\">\u2714\ufe0f\u0160velniai pa\u0161alina makia\u017e\u0105 ir ne\u0161varumus<br data-start=\"2844\" data-end=\"2847\" \/>\u2714\ufe0fDr\u0117kina, ramina ir atgaivina od\u0105<br data-start=\"2881\" data-end=\"2884\" \/>\u2714\ufe0fTuri mineral\u0173 ir antioksidant\u0173 i\u0161 Kantabrijos j\u016bros<br data-start=\"2937\" data-end=\"2940\" \/>\u2714\ufe0fSkatina kolageno ir elastino sintez\u0119 (SCA\u00ae Growth Factor technologija)<br data-start=\"3012\" data-end=\"3015\" \/>\u2714\ufe0fU\u017etikrina \u0161veln\u0173 \u0161veitim\u0105 ir odos atsinaujinim\u0105<\/p>\n","protected":false},"featured_media":65229,"template":"","meta":[],"pwb-brand":[1202],"product_brand":[],"product_cat":[718],"product_tag":[],"giftcard-category":[],"class_list":{"0":"post-57513","1":"product","2":"type-product","3":"status-publish","4":"has-post-thumbnail","6":"pwb-brand-cantabria-labs","7":"product_cat-valymas","9":"first","10":"instock","11":"taxable","12":"shipping-taxable","13":"purchasable","14":"product-type-simple"},"acf":[],"brands":[{"id":1202,"name":"Cantabria Labs","slug":"cantabria-labs"}],"_links":{"self":[{"href":"https:\/\/skinstudio.ee\/lt\/wp-json\/wp\/v2\/product\/57513","targetHints":{"allow":["GET"]}}],"collection":[{"href":"https:\/\/skinstudio.ee\/lt\/wp-json\/wp\/v2\/product"}],"about":[{"href":"https:\/\/skinstudio.ee\/lt\/wp-json\/wp\/v2\/types\/product"}],"version-history":[{"count":0,"href":"https:\/\/skinstudio.ee\/lt\/wp-json\/wp\/v2\/product\/57513\/revisions"}],"wp:featuredmedia":[{"embeddable":true,"href":"https:\/\/skinstudio.ee\/lt\/wp-json\/wp\/v2\/media\/65229"}],"wp:attachment":[{"href":"https:\/\/skinstudio.ee\/lt\/wp-json\/wp\/v2\/media?parent=57513"}],"wp:term":[{"taxonomy":"pwb-brand","embeddable":true,"href":"https:\/\/skinstudio.ee\/lt\/wp-json\/wp\/v2\/pwb-brand?post=57513"},{"taxonomy":"product_brand","embeddable":true,"href":"https:\/\/skinstudio.ee\/lt\/wp-json\/wp\/v2\/product_brand?post=57513"},{"taxonomy":"product_cat","embeddable":true,"href":"https:\/\/skinstudio.ee\/lt\/wp-json\/wp\/v2\/product_cat?post=57513"},{"taxonomy":"product_tag","embeddable":true,"href":"https:\/\/skinstudio.ee\/lt\/wp-json\/wp\/v2\/product_tag?post=57513"},{"taxonomy":"giftcard-category","embeddable":true,"href":"https:\/\/skinstudio.ee\/lt\/wp-json\/wp\/v2\/giftcard-category?post=57513"}],"curies":[{"name":"wp","href":"https:\/\/api.w.org\/{rel}","templated":true}]}}