{"id":57529,"date":"2025-11-04T13:58:24","date_gmt":"2025-11-04T13:58:24","guid":{"rendered":"https:\/\/skinstudio.ee\/?post_type=product&#038;p=57529"},"modified":"2025-12-18T13:31:30","modified_gmt":"2025-12-18T13:31:30","slug":"endocare-essential-eye-and-lip-contour","status":"publish","type":"product","link":"https:\/\/skinstudio.ee\/lt\/catalog\/cantabria-labs\/endocare-essential-eye-and-lip-contour\/","title":{"rendered":"Endocare Essential Eye and Lip Contour"},"content":{"rendered":"<p data-start=\"1583\" data-end=\"1957\">\u0160velnus losjonas, sukurtas aki\u0173 ir l\u016bp\u0173 kont\u016bro prie\u017ei\u016brai. Jis efektyviai atkuria, dr\u0117kina ir glotnina od\u0105, ma\u017eindamas paburkim\u0105, tamsius ratilus ir pirm\u0105sias smulkias rauk\u0161leles. <strong data-start=\"1764\" data-end=\"1786\">SCA\u00ae Growth Factor<\/strong> technologijos formul\u0117 sujungia regeneruojan\u010dius ir stiprinan\u010dius ingredientus su raminan\u010diais ir dr\u0117kinan\u010diais komponentais, suteikdama odai gaivumo ir komforto poj\u016bt\u012f.<\/p>\n<p data-start=\"1959\" data-end=\"2225\">Lengva, greitai \u012fsigerianti tekst\u016bra leid\u017eia <strong data-start=\"2004\" data-end=\"2046\">Endocare Essential Eye and Lip Contour<\/strong> kasdien naudoti be jokio diskomforto. Priemon\u0117 ma\u017eina nuovargio po\u017eymius, mink\u0161tina ir tonizuoja od\u0105, suteikdama aki\u0173 sri\u010diai spindesio, o l\u016bp\u0173 kont\u016brui &#8211; glotnumo ir \u0161velnumo.<\/p>\n<p data-start=\"2227\" data-end=\"2366\">Reguliariai naudojant, oda tampa stangresn\u0117, skaistesn\u0117 ir vizualiai jaunatvi\u0161kesn\u0117, o sausumo ir nuovargio po\u017eymiai pastebimai suma\u017e\u0117ja.<\/p>\n<p data-start=\"2368\" data-end=\"2386\"><strong data-start=\"2368\" data-end=\"2378\">T\u016bris:<\/strong> 15 ml<\/p>\n","protected":false},"excerpt":{"rendered":"<p data-start=\"2511\" data-end=\"2564\">Dr\u0117kinamasis kremas aki\u0173 ir l\u016bp\u0173 kont\u016bro prie\u017ei\u016brai<\/p>\n<h2 data-start=\"2566\" data-end=\"2853\"><strong data-start=\"2566\" data-end=\"2633\">Cantabria Labs &#8211; Endocare Essential Eye and Lip Contour savyb\u0117s<\/strong><\/h2>\n<p data-start=\"2566\" data-end=\"2853\">\u2714\ufe0fMa\u017eina paburkim\u0105 ir tamsius ratilus<br data-start=\"2673\" data-end=\"2676\" \/>\u2714\ufe0fGlotnina pirm\u0105sias rauk\u0161leles ir linijas<br data-start=\"2718\" data-end=\"2721\" \/>\u2714\ufe0fDr\u0117kina ir mink\u0161tina jautri\u0105 od\u0105<br data-start=\"2755\" data-end=\"2758\" \/>\u2714\ufe0fSuma\u017eina nuovargio po\u017eymius ir atgaivina \u017evilgsn\u012f<br data-start=\"2809\" data-end=\"2812\" \/>\u2714\ufe0fAtkuria odos elastingum\u0105 ir stangrum\u0105<\/p>\n","protected":false},"featured_media":65224,"template":"","meta":[],"pwb-brand":[1202],"product_brand":[],"product_cat":[760,734],"product_tag":[],"giftcard-category":[],"class_list":{"0":"post-57529","1":"product","2":"type-product","3":"status-publish","4":"has-post-thumbnail","6":"pwb-brand-cantabria-labs","7":"product_cat-lupu-prieziura","8":"product_cat-oda-aplink-akis","10":"first","11":"instock","12":"taxable","13":"shipping-taxable","14":"purchasable","15":"product-type-simple"},"acf":[],"brands":[{"id":1202,"name":"Cantabria Labs","slug":"cantabria-labs"}],"_links":{"self":[{"href":"https:\/\/skinstudio.ee\/lt\/wp-json\/wp\/v2\/product\/57529","targetHints":{"allow":["GET"]}}],"collection":[{"href":"https:\/\/skinstudio.ee\/lt\/wp-json\/wp\/v2\/product"}],"about":[{"href":"https:\/\/skinstudio.ee\/lt\/wp-json\/wp\/v2\/types\/product"}],"version-history":[{"count":0,"href":"https:\/\/skinstudio.ee\/lt\/wp-json\/wp\/v2\/product\/57529\/revisions"}],"wp:featuredmedia":[{"embeddable":true,"href":"https:\/\/skinstudio.ee\/lt\/wp-json\/wp\/v2\/media\/65224"}],"wp:attachment":[{"href":"https:\/\/skinstudio.ee\/lt\/wp-json\/wp\/v2\/media?parent=57529"}],"wp:term":[{"taxonomy":"pwb-brand","embeddable":true,"href":"https:\/\/skinstudio.ee\/lt\/wp-json\/wp\/v2\/pwb-brand?post=57529"},{"taxonomy":"product_brand","embeddable":true,"href":"https:\/\/skinstudio.ee\/lt\/wp-json\/wp\/v2\/product_brand?post=57529"},{"taxonomy":"product_cat","embeddable":true,"href":"https:\/\/skinstudio.ee\/lt\/wp-json\/wp\/v2\/product_cat?post=57529"},{"taxonomy":"product_tag","embeddable":true,"href":"https:\/\/skinstudio.ee\/lt\/wp-json\/wp\/v2\/product_tag?post=57529"},{"taxonomy":"giftcard-category","embeddable":true,"href":"https:\/\/skinstudio.ee\/lt\/wp-json\/wp\/v2\/giftcard-category?post=57529"}],"curies":[{"name":"wp","href":"https:\/\/api.w.org\/{rel}","templated":true}]}}