{"id":57581,"date":"2025-11-04T14:30:41","date_gmt":"2025-11-04T14:30:41","guid":{"rendered":"https:\/\/skinstudio.ee\/?post_type=product&#038;p=57581"},"modified":"2026-03-05T09:07:32","modified_gmt":"2026-03-05T09:07:32","slug":"endocare-radiance-c-ferulic-serum-gel","status":"publish","type":"product","link":"https:\/\/skinstudio.ee\/lt\/catalog\/cantabria-labs\/endocare-radiance-c-ferulic-serum-gel\/","title":{"rendered":"Endocare Radiance C Ferulic Serum Gel"},"content":{"rendered":"<p data-start=\"2559\" data-end=\"3002\"><strong data-start=\"2559\" data-end=\"2619\">Endocare Radiance C Ferulic Serum Gel nuo Cantabria Labs<\/strong> \u2013 tai pa\u017eangus antioksidacinis ir nuo tar\u0161os saugantis serumo gelis, sukurtas apsaugoti od\u0105 nuo aplinkos streso veiksni\u0173 ir pagerinti jos spindes\u012f bei bendr\u0105 i\u0161vaizd\u0105. Formul\u0117 sujungia <strong data-start=\"2805\" data-end=\"2831\">EDAFENCE\u00ae technologij\u0105<\/strong>, vitamin\u0105 C ir ferulo r\u016bg\u0161t\u012f, kurie neutralizuoja laisvuosius radikalus ir padeda apsaugoti od\u0105 nuo miesto tar\u0161os bei skaitmenini\u0173 \u012frengini\u0173 skleid\u017eiamos m\u0117lynos \u0161viesos.<\/p>\n<p data-start=\"3004\" data-end=\"3249\">Lengva gelin\u0117 tekst\u016bra greitai \u012fsigeria ir tolygiai pasiskirsto ant odos, nepalikdama riebumo poj\u016b\u010dio. <strong data-start=\"3107\" data-end=\"3148\">Endocare Radiance C Ferulic Serum Gel<\/strong> padeda pagerinti odos ton\u0105, suma\u017einti papilk\u0117jim\u0105 ir palaikyti nat\u016bralius odos apsaugos mechanizmus.<\/p>\n<p data-start=\"3251\" data-end=\"3550\"><strong data-start=\"3251\" data-end=\"3277\">EDAFENCE\u00ae technologija<\/strong> suteikia papildom\u0105 apsaug\u0105 nuo aplinkos agresori\u0173, toki\u0173 kaip sunkieji metalai, cigare\u010di\u0173 d\u016bmai, miesto tar\u0161a (\u012fskaitant ozon\u0105) ir m\u0117lyna \u0161viesa. Antioksidant\u0173 kompleksas palaiko nat\u016bralius odos atsistatymo procesus ir padeda i\u0161laikyti lygesn\u0119 bei sveikesn\u0119 odos i\u0161vaizd\u0105.<\/p>\n<p data-start=\"3552\" data-end=\"3610\">Klinikiniai tyrimai parod\u0117, kad po <strong data-start=\"3587\" data-end=\"3609\">28 dien\u0173 naudojimo<\/strong>:<\/p>\n<p data-start=\"3612\" data-end=\"3776\">\u2022 <strong data-start=\"3614\" data-end=\"3621\">95%<\/strong> vartotoj\u0173 pasteb\u0117jo \u0161viesesn\u012f ir tolygesn\u012f odos ton\u0105<br data-start=\"3674\" data-end=\"3677\" \/>\u2022 <strong data-start=\"3679\" data-end=\"3686\">95%<\/strong> pasteb\u0117jo pager\u0117jusi\u0105 odos tekst\u016br\u0105<br data-start=\"3722\" data-end=\"3725\" \/>\u2022 <strong data-start=\"3727\" data-end=\"3735\">100%<\/strong> prane\u0161\u0117 apie padid\u0117jus\u012f odos dr\u0117kinim\u0105<\/p>\n<p data-start=\"3778\" data-end=\"3794\"><strong data-start=\"3778\" data-end=\"3788\">T\u016bris:<\/strong> 30 ml<\/p>\n","protected":false},"excerpt":{"rendered":"<p data-start=\"4159\" data-end=\"4215\">Antioksidacinis serumo gelis odos spindesiui ir apsaugai<\/p>\n<h2 data-start=\"4217\" data-end=\"4283\"><strong data-start=\"4217\" data-end=\"4283\">Cantabria Labs &#8211; Endocare Radiance C Ferulic Serum Gel Savyb\u0117s<\/strong><\/h2>\n<p data-start=\"4285\" data-end=\"4524\">\u2714\ufe0f Neutralizuoja laisvuosius radikalus ir oksidacin\u012f stres\u0105<br data-start=\"4344\" data-end=\"4347\" \/>\u2714\ufe0f Saugo od\u0105 nuo tar\u0161os ir m\u0117lynos \u0161viesos<br data-start=\"4389\" data-end=\"4392\" \/>\u2714\ufe0f Gerina odos ton\u0105 ir suteikia spindesio<br data-start=\"4433\" data-end=\"4436\" \/>\u2714\ufe0f Lygina odos tekst\u016br\u0105 ir gerina jos i\u0161vaizd\u0105<br data-start=\"4482\" data-end=\"4485\" \/>\u2714\ufe0f Stiprina odos antioksidacin\u0119 apsaug\u0105<\/p>\n","protected":false},"featured_media":84390,"template":"","meta":[],"pwb-brand":[1202],"product_brand":[],"product_cat":[750,724,730],"product_tag":[],"giftcard-category":[],"class_list":{"0":"post-57581","1":"product","2":"type-product","3":"status-publish","4":"has-post-thumbnail","6":"pwb-brand-cantabria-labs","7":"product_cat-senstanti-oda","8":"product_cat-serumai","9":"product_cat-vitaminas-c","11":"first","12":"instock","13":"taxable","14":"shipping-taxable","15":"purchasable","16":"product-type-simple"},"acf":[],"brands":[{"id":1202,"name":"Cantabria Labs","slug":"cantabria-labs"}],"_links":{"self":[{"href":"https:\/\/skinstudio.ee\/lt\/wp-json\/wp\/v2\/product\/57581","targetHints":{"allow":["GET"]}}],"collection":[{"href":"https:\/\/skinstudio.ee\/lt\/wp-json\/wp\/v2\/product"}],"about":[{"href":"https:\/\/skinstudio.ee\/lt\/wp-json\/wp\/v2\/types\/product"}],"version-history":[{"count":1,"href":"https:\/\/skinstudio.ee\/lt\/wp-json\/wp\/v2\/product\/57581\/revisions"}],"predecessor-version":[{"id":84396,"href":"https:\/\/skinstudio.ee\/lt\/wp-json\/wp\/v2\/product\/57581\/revisions\/84396"}],"wp:featuredmedia":[{"embeddable":true,"href":"https:\/\/skinstudio.ee\/lt\/wp-json\/wp\/v2\/media\/84390"}],"wp:attachment":[{"href":"https:\/\/skinstudio.ee\/lt\/wp-json\/wp\/v2\/media?parent=57581"}],"wp:term":[{"taxonomy":"pwb-brand","embeddable":true,"href":"https:\/\/skinstudio.ee\/lt\/wp-json\/wp\/v2\/pwb-brand?post=57581"},{"taxonomy":"product_brand","embeddable":true,"href":"https:\/\/skinstudio.ee\/lt\/wp-json\/wp\/v2\/product_brand?post=57581"},{"taxonomy":"product_cat","embeddable":true,"href":"https:\/\/skinstudio.ee\/lt\/wp-json\/wp\/v2\/product_cat?post=57581"},{"taxonomy":"product_tag","embeddable":true,"href":"https:\/\/skinstudio.ee\/lt\/wp-json\/wp\/v2\/product_tag?post=57581"},{"taxonomy":"giftcard-category","embeddable":true,"href":"https:\/\/skinstudio.ee\/lt\/wp-json\/wp\/v2\/giftcard-category?post=57581"}],"curies":[{"name":"wp","href":"https:\/\/api.w.org\/{rel}","templated":true}]}}