{"id":57602,"date":"2025-11-04T14:43:55","date_gmt":"2025-11-04T14:43:55","guid":{"rendered":"https:\/\/skinstudio.ee\/?post_type=product&#038;p=57602"},"modified":"2025-12-18T13:31:30","modified_gmt":"2025-12-18T13:31:30","slug":"endocare-radiance-eye-contour-anti-dark-circles","status":"publish","type":"product","link":"https:\/\/skinstudio.ee\/lt\/catalog\/cantabria-labs\/endocare-radiance-eye-contour-anti-dark-circles\/","title":{"rendered":"Endocare Radiance Eye Contour Anti-Dark Circles"},"content":{"rendered":"<p data-start=\"1464\" data-end=\"1851\"><strong data-start=\"1464\" data-end=\"1515\">Endocare Radiance Eye Contour Anti-Dark Circles<\/strong> &#8211; lengvas, nuo sen\u0117jimo apsaugantis serumas aki\u0173 kont\u016bro sri\u010diai, suteikiantis momentin\u012f \u0161vyt\u0117jim\u0105, dr\u0117gm\u0119 ir \u0161ilkin\u012f odos poj\u016bt\u012f. Daugiafunkc\u0117 formul\u0117 padeda kovoti su odos papilk\u0117jimu, nuovargio po\u017eymiais, paburkimu ir tamsiais ratilais, atsirandan\u010diais d\u0117l pigmentacijos ar streso, suteikdama \u017evilgsniui gaivumo ir poilsio \u012fsp\u016bd\u012f.<\/p>\n<p data-start=\"1853\" data-end=\"2093\">D\u0117l antioksidant\u0173, antipter\u0161al\u0173 ir glotninan\u010di\u0173 veikli\u0173j\u0173 med\u017eiag\u0173 derinio <strong data-start=\"1928\" data-end=\"1979\">Endocare Radiance Eye Contour Anti-Dark Circles<\/strong> apsaugo ir atkuria jautri\u0105 od\u0105 aplink akis, matomai pagerindamas jos lygum\u0105 ir spindes\u012f su kiekvienu naudojimu.<\/p>\n<p data-start=\"2095\" data-end=\"2282\"><strong data-start=\"2095\" data-end=\"2122\">Rezultatai po 28 dien\u0173:<\/strong><br data-start=\"2122\" data-end=\"2125\" \/>\u2022 90% vartotoj\u0173 pasteb\u0117jo pager\u0117jus\u012f aki\u0173 kont\u016bro i\u0161vaizd\u0105<br data-start=\"2183\" data-end=\"2186\" \/>\u2022 90% pajuto padid\u0117jus\u012f dr\u0117kinim\u0105<br data-start=\"2219\" data-end=\"2222\" \/>\u2022 70% pasteb\u0117jo suma\u017e\u0117jusius paburkimus ir tamsius ratilus<\/p>\n<p data-start=\"2284\" data-end=\"2302\"><strong data-start=\"2284\" data-end=\"2294\">T\u016bris:<\/strong> 15 ml<\/p>\n","protected":false},"excerpt":{"rendered":"<p data-start=\"2472\" data-end=\"2523\">\u0160viesinantis ir dr\u0117kinamasis aki\u0173 kont\u016bro serumas<\/p>\n<h2 data-start=\"2525\" data-end=\"2850\"><strong data-start=\"2525\" data-end=\"2601\">Cantabria Labs &#8211; Endocare Radiance Eye Contour Anti-Dark Circles savyb\u0117s<\/strong><\/h2>\n<p data-start=\"2525\" data-end=\"2850\" data-is-last-node=\"\" data-is-only-node=\"\">\u2714\ufe0fMa\u017eina paburkim\u0105 ir tamsius ratilus<br data-start=\"2641\" data-end=\"2644\" \/>\u2714\ufe0fSuteikia \u0161vyt\u0117jimo ir suvienodina odos atspalv\u012f aplink akis<br data-start=\"2705\" data-end=\"2708\" \/>\u2714\ufe0fGlotnina smulkias rauk\u0161leles ir nuovargio po\u017eymius<br data-start=\"2760\" data-end=\"2763\" \/>\u2714\ufe0fGiliai dr\u0117kina ir suteikia spindesio<br data-start=\"2801\" data-end=\"2804\" \/>\u2714\ufe0fApsaugo od\u0105 nuo oksidacinio streso ir tar\u0161os<\/p>\n","protected":false},"featured_media":65208,"template":"","meta":[],"pwb-brand":[1202],"product_brand":[],"product_cat":[734,750],"product_tag":[],"giftcard-category":[],"class_list":{"0":"post-57602","1":"product","2":"type-product","3":"status-publish","4":"has-post-thumbnail","6":"pwb-brand-cantabria-labs","7":"product_cat-oda-aplink-akis","8":"product_cat-senstanti-oda","10":"first","11":"instock","12":"taxable","13":"shipping-taxable","14":"purchasable","15":"product-type-simple"},"acf":[],"brands":[{"id":1202,"name":"Cantabria Labs","slug":"cantabria-labs"}],"_links":{"self":[{"href":"https:\/\/skinstudio.ee\/lt\/wp-json\/wp\/v2\/product\/57602","targetHints":{"allow":["GET"]}}],"collection":[{"href":"https:\/\/skinstudio.ee\/lt\/wp-json\/wp\/v2\/product"}],"about":[{"href":"https:\/\/skinstudio.ee\/lt\/wp-json\/wp\/v2\/types\/product"}],"version-history":[{"count":0,"href":"https:\/\/skinstudio.ee\/lt\/wp-json\/wp\/v2\/product\/57602\/revisions"}],"wp:featuredmedia":[{"embeddable":true,"href":"https:\/\/skinstudio.ee\/lt\/wp-json\/wp\/v2\/media\/65208"}],"wp:attachment":[{"href":"https:\/\/skinstudio.ee\/lt\/wp-json\/wp\/v2\/media?parent=57602"}],"wp:term":[{"taxonomy":"pwb-brand","embeddable":true,"href":"https:\/\/skinstudio.ee\/lt\/wp-json\/wp\/v2\/pwb-brand?post=57602"},{"taxonomy":"product_brand","embeddable":true,"href":"https:\/\/skinstudio.ee\/lt\/wp-json\/wp\/v2\/product_brand?post=57602"},{"taxonomy":"product_cat","embeddable":true,"href":"https:\/\/skinstudio.ee\/lt\/wp-json\/wp\/v2\/product_cat?post=57602"},{"taxonomy":"product_tag","embeddable":true,"href":"https:\/\/skinstudio.ee\/lt\/wp-json\/wp\/v2\/product_tag?post=57602"},{"taxonomy":"giftcard-category","embeddable":true,"href":"https:\/\/skinstudio.ee\/lt\/wp-json\/wp\/v2\/giftcard-category?post=57602"}],"curies":[{"name":"wp","href":"https:\/\/api.w.org\/{rel}","templated":true}]}}