{"id":57619,"date":"2025-11-04T14:53:23","date_gmt":"2025-11-04T14:53:23","guid":{"rendered":"https:\/\/skinstudio.ee\/?post_type=product&#038;p=57619"},"modified":"2025-12-18T13:31:30","modified_gmt":"2025-12-18T13:31:30","slug":"endocare-radiance-c-pure-concentrate","status":"publish","type":"product","link":"https:\/\/skinstudio.ee\/lt\/catalog\/cantabria-labs\/endocare-radiance-c-pure-concentrate\/","title":{"rendered":"Endocare Radiance C Pure Concentrate"},"content":{"rendered":"<p data-start=\"1411\" data-end=\"1729\">Intensyvus ampuli\u0173 koncentratas, skirtas odos atk\u016brimui, skaistinimui ir jaunyst\u0117s palaikymui. Produktas su <strong data-start=\"1519\" data-end=\"1548\">SCA\u00ae Biorepair Technology<\/strong> turi <strong data-start=\"1554\" data-end=\"1582\">sraigi\u0173 sekreto filtrat\u0105<\/strong>, kuris yra nat\u016bralus augimo faktori\u0173 \u0161altinis, aktyvinantis dermos regeneracijos procesus ir suteikiantis odai stangrumo, glotnumo ir \u0161vyt\u0117jimo.<\/p>\n<p data-start=\"1731\" data-end=\"2048\">Formul\u0117 su <strong data-start=\"1742\" data-end=\"1756\">vitaminu C<\/strong> ir <strong data-start=\"1760\" data-end=\"1779\">proteoglikanais<\/strong> u\u017etikrina stipri\u0105 antioksidantin\u0119 apsaug\u0105, saugo od\u0105 nuo fotosen\u0117jimo ir aplinkos poveikio. Priemon\u0117 suvienodina odos atspalv\u012f ir tekst\u016br\u0105, ma\u017eina rauk\u0161les ir atkuria elastingum\u0105. Reguliariai naudojant, oda tampa gaivesn\u0117, tolygesn\u0117 ir spinduliuoja sveik\u0105 \u0161vyt\u0117jim\u0105.<\/p>\n<p data-start=\"2050\" data-end=\"2080\"><strong data-start=\"2050\" data-end=\"2060\">T\u016bris:<\/strong> 14 ampul\u0117s x 1 ml<\/p>\n","protected":false},"excerpt":{"rendered":"<p data-start=\"2234\" data-end=\"2285\">\u0160viesinantis ir atkuriamasis ampuli\u0173 koncentratas<\/p>\n<h2 data-start=\"2287\" data-end=\"2571\"><strong data-start=\"2287\" data-end=\"2352\">Cantabria Labs &#8211; Endocare Radiance C Pure Concentrate savyb\u0117s<\/strong><\/h2>\n<p data-start=\"2287\" data-end=\"2571\">\u2714\ufe0fAktyvina l\u0105steli\u0173 regeneracijos procesus<br data-start=\"2397\" data-end=\"2400\" \/>\u2714\ufe0fMa\u017eina rauk\u0161les ir gerina odos elastingum\u0105<br data-start=\"2444\" data-end=\"2447\" \/>\u2714\ufe0fSuteikia \u0161vyt\u0117jimo ir gaivumo<br data-start=\"2478\" data-end=\"2481\" \/>\u2714\ufe0fU\u017etikrina stipri\u0105 antioksidacin\u0119 apsaug\u0105<br data-start=\"2523\" data-end=\"2526\" \/>\u2714\ufe0fIntensyviai dr\u0117kina ir suteikia spindesio<\/p>\n","protected":false},"featured_media":65203,"template":"","meta":[],"pwb-brand":[1202],"product_brand":[],"product_cat":[752,750,724,730],"product_tag":[],"giftcard-category":[],"class_list":{"0":"post-57619","1":"product","2":"type-product","3":"status-publish","4":"has-post-thumbnail","6":"pwb-brand-cantabria-labs","7":"product_cat-pigmentacija-lt","8":"product_cat-senstanti-oda","9":"product_cat-serumai","10":"product_cat-vitaminas-c","12":"first","13":"instock","14":"taxable","15":"shipping-taxable","16":"purchasable","17":"product-type-simple"},"acf":[],"brands":[{"id":1202,"name":"Cantabria Labs","slug":"cantabria-labs"}],"_links":{"self":[{"href":"https:\/\/skinstudio.ee\/lt\/wp-json\/wp\/v2\/product\/57619","targetHints":{"allow":["GET"]}}],"collection":[{"href":"https:\/\/skinstudio.ee\/lt\/wp-json\/wp\/v2\/product"}],"about":[{"href":"https:\/\/skinstudio.ee\/lt\/wp-json\/wp\/v2\/types\/product"}],"version-history":[{"count":0,"href":"https:\/\/skinstudio.ee\/lt\/wp-json\/wp\/v2\/product\/57619\/revisions"}],"wp:featuredmedia":[{"embeddable":true,"href":"https:\/\/skinstudio.ee\/lt\/wp-json\/wp\/v2\/media\/65203"}],"wp:attachment":[{"href":"https:\/\/skinstudio.ee\/lt\/wp-json\/wp\/v2\/media?parent=57619"}],"wp:term":[{"taxonomy":"pwb-brand","embeddable":true,"href":"https:\/\/skinstudio.ee\/lt\/wp-json\/wp\/v2\/pwb-brand?post=57619"},{"taxonomy":"product_brand","embeddable":true,"href":"https:\/\/skinstudio.ee\/lt\/wp-json\/wp\/v2\/product_brand?post=57619"},{"taxonomy":"product_cat","embeddable":true,"href":"https:\/\/skinstudio.ee\/lt\/wp-json\/wp\/v2\/product_cat?post=57619"},{"taxonomy":"product_tag","embeddable":true,"href":"https:\/\/skinstudio.ee\/lt\/wp-json\/wp\/v2\/product_tag?post=57619"},{"taxonomy":"giftcard-category","embeddable":true,"href":"https:\/\/skinstudio.ee\/lt\/wp-json\/wp\/v2\/giftcard-category?post=57619"}],"curies":[{"name":"wp","href":"https:\/\/api.w.org\/{rel}","templated":true}]}}