{"id":57639,"date":"2025-11-05T15:23:07","date_gmt":"2025-11-05T15:23:07","guid":{"rendered":"https:\/\/skinstudio.ee\/?post_type=product&#038;p=57639"},"modified":"2025-12-18T13:31:30","modified_gmt":"2025-12-18T13:31:30","slug":"endocare-tensage-nourishing-cream","status":"publish","type":"product","link":"https:\/\/skinstudio.ee\/lt\/catalog\/cantabria-labs\/endocare-tensage-nourishing-cream\/","title":{"rendered":"Endocare Tensage Nourishing Cream"},"content":{"rendered":"<p data-start=\"1089\" data-end=\"1307\">Turtingas, maitinantis kremas, veiksmingai kovai su rauk\u0161l\u0117mis ir odos stangrumo praradimu. Jo formul\u0117 suteikia akimirksn\u012f stangrinam\u0105j\u012f efekt\u0105, padeda atkurti veido kont\u016brus, gr\u0105\u017eindama odai tvirtum\u0105 ir elastingum\u0105.<\/p>\n<p data-start=\"1309\" data-end=\"1565\">Aktyvi\u0173j\u0173 ingredient\u0173 kompleksas veikia visais kolageno sintez\u0117s etapais, skatina auk\u0161tos kokyb\u0117s kolageno skaidul\u0173 gamyb\u0105 ir u\u017etikrina trigub\u0105 stangrinam\u0105j\u012f poveik\u012f. Puikiai tinka sausai ir brand\u017eiai odai, kuriai reikia intensyvios mitybos ir atstatymo.<\/p>\n<p data-start=\"1567\" data-end=\"1585\"><strong data-start=\"1567\" data-end=\"1577\">T\u016bris:<\/strong> 50 ml<\/p>\n","protected":false},"excerpt":{"rendered":"<p data-start=\"1729\" data-end=\"1785\">Maitinamasis prie\u0161rauk\u0161linis kremas su liftingo efektu<\/p>\n<h2 data-start=\"1787\" data-end=\"2073\"><strong data-start=\"1787\" data-end=\"1849\">Cantabria Labs &#8211; Endocare Tensage Nourishing Cream savyb\u0117s<\/strong><\/h2>\n<p data-start=\"1787\" data-end=\"2073\" data-is-last-node=\"\" data-is-only-node=\"\">\u2714\ufe0fStiprina ir pakelia veido kont\u016brus<br data-start=\"1888\" data-end=\"1891\" \/>\u2714\ufe0fSkatina kolageno sintez\u0119 ir gerina elastingum\u0105<br data-start=\"1939\" data-end=\"1942\" \/>\u2714\ufe0fMaitina ir atstato saus\u0105 od\u0105<br data-start=\"1972\" data-end=\"1975\" \/>\u2714\ufe0fMa\u017eina rauk\u0161les ir lygina odos pavir\u0161i\u0173<br data-start=\"2016\" data-end=\"2019\" \/>\u2714\ufe0fSuteikia odai \u0161velnumo, komforto ir sveiko \u0161vyt\u0117jimo<\/p>\n","protected":false},"featured_media":65198,"template":"","meta":[],"pwb-brand":[1202],"product_brand":[],"product_cat":[738,740,750],"product_tag":[],"giftcard-category":[],"class_list":{"0":"post-57639","1":"product","2":"type-product","3":"status-publish","4":"has-post-thumbnail","6":"pwb-brand-cantabria-labs","7":"product_cat-drekinimas","8":"product_cat-sausai-odai","9":"product_cat-senstanti-oda","11":"first","12":"instock","13":"taxable","14":"shipping-taxable","15":"purchasable","16":"product-type-simple"},"acf":[],"brands":[{"id":1202,"name":"Cantabria Labs","slug":"cantabria-labs"}],"_links":{"self":[{"href":"https:\/\/skinstudio.ee\/lt\/wp-json\/wp\/v2\/product\/57639","targetHints":{"allow":["GET"]}}],"collection":[{"href":"https:\/\/skinstudio.ee\/lt\/wp-json\/wp\/v2\/product"}],"about":[{"href":"https:\/\/skinstudio.ee\/lt\/wp-json\/wp\/v2\/types\/product"}],"version-history":[{"count":0,"href":"https:\/\/skinstudio.ee\/lt\/wp-json\/wp\/v2\/product\/57639\/revisions"}],"wp:featuredmedia":[{"embeddable":true,"href":"https:\/\/skinstudio.ee\/lt\/wp-json\/wp\/v2\/media\/65198"}],"wp:attachment":[{"href":"https:\/\/skinstudio.ee\/lt\/wp-json\/wp\/v2\/media?parent=57639"}],"wp:term":[{"taxonomy":"pwb-brand","embeddable":true,"href":"https:\/\/skinstudio.ee\/lt\/wp-json\/wp\/v2\/pwb-brand?post=57639"},{"taxonomy":"product_brand","embeddable":true,"href":"https:\/\/skinstudio.ee\/lt\/wp-json\/wp\/v2\/product_brand?post=57639"},{"taxonomy":"product_cat","embeddable":true,"href":"https:\/\/skinstudio.ee\/lt\/wp-json\/wp\/v2\/product_cat?post=57639"},{"taxonomy":"product_tag","embeddable":true,"href":"https:\/\/skinstudio.ee\/lt\/wp-json\/wp\/v2\/product_tag?post=57639"},{"taxonomy":"giftcard-category","embeddable":true,"href":"https:\/\/skinstudio.ee\/lt\/wp-json\/wp\/v2\/giftcard-category?post=57639"}],"curies":[{"name":"wp","href":"https:\/\/api.w.org\/{rel}","templated":true}]}}