{"id":57654,"date":"2025-11-05T15:30:39","date_gmt":"2025-11-05T15:30:39","guid":{"rendered":"https:\/\/skinstudio.ee\/?post_type=product&#038;p=57654"},"modified":"2025-12-18T13:31:30","modified_gmt":"2025-12-18T13:31:30","slug":"endocare-tensage-cream","status":"publish","type":"product","link":"https:\/\/skinstudio.ee\/lt\/catalog\/cantabria-labs\/endocare-tensage-cream\/","title":{"rendered":"Endocare Tensage Cream"},"content":{"rendered":"<p data-start=\"1079\" data-end=\"1408\">Endocare Tensage Cream yra lengvas sen\u0117jim\u0105 stabdantis kremas, padedantis atkurti odos stangrum\u0105 ir elastingum\u0105, prarast\u0105 laikui b\u0117gant. Formul\u0117 su SCA\u00ae Growth Factor technologija ir Tensderm suteikia pastebim\u0105 stangrinam\u0105j\u012f ir regeneruojant\u012f poveik\u012f, sustiprina veido kont\u016brus ir suteikia odai glotnumo, spindesio bei dr\u0117gm\u0117s.<\/p>\n<p data-start=\"1410\" data-end=\"1606\">Lengva ir maloni tekst\u016bra idealiai tinka normaliai ir sausai odai, u\u017etikrinant ilgalaik\u012f maitinim\u0105 ir \u0161velnumo poj\u016bt\u012f. Reguliariai naudojant, oda tampa tvirtesn\u0117, elastingesn\u0117 ir jaunatvi\u0161kesn\u0117.<\/p>\n<p data-start=\"1608\" data-end=\"1626\"><strong data-start=\"1608\" data-end=\"1618\">T\u016bris:<\/strong> 50 ml<\/p>\n","protected":false},"excerpt":{"rendered":"<p data-start=\"1750\" data-end=\"1816\">Lengvas sen\u0117jim\u0105 stabdantis kremas odos stangrumui ir spindesiui<\/p>\n<h2 data-start=\"1818\" data-end=\"2105\"><strong data-start=\"1818\" data-end=\"1869\">Cantabria Labs &#8211; Endocare Tensage Cream <\/strong><strong data-start=\"1818\" data-end=\"1869\">Savyb\u0117s<\/strong><\/h2>\n<p data-start=\"1818\" data-end=\"2105\" data-is-last-node=\"\" data-is-only-node=\"\">\u2714\ufe0fAtkuria odos elastingum\u0105 ir stangrum\u0105<br data-start=\"1911\" data-end=\"1914\" \/>\u2714\ufe0fStangrina veido kont\u016brus ir lygina rauk\u0161les<br data-start=\"1959\" data-end=\"1962\" \/>\u2714\ufe0fSkatina regeneracij\u0105 ir stiprina odos barjer\u0105<br data-start=\"2009\" data-end=\"2012\" \/>\u2714\ufe0fDr\u0117kina ir maitina od\u0105, suteikdamas komforto poj\u016bt\u012f<br data-start=\"2065\" data-end=\"2068\" \/>\u2714\ufe0fSuteikia odai \u0161vyt\u0117jimo ir glotnumo<\/p>\n","protected":false},"featured_media":65193,"template":"","meta":[],"pwb-brand":[1202],"product_brand":[],"product_cat":[738,740,750],"product_tag":[],"giftcard-category":[],"class_list":{"0":"post-57654","1":"product","2":"type-product","3":"status-publish","4":"has-post-thumbnail","6":"pwb-brand-cantabria-labs","7":"product_cat-drekinimas","8":"product_cat-sausai-odai","9":"product_cat-senstanti-oda","11":"first","12":"instock","13":"taxable","14":"shipping-taxable","15":"purchasable","16":"product-type-simple"},"acf":[],"brands":[{"id":1202,"name":"Cantabria Labs","slug":"cantabria-labs"}],"_links":{"self":[{"href":"https:\/\/skinstudio.ee\/lt\/wp-json\/wp\/v2\/product\/57654","targetHints":{"allow":["GET"]}}],"collection":[{"href":"https:\/\/skinstudio.ee\/lt\/wp-json\/wp\/v2\/product"}],"about":[{"href":"https:\/\/skinstudio.ee\/lt\/wp-json\/wp\/v2\/types\/product"}],"version-history":[{"count":0,"href":"https:\/\/skinstudio.ee\/lt\/wp-json\/wp\/v2\/product\/57654\/revisions"}],"wp:featuredmedia":[{"embeddable":true,"href":"https:\/\/skinstudio.ee\/lt\/wp-json\/wp\/v2\/media\/65193"}],"wp:attachment":[{"href":"https:\/\/skinstudio.ee\/lt\/wp-json\/wp\/v2\/media?parent=57654"}],"wp:term":[{"taxonomy":"pwb-brand","embeddable":true,"href":"https:\/\/skinstudio.ee\/lt\/wp-json\/wp\/v2\/pwb-brand?post=57654"},{"taxonomy":"product_brand","embeddable":true,"href":"https:\/\/skinstudio.ee\/lt\/wp-json\/wp\/v2\/product_brand?post=57654"},{"taxonomy":"product_cat","embeddable":true,"href":"https:\/\/skinstudio.ee\/lt\/wp-json\/wp\/v2\/product_cat?post=57654"},{"taxonomy":"product_tag","embeddable":true,"href":"https:\/\/skinstudio.ee\/lt\/wp-json\/wp\/v2\/product_tag?post=57654"},{"taxonomy":"giftcard-category","embeddable":true,"href":"https:\/\/skinstudio.ee\/lt\/wp-json\/wp\/v2\/giftcard-category?post=57654"}],"curies":[{"name":"wp","href":"https:\/\/api.w.org\/{rel}","templated":true}]}}