{"id":57670,"date":"2025-11-05T15:41:11","date_gmt":"2025-11-05T15:41:11","guid":{"rendered":"https:\/\/skinstudio.ee\/?post_type=product&#038;p=57670"},"modified":"2025-12-18T13:31:30","modified_gmt":"2025-12-18T13:31:30","slug":"endocare-tensage-illuminating-eye-contour-cream","status":"publish","type":"product","link":"https:\/\/skinstudio.ee\/lt\/catalog\/cantabria-labs\/endocare-tensage-illuminating-eye-contour-cream\/","title":{"rendered":"Endocare Tensage Illuminating Eye Contour Cream"},"content":{"rendered":"<p data-start=\"1583\" data-end=\"1935\">Endocare Tensage Illuminating Eye Contour Cream yra daugiafunkcis paaki\u0173 kremas, padedantis kovoti su pagrindiniais nuovargio ir sen\u0117jimo po\u017eymiais &#8211; paburkimu, rauk\u0161lel\u0117mis, tamsiais ratilais ir odos stangrumo praradimu. Lengvos, malonios tekst\u016bros kremas greitai \u012fsigeria, atgaivina od\u0105 ir suteikia dr\u0117gm\u0117s, nepalikdamas riebumo ar lipnumo poj\u016b\u010dio.<\/p>\n<p data-start=\"1937\" data-end=\"2231\">Formul\u0117je esantys aktyv\u016bs ingredientai stimuliuoja mikrocirkuliacij\u0105, stiprina od\u0105 ir padeda suma\u017einti paburkim\u0105. D\u0117l SCA\u00ae Growth Factor technologijos ir Tensderm komplekso kremas aktyvina l\u0105steli\u0173 atsinaujinim\u0105, didina odos elastingum\u0105 ir tvirtum\u0105, suteikdamas jai glotnumo ir jaunatvi\u0161kumo.<\/p>\n<p data-start=\"2233\" data-end=\"2525\">\u0160vies\u0105 atspindintys mikropigmentai akimirksniu maskuoja tamsius ratilus ir nuovargio po\u017eymius, suteikdami \u017evilgsniui \u0161vyt\u0117jimo ir gaivumo. Reguliariai naudojant, paaki\u0173 oda tampa lygesn\u0117, labiau sudr\u0117kinta ir vizualiai jaunesn\u0117. Kremas puikiai tinka naudoti ir po dermakosmetini\u0173 proced\u016br\u0173.<\/p>\n<p data-start=\"2527\" data-end=\"2545\"><strong data-start=\"2527\" data-end=\"2537\">T\u016bris:<\/strong> 15 ml<\/p>\n","protected":false},"excerpt":{"rendered":"<p data-start=\"2662\" data-end=\"2707\">\u0160viesinantis ir atjauninantis paaki\u0173 kremas<\/p>\n<h2 data-start=\"2709\" data-end=\"3050\"><strong data-start=\"2709\" data-end=\"2785\">Cantabria Labs &#8211; Endocare Tensage Illuminating Eye Contour Cream Savyb\u0117s<\/strong><\/h2>\n<p data-start=\"2709\" data-end=\"3050\" data-is-last-node=\"\" data-is-only-node=\"\">\u2714\ufe0fMa\u017eina paburkim\u0105 ir tamsius ratilus po akimis<br data-start=\"2835\" data-end=\"2838\" \/>\u2714\ufe0fLygina smulkias rauk\u0161leles ir stiprina od\u0105<br data-start=\"2882\" data-end=\"2885\" \/>\u2714\ufe0fSuteikia akimirksnin\u012f gaivum\u0105 ir \u0161vyt\u0117jim\u0105<br data-start=\"2929\" data-end=\"2932\" \/>\u2714\ufe0fSud\u0117tyje yra \u0161vies\u0105 atspindin\u010di\u0173 mikropigment\u0173 \u0161viesinimo efektui<br data-start=\"2999\" data-end=\"3002\" \/>\u2714\ufe0fDr\u0117kina ir gerina odos elastingum\u0105 aplink akis<\/p>\n","protected":false},"featured_media":65188,"template":"","meta":[],"pwb-brand":[1202],"product_brand":[],"product_cat":[734,750],"product_tag":[],"giftcard-category":[],"class_list":{"0":"post-57670","1":"product","2":"type-product","3":"status-publish","4":"has-post-thumbnail","6":"pwb-brand-cantabria-labs","7":"product_cat-oda-aplink-akis","8":"product_cat-senstanti-oda","10":"first","11":"instock","12":"taxable","13":"shipping-taxable","14":"purchasable","15":"product-type-simple"},"acf":[],"brands":[{"id":1202,"name":"Cantabria Labs","slug":"cantabria-labs"}],"_links":{"self":[{"href":"https:\/\/skinstudio.ee\/lt\/wp-json\/wp\/v2\/product\/57670","targetHints":{"allow":["GET"]}}],"collection":[{"href":"https:\/\/skinstudio.ee\/lt\/wp-json\/wp\/v2\/product"}],"about":[{"href":"https:\/\/skinstudio.ee\/lt\/wp-json\/wp\/v2\/types\/product"}],"version-history":[{"count":0,"href":"https:\/\/skinstudio.ee\/lt\/wp-json\/wp\/v2\/product\/57670\/revisions"}],"wp:featuredmedia":[{"embeddable":true,"href":"https:\/\/skinstudio.ee\/lt\/wp-json\/wp\/v2\/media\/65188"}],"wp:attachment":[{"href":"https:\/\/skinstudio.ee\/lt\/wp-json\/wp\/v2\/media?parent=57670"}],"wp:term":[{"taxonomy":"pwb-brand","embeddable":true,"href":"https:\/\/skinstudio.ee\/lt\/wp-json\/wp\/v2\/pwb-brand?post=57670"},{"taxonomy":"product_brand","embeddable":true,"href":"https:\/\/skinstudio.ee\/lt\/wp-json\/wp\/v2\/product_brand?post=57670"},{"taxonomy":"product_cat","embeddable":true,"href":"https:\/\/skinstudio.ee\/lt\/wp-json\/wp\/v2\/product_cat?post=57670"},{"taxonomy":"product_tag","embeddable":true,"href":"https:\/\/skinstudio.ee\/lt\/wp-json\/wp\/v2\/product_tag?post=57670"},{"taxonomy":"giftcard-category","embeddable":true,"href":"https:\/\/skinstudio.ee\/lt\/wp-json\/wp\/v2\/giftcard-category?post=57670"}],"curies":[{"name":"wp","href":"https:\/\/api.w.org\/{rel}","templated":true}]}}