{"id":57687,"date":"2025-11-05T15:56:42","date_gmt":"2025-11-05T15:56:42","guid":{"rendered":"https:\/\/skinstudio.ee\/?post_type=product&#038;p=57687"},"modified":"2025-12-18T13:31:30","modified_gmt":"2025-12-18T13:31:30","slug":"endocare-tensage-serum","status":"publish","type":"product","link":"https:\/\/skinstudio.ee\/lt\/catalog\/cantabria-labs\/endocare-tensage-serum\/","title":{"rendered":"Endocare Tensage Serum"},"content":{"rendered":"<p data-start=\"2494\" data-end=\"2923\">Endocare Tensage Serum yra itin atkuriantis sen\u0117jim\u0105 stabdantis serumas, sukurtas intensyviai brand\u017eios ir pavargusios odos prie\u017ei\u016brai. Jis padeda atkurti odos stangrum\u0105, elastingum\u0105 ir \u0161vyt\u0117jim\u0105, veiksmingai u\u017ekerta keli\u0105 sen\u0117jimo po\u017eymiams. Formul\u0117 sujungia patentuot\u0105 <strong data-start=\"2765\" data-end=\"2800\">SCA\u00ae Growth Factor technologij\u0105<\/strong> ir <strong data-start=\"2804\" data-end=\"2816\">Tensderm<\/strong>, suteikian\u010di\u0105 stipr\u0173 stangrinam\u0105j\u012f efekt\u0105, skatinan\u010di\u0105 l\u0105steli\u0173 regeneracij\u0105 ir tolygesn\u0119 odos tekst\u016br\u0105.<\/p>\n<p data-start=\"2925\" data-end=\"3105\">Serumas veikia visuose dermos sluoksniuose \u2013 stiprina odos strukt\u016br\u0105, lygina rauk\u0161les ir ma\u017eina odos suglebim\u0105. Reguliariai naudojant, oda tampa tvirtesn\u0117, \u0161velnesn\u0117 ir \u0161vytinti.<\/p>\n<p data-start=\"3107\" data-end=\"3149\"><strong data-start=\"3107\" data-end=\"3147\">Aktyv\u016bs ingredientai ir j\u0173 poveikis:<\/strong><\/p>\n<ul>\n<li data-start=\"3151\" data-end=\"4443\">15% SCA kompleksas (<em data-start=\"3171\" data-end=\"3222\">Sraigi\u0173 sekreto filtratas &#8211; Cryptomphalus Aspersa<\/em>) \u2013 unikali bioregeneracijos technologija, aktyvinanti atk\u016brimo procesus ir kolageno sintez\u0119, turinti antioksidacin\u012f bei atstatom\u0105j\u012f poveik\u012f.<\/li>\n<li data-start=\"3151\" data-end=\"4443\">Hidrolizuotas soj\u0173 baltymas \u2013 stiprina odos strukt\u016br\u0105 ir gerina elastingum\u0105.<\/li>\n<li data-start=\"3151\" data-end=\"4443\">Portulakos ekstraktas \u2013 pasi\u017eymi stipriu prie\u0161u\u017edegiminiu ir antibakteriniu poveikiu, pagreitina gijim\u0105 ir ramina sudirgusi\u0105 od\u0105.<\/li>\n<li data-start=\"3151\" data-end=\"4443\">Sericinas \u2013 sulaiko dr\u0117gm\u0119, apsaugo nuo UV spinduli\u0173, i\u0161lygina atspalv\u012f ir suteikia odai \u0161velnumo.<\/li>\n<li data-start=\"3151\" data-end=\"4443\">Niacinamidas (vitaminas B3) \u2013 skatina keramido sintez\u0119, stiprina apsaugin\u012f barjer\u0105 ir pa\u0161alina sausum\u0105 bei pleiskanojim\u0105.<\/li>\n<li data-start=\"3151\" data-end=\"4443\">Vitaminas C \u2013 stiprus antioksidantas, kuris i\u0161lygina odos atspalv\u012f, suteikia \u0161vyt\u0117jimo ir gerina tekst\u016br\u0105.<\/li>\n<li data-start=\"3151\" data-end=\"4443\">Vitaminas E \u2013 apsaugo nuo oksidacinio streso ir palaiko elastingum\u0105.<\/li>\n<li data-start=\"3151\" data-end=\"4443\">Skvalanas \u2013 maitina, mink\u0161tina ir atstato lipid\u0173 balans\u0105.<\/li>\n<li data-start=\"3151\" data-end=\"4443\">Hialurono r\u016bg\u0161tis \u2013 giliai dr\u0117kina, suteikia odai stangrumo ir glotnumo.<\/li>\n<li data-start=\"3151\" data-end=\"4443\">Trealoz\u0117 \u2013 sulaiko dr\u0117gm\u0119 ir saugo l\u0105steles nuo dehidratacijos.<\/li>\n<li data-start=\"3151\" data-end=\"4443\">Hidrolizuota Caesalpinia Spinosa guma \u2013 stangrina od\u0105 ir gerina jos elastingum\u0105.<\/li>\n<li data-start=\"3151\" data-end=\"4443\">Ubichinonas (kofermentas Q10) \u2013 apr\u016bpina l\u0105steles energija ir saugo nuo kolageno bei elastino irimo.<\/li>\n<li data-start=\"3151\" data-end=\"4443\">Argininas \u2013 gerina mikrocirkuliacij\u0105 ir spartina l\u0105steli\u0173 atsinaujinim\u0105.<\/li>\n<\/ul>\n<p data-start=\"4445\" data-end=\"4463\"><strong data-start=\"4445\" data-end=\"4455\">T\u016bris:<\/strong> 30 ml<\/p>\n","protected":false},"excerpt":{"rendered":"<p data-start=\"4681\" data-end=\"4734\">Atjauninantis serumas odos stangrumui ir \u0161vyt\u0117jimui<\/p>\n<h2 data-start=\"4736\" data-end=\"5011\"><strong data-start=\"4736\" data-end=\"4787\">Cantabria Labs &#8211; Endocare Tensage Serum Savyb\u0117s<\/strong><\/h2>\n<p data-start=\"4736\" data-end=\"5011\" data-is-last-node=\"\" data-is-only-node=\"\">\u2714\ufe0fAktyvina l\u0105steli\u0173 regeneracij\u0105 ir atsinaujinim\u0105<br data-start=\"4839\" data-end=\"4842\" \/>\u2714\ufe0fLygina rauk\u0161les ir stiprina od\u0105<br data-start=\"4875\" data-end=\"4878\" \/>\u2714\ufe0fGerina elastingum\u0105 ir odos tank\u012f<br data-start=\"4912\" data-end=\"4915\" \/>\u2714\ufe0fSulygina atspalv\u012f ir suteikia sveik\u0105 \u0161vyt\u0117jim\u0105<br data-start=\"4963\" data-end=\"4966\" \/>\u2714\ufe0fIntensyviai maitina ir apsaugo nuo sen\u0117jimo<\/p>\n","protected":false},"featured_media":65183,"template":"","meta":[],"pwb-brand":[1202],"product_brand":[],"product_cat":[738,750,724],"product_tag":[],"giftcard-category":[],"class_list":{"0":"post-57687","1":"product","2":"type-product","3":"status-publish","4":"has-post-thumbnail","6":"pwb-brand-cantabria-labs","7":"product_cat-drekinimas","8":"product_cat-senstanti-oda","9":"product_cat-serumai","11":"first","12":"instock","13":"taxable","14":"shipping-taxable","15":"purchasable","16":"product-type-simple"},"acf":[],"brands":[{"id":1202,"name":"Cantabria Labs","slug":"cantabria-labs"}],"_links":{"self":[{"href":"https:\/\/skinstudio.ee\/lt\/wp-json\/wp\/v2\/product\/57687","targetHints":{"allow":["GET"]}}],"collection":[{"href":"https:\/\/skinstudio.ee\/lt\/wp-json\/wp\/v2\/product"}],"about":[{"href":"https:\/\/skinstudio.ee\/lt\/wp-json\/wp\/v2\/types\/product"}],"version-history":[{"count":0,"href":"https:\/\/skinstudio.ee\/lt\/wp-json\/wp\/v2\/product\/57687\/revisions"}],"wp:featuredmedia":[{"embeddable":true,"href":"https:\/\/skinstudio.ee\/lt\/wp-json\/wp\/v2\/media\/65183"}],"wp:attachment":[{"href":"https:\/\/skinstudio.ee\/lt\/wp-json\/wp\/v2\/media?parent=57687"}],"wp:term":[{"taxonomy":"pwb-brand","embeddable":true,"href":"https:\/\/skinstudio.ee\/lt\/wp-json\/wp\/v2\/pwb-brand?post=57687"},{"taxonomy":"product_brand","embeddable":true,"href":"https:\/\/skinstudio.ee\/lt\/wp-json\/wp\/v2\/product_brand?post=57687"},{"taxonomy":"product_cat","embeddable":true,"href":"https:\/\/skinstudio.ee\/lt\/wp-json\/wp\/v2\/product_cat?post=57687"},{"taxonomy":"product_tag","embeddable":true,"href":"https:\/\/skinstudio.ee\/lt\/wp-json\/wp\/v2\/product_tag?post=57687"},{"taxonomy":"giftcard-category","embeddable":true,"href":"https:\/\/skinstudio.ee\/lt\/wp-json\/wp\/v2\/giftcard-category?post=57687"}],"curies":[{"name":"wp","href":"https:\/\/api.w.org\/{rel}","templated":true}]}}