{"id":57705,"date":"2025-11-06T14:36:20","date_gmt":"2025-11-06T14:36:20","guid":{"rendered":"https:\/\/skinstudio.ee\/?post_type=product&#038;p=57705"},"modified":"2025-12-18T13:31:31","modified_gmt":"2025-12-18T13:31:31","slug":"endocare-tensage-concentrate","status":"publish","type":"product","link":"https:\/\/skinstudio.ee\/lt\/catalog\/cantabria-labs\/endocare-tensage-concentrate\/","title":{"rendered":"Endocare Tensage Concentrate"},"content":{"rendered":"<p data-start=\"1258\" data-end=\"1585\"><strong data-start=\"1265\" data-end=\"1297\">Endocare Tensage Concentrate<\/strong> &#8211; tai galingas prie\u0161rauk\u0161linis ampuli\u0173 gydymas, atkuriantis odos tank\u012f ir elastingum\u0105, ma\u017einantis rauk\u0161les ir i\u0161lyginantis odos atspalv\u012f. Didel\u0117 veikli\u0173j\u0173 med\u017eiag\u0173 koncentracija suteikia greit\u0105 stangrinam\u0105j\u012f efekt\u0105, stiprina dermos strukt\u016br\u0105 ir suteikia odai gaivumo bei jaunatvi\u0161kumo.<\/p>\n<p data-start=\"1587\" data-end=\"1895\"><strong data-start=\"1587\" data-end=\"1622\">SCA\u00ae Growth Factor technologija<\/strong> stimuliuoja nat\u016brali\u0105 l\u0105steli\u0173 regeneracij\u0105, didina kolageno sintez\u0119 ir saugo od\u0105 nuo oksidacinio streso. D\u0117l dr\u0117kinam\u0173j\u0173, stangrinam\u0173j\u0173 ir skaistinam\u0173j\u0173 ingredient\u0173 derinio odos tekst\u016bra pager\u0117ja, ji tampa lygesn\u0117, elastingesn\u0117 ir \u0161vytinti jau po keli\u0173 naudojimo kart\u0173.<\/p>\n<p data-start=\"1897\" data-end=\"1927\"><strong data-start=\"1897\" data-end=\"1907\">T\u016bris:<\/strong> 10 ampuli\u0173 x 2 ml<\/p>\n","protected":false},"excerpt":{"rendered":"<p data-start=\"2188\" data-end=\"2254\">Intensyvios prie\u0161rauk\u0161lin\u0117s ampul\u0117s su stangrinamuoju efektu<\/p>\n<h2 data-start=\"2256\" data-end=\"2544\"><strong data-start=\"2256\" data-end=\"2313\">Cantabria Labs &#8211; Endocare Tensage Concentrate savyb\u0117s<\/strong><\/h2>\n<p data-start=\"2256\" data-end=\"2544\" data-is-last-node=\"\" data-is-only-node=\"\">\u2714\ufe0fAtkuria odos tank\u012f ir elastingum\u0105<br data-start=\"2351\" data-end=\"2354\" \/>\u2714\ufe0fMa\u017eina rauk\u0161les ir i\u0161lygina odos atspalv\u012f<br data-start=\"2397\" data-end=\"2400\" \/>\u2714\ufe0fStimuliuoja kolageno gamyb\u0105 ir l\u0105steli\u0173 regeneracij\u0105<br data-start=\"2454\" data-end=\"2457\" \/>\u2714\ufe0fApsaugo od\u0105 nuo oksidacinio streso<br data-start=\"2493\" data-end=\"2496\" \/>\u2714\ufe0fSuteikia odai glotnumo, gaivumo ir spindesio<\/p>\n","protected":false},"featured_media":91580,"template":"","meta":[],"pwb-brand":[1202],"product_brand":[],"product_cat":[750,724],"product_tag":[],"giftcard-category":[],"class_list":{"0":"post-57705","1":"product","2":"type-product","3":"status-publish","4":"has-post-thumbnail","6":"pwb-brand-cantabria-labs","7":"product_cat-senstanti-oda","8":"product_cat-serumai","10":"first","11":"instock","12":"taxable","13":"shipping-taxable","14":"purchasable","15":"product-type-simple"},"acf":[],"brands":[{"id":1202,"name":"Cantabria Labs","slug":"cantabria-labs"}],"_links":{"self":[{"href":"https:\/\/skinstudio.ee\/lt\/wp-json\/wp\/v2\/product\/57705","targetHints":{"allow":["GET"]}}],"collection":[{"href":"https:\/\/skinstudio.ee\/lt\/wp-json\/wp\/v2\/product"}],"about":[{"href":"https:\/\/skinstudio.ee\/lt\/wp-json\/wp\/v2\/types\/product"}],"version-history":[{"count":0,"href":"https:\/\/skinstudio.ee\/lt\/wp-json\/wp\/v2\/product\/57705\/revisions"}],"wp:featuredmedia":[{"embeddable":true,"href":"https:\/\/skinstudio.ee\/lt\/wp-json\/wp\/v2\/media\/91580"}],"wp:attachment":[{"href":"https:\/\/skinstudio.ee\/lt\/wp-json\/wp\/v2\/media?parent=57705"}],"wp:term":[{"taxonomy":"pwb-brand","embeddable":true,"href":"https:\/\/skinstudio.ee\/lt\/wp-json\/wp\/v2\/pwb-brand?post=57705"},{"taxonomy":"product_brand","embeddable":true,"href":"https:\/\/skinstudio.ee\/lt\/wp-json\/wp\/v2\/product_brand?post=57705"},{"taxonomy":"product_cat","embeddable":true,"href":"https:\/\/skinstudio.ee\/lt\/wp-json\/wp\/v2\/product_cat?post=57705"},{"taxonomy":"product_tag","embeddable":true,"href":"https:\/\/skinstudio.ee\/lt\/wp-json\/wp\/v2\/product_tag?post=57705"},{"taxonomy":"giftcard-category","embeddable":true,"href":"https:\/\/skinstudio.ee\/lt\/wp-json\/wp\/v2\/giftcard-category?post=57705"}],"curies":[{"name":"wp","href":"https:\/\/api.w.org\/{rel}","templated":true}]}}