{"id":57737,"date":"2025-11-06T14:51:54","date_gmt":"2025-11-06T14:51:54","guid":{"rendered":"https:\/\/skinstudio.ee\/?post_type=product&#038;p=57737"},"modified":"2025-12-18T13:31:31","modified_gmt":"2025-12-18T13:31:31","slug":"endocare-hydractive-micellar-solution","status":"publish","type":"product","link":"https:\/\/skinstudio.ee\/lt\/catalog\/cantabria-labs\/endocare-hydractive-micellar-solution\/","title":{"rendered":"Endocare Hydractive Micellar Solution"},"content":{"rendered":"<p data-start=\"1021\" data-end=\"1363\"><strong data-start=\"1028\" data-end=\"1069\">Endocare Hydractive Micellar Solution<\/strong> &#8211; tai \u0161velnus micelinis vanduo, veiksmingai pa\u0161alinantis makia\u017e\u0105, \u012fskaitant vandeniui atspar\u0173, ir giliai valantis od\u0105, nepa\u017eeid\u017eiant jos nat\u016bralaus balanso. <strong data-start=\"1227\" data-end=\"1258\">Microbiome Recovery Complex<\/strong> padeda atkurti odos apsaugin\u012f barjer\u0105, palaiko fiziologin\u012f pH ir apsaugo nuo aplinkos streso veiksni\u0173.<\/p>\n<p data-start=\"1365\" data-end=\"1580\">Gaivinanti ir dr\u0117kinanti formul\u0117 palieka od\u0105 \u0161velni\u0105, lygi\u0105 ir elasting\u0105, nesukeldama tempimo poj\u016b\u010dio. Tinka vis\u0173 tip\u0173 odai, \u012fskaitant jautri\u0105, ir gali b\u016bti naudojama kasdien makia\u017eo pa\u0161alinimui nuo veido ir aki\u0173.<\/p>\n<p data-start=\"1582\" data-end=\"1601\"><strong data-start=\"1582\" data-end=\"1592\">T\u016bris:<\/strong> 100 ml \/ 400 ml<\/p>\n<p data-start=\"0\" data-end=\"326\">\n","protected":false},"excerpt":{"rendered":"<p data-start=\"1719\" data-end=\"1759\">Micelinis vanduo \u0161velniam odos valymui<\/p>\n<h2 data-start=\"1761\" data-end=\"2053\"><strong data-start=\"1761\" data-end=\"1827\">Cantabria Labs &#8211; Endocare Hydractive Micellar Solution savyb\u0117s<\/strong><\/h2>\n<p data-start=\"1761\" data-end=\"2053\" data-is-last-node=\"\" data-is-only-node=\"\">\u2714\ufe0f\u0160velniai pa\u0161alina makia\u017e\u0105 ir ne\u0161varumus<br data-start=\"1871\" data-end=\"1874\" \/>\u2714\ufe0fAtkuria odos mikrobiom\u0105 ir apsaugin\u012f barjer\u0105<br data-start=\"1920\" data-end=\"1923\" \/>\u2714\ufe0fPalaiko nat\u016bral\u0173 pH ir apsaugo nuo i\u0161saus\u0117jimo<br data-start=\"1971\" data-end=\"1974\" \/>\u2714\ufe0fDr\u0117kina, tonizuoja ir gaivina od\u0105<br data-start=\"2009\" data-end=\"2012\" \/>\u2714\ufe0fTinka vis\u0173 tip\u0173 odai, \u012fskaitant jautri\u0105<\/p>\n","protected":false},"featured_media":65168,"template":"","meta":[],"pwb-brand":[1202],"product_brand":[],"product_cat":[718],"product_tag":[],"giftcard-category":[],"class_list":{"0":"post-57737","1":"product","2":"type-product","3":"status-publish","4":"has-post-thumbnail","6":"pwb-brand-cantabria-labs","7":"product_cat-valymas","8":"pa_suurus-100ml-lt","10":"first","11":"instock","12":"taxable","13":"shipping-taxable","14":"purchasable","15":"product-type-variable"},"acf":[],"brands":[{"id":1202,"name":"Cantabria Labs","slug":"cantabria-labs"}],"_links":{"self":[{"href":"https:\/\/skinstudio.ee\/lt\/wp-json\/wp\/v2\/product\/57737","targetHints":{"allow":["GET"]}}],"collection":[{"href":"https:\/\/skinstudio.ee\/lt\/wp-json\/wp\/v2\/product"}],"about":[{"href":"https:\/\/skinstudio.ee\/lt\/wp-json\/wp\/v2\/types\/product"}],"version-history":[{"count":0,"href":"https:\/\/skinstudio.ee\/lt\/wp-json\/wp\/v2\/product\/57737\/revisions"}],"wp:featuredmedia":[{"embeddable":true,"href":"https:\/\/skinstudio.ee\/lt\/wp-json\/wp\/v2\/media\/65168"}],"wp:attachment":[{"href":"https:\/\/skinstudio.ee\/lt\/wp-json\/wp\/v2\/media?parent=57737"}],"wp:term":[{"taxonomy":"pwb-brand","embeddable":true,"href":"https:\/\/skinstudio.ee\/lt\/wp-json\/wp\/v2\/pwb-brand?post=57737"},{"taxonomy":"product_brand","embeddable":true,"href":"https:\/\/skinstudio.ee\/lt\/wp-json\/wp\/v2\/product_brand?post=57737"},{"taxonomy":"product_cat","embeddable":true,"href":"https:\/\/skinstudio.ee\/lt\/wp-json\/wp\/v2\/product_cat?post=57737"},{"taxonomy":"product_tag","embeddable":true,"href":"https:\/\/skinstudio.ee\/lt\/wp-json\/wp\/v2\/product_tag?post=57737"},{"taxonomy":"giftcard-category","embeddable":true,"href":"https:\/\/skinstudio.ee\/lt\/wp-json\/wp\/v2\/giftcard-category?post=57737"}],"curies":[{"name":"wp","href":"https:\/\/api.w.org\/{rel}","templated":true}]}}